{"id":3904,"date":"2022-05-25T16:24:33","date_gmt":"2022-05-25T16:24:33","guid":{"rendered":"https:\/\/phisurgery.ca\/notre-equipe\/"},"modified":"2025-10-31T20:08:16","modified_gmt":"2025-10-31T20:08:16","slug":"notre-equipe","status":"publish","type":"page","link":"https:\/\/www.phisurgery.ca\/fr\/notre-equipe\/","title":{"rendered":"Notre \u00e9quipe"},"content":{"rendered":"<p>[vc_row css_animation=\u00a0\u00bb\u00a0\u00bb row_type=\u00a0\u00bbrow\u00a0\u00bb use_row_as_full_screen_section=\u00a0\u00bbno\u00a0\u00bb type=\u00a0\u00bbgrid\u00a0\u00bb angled_section=\u00a0\u00bbno\u00a0\u00bb text_align=\u00a0\u00bbleft\u00a0\u00bb background_image_as_pattern=\u00a0\u00bbwithout_pattern\u00a0\u00bb z_index=\u00a0\u00bb\u00a0\u00bb el_class=\u00a0\u00bbflex-center\u00a0\u00bb el_id=\u00a0\u00bbnewhero\u00a0\u00bb][vc_column width=\u00a0\u00bb1\/2&Prime;][vc_single_image image=\u00a0\u00bb5037&Prime; img_size=\u00a0\u00bbfull\u00a0\u00bb qode_css_animation=\u00a0\u00bb\u00a0\u00bb][\/vc_column][vc_column width=\u00a0\u00bb1\/2&Prime;][vc_empty_space height=\u00a0\u00bb40px\u00a0\u00bb el_class=\u00a0\u00bbshow-sm\u00a0\u00bb][vc_column_text el_class=\u00a0\u00bbheading\u00a0\u00bb]<\/p>\n<h2>Notre \u00e9quipe<\/h2>\n<p>Rencontrez les membres de la Clinique de Chirurgie Plastique Phi[\/vc_column_text][\/vc_column][\/vc_row][vc_row css_animation=\u00a0\u00bb\u00a0\u00bb row_type=\u00a0\u00bbrow\u00a0\u00bb use_row_as_full_screen_section=\u00a0\u00bbno\u00a0\u00bb type=\u00a0\u00bbgrid\u00a0\u00bb angled_section=\u00a0\u00bbno\u00a0\u00bb text_align=\u00a0\u00bbleft\u00a0\u00bb background_image_as_pattern=\u00a0\u00bbwithout_pattern\u00a0\u00bb z_index=\u00a0\u00bb\u00a0\u00bb][vc_column][vc_column_text el_class=\u00a0\u00bbteam-cols\u00a0\u00bb]Imaginez un cabinet esth\u00e9tique o\u00f9 vous avez non seulement acc\u00e8s \u00e0 une chirurgienne plasticienne hautement qualifi\u00e9e, mais aussi \u00e0 des sp\u00e9cialistes non chirurgicaux qui collaborent et partagent leur expertise afin de maximiser les r\u00e9sultats pour leurs patients. C\u2019est le cas chez la Clinique Chirurgie Phi. Notre \u00e9quipe vous offre une approche unique et innovatrice en soins esth\u00e9tiques, qui inclut les traitements au spa m\u00e9dical, les injections de rajeunissement du visage et des chirurgies du visage et du corps.<\/p>\n<p>Chaque membre de l\u2019\u00e9quipe de la Clinique de Chirurgie Plastique Phi apport une expertise diff\u00e9rente. Toute notre \u00e9quipe travaille ensemble pour vous donner les meilleurs soins possibles. Nous collaborons pour nous assurer que les plans de traitement de nos patients soient personnalis\u00e9s en fonction de leurs besoins. Nous sommes fi\u00e8res de toujours \u00eatre \u00e0 l\u2019aff\u00fbt des derni\u00e8res technologies et des traitements les plus r\u00e9cents et les plus performants.<\/p>\n<p>La collaboration entre notre \u00e9quipe chirurgicale et l\u2019\u00e9quipe d\u2019infirmi\u00e8res est un \u00e9l\u00e9ment cl\u00e9 de notre pratique qui n\u2019existe tout simplement pas dans la plupart des autres cliniques.<\/p>\n<p>Puisque nous travaillons en \u00e9troite collaboration sous le m\u00eame toit, nos patients ont acc\u00e8s \u00e0 pratiquement toutes les options de traitement. Cela permet \u00e0 nos sp\u00e9cialistes de personnaliser enti\u00e8rement les plans de traitement pour optimiser les r\u00e9sultats esth\u00e9tiques.[\/vc_column_text][\/vc_column][\/vc_row][vc_row css_animation=\u00a0\u00bb\u00a0\u00bb row_type=\u00a0\u00bbrow\u00a0\u00bb use_row_as_full_screen_section=\u00a0\u00bbno\u00a0\u00bb type=\u00a0\u00bbgrid\u00a0\u00bb angled_section=\u00a0\u00bbno\u00a0\u00bb text_align=\u00a0\u00bbleft\u00a0\u00bb background_image_as_pattern=\u00a0\u00bbwithout_pattern\u00a0\u00bb z_index=\u00a0\u00bb\u00a0\u00bb el_class=\u00a0\u00bbgood\u00a0\u00bb][vc_column][vc_column_text el_class=\u00a0\u00bbmeet-memb\u00a0\u00bb]<\/p>\n<h2 style=\"text-align: center;\">Rencontrez les membres de l\u2019\u00e9quipe de la Clinique Phi<\/h2>\n<p style=\"text-align: center;\">Chaque membre de l\u2019\u00e9quipe de la Clinique Phi est unique. Nous pensons donc qu\u2019il est temps que vous appreniez \u00e0 les conna\u00eetre un peu mieux !<\/p>\n<p>[\/vc_column_text][\/vc_column][\/vc_row][vc_row css_animation=\u00a0\u00bb\u00a0\u00bb row_type=\u00a0\u00bbrow\u00a0\u00bb use_row_as_full_screen_section=\u00a0\u00bbno\u00a0\u00bb type=\u00a0\u00bbgrid\u00a0\u00bb angled_section=\u00a0\u00bbno\u00a0\u00bb text_align=\u00a0\u00bbleft\u00a0\u00bb background_image_as_pattern=\u00a0\u00bbwithout_pattern\u00a0\u00bb z_index=\u00a0\u00bb\u00a0\u00bb el_class=\u00a0\u00bbflex-center\u00a0\u00bb][vc_column width=\u00a0\u00bb1\/2&Prime;][vc_single_image image=\u00a0\u00bb3168&Prime; img_size=\u00a0\u00bbfull\u00a0\u00bb qode_css_animation=\u00a0\u00bb\u00a0\u00bb el_class=\u00a0\u00bbphi\u00a0\u00bb][\/vc_column][vc_column width=\u00a0\u00bb1\/2&Prime;][vc_empty_space height=\u00a0\u00bb40px\u00a0\u00bb el_class=\u00a0\u00bbshow-sm\u00a0\u00bb][vc_column_text el_class=\u00a0\u00bbmemberper\u00a0\u00bb]<\/p>\n<h3>Dre Perry Gdalevitch<\/h3>\n<p>MD, FRCSC, MSc, FACS, EMBA<br \/>\nChirurgienne plasticienne certifi\u00e9e de l\u2019American Board of Plastic Surgery et du Coll\u00e8ge royal des m\u00e9decins et chirurgiens du Canada.[\/vc_column_text]<script>console.log(\"left\");<\/script><div style=\"text-align:left\"><a href=\"\/fr\/rencontrez-dre-perry-gdalevitch\/\" class=\"button button--mimas \" target=\"_self\"><div class=\"btn__bg\"><\/div><span>VOIR LA BIOGRAPHIE<\/span><\/a><\/div>[\/vc_column][\/vc_row][vc_row css_animation=\u00a0\u00bb\u00a0\u00bb row_type=\u00a0\u00bbrow\u00a0\u00bb use_row_as_full_screen_section=\u00a0\u00bbno\u00a0\u00bb type=\u00a0\u00bbgrid\u00a0\u00bb angled_section=\u00a0\u00bbno\u00a0\u00bb text_align=\u00a0\u00bbleft\u00a0\u00bb background_image_as_pattern=\u00a0\u00bbwithout_pattern\u00a0\u00bb z_index=\u00a0\u00bb\u00a0\u00bb el_id=\u00a0\u00bbteam\u00a0\u00bb][vc_column width=\u00a0\u00bb1\/4&Prime;][vc_single_image image=\u00a0\u00bb5029&Prime; img_size=\u00a0\u00bbfull\u00a0\u00bb qode_css_animation=\u00a0\u00bb\u00a0\u00bb el_class=\u00a0\u00bbphi\u00a0\u00bb][\/vc_column][vc_column width=\u00a0\u00bb1\/4&Prime;][vc_column_text el_class=\u00a0\u00bbmember\u00a0\u00bb]<\/p>\n<h4>M\u00e9lanie<\/h4>\n<p>Infirmi\u00e8re en chef du bloc op\u00e9ratoire[\/vc_column_text]<script>console.log(\"left\");<\/script><div style=\"text-align:left\"><a href=\"\/fr\/notre-equipe\/melanie-turgeon\/\" class=\"button button--mimas \" target=\"_self\"><div class=\"btn__bg\"><\/div><span>VOIR LA BIOGRAPHIE<\/span><\/a><\/div>[\/vc_column][vc_column width=\u00a0\u00bb1\/4&Prime;][vc_single_image image=\u00a0\u00bb5031&Prime; img_size=\u00a0\u00bbfull\u00a0\u00bb qode_css_animation=\u00a0\u00bb\u00a0\u00bb el_class=\u00a0\u00bbphi\u00a0\u00bb][\/vc_column][vc_column width=\u00a0\u00bb1\/4&Prime;][vc_column_text el_class=\u00a0\u00bbmember\u00a0\u00bb]<\/p>\n<h4>Kristina<\/h4>\n<p>Coordinatrice Chirurgicale et Esth\u00e9ticienne<\/p>\n<p>[\/vc_column_text]<script>console.log(\"left\");<\/script><div style=\"text-align:left\"><a href=\"\/fr\/notre-equipe\/kristina-patel\/\" class=\"button button--mimas \" target=\"_self\"><div class=\"btn__bg\"><\/div><span>VOIR LA BIOGRAPHIE<\/span><\/a><\/div>[\/vc_column][vc_column width=\u00a0\u00bb1\/4&Prime;][vc_single_image image=\u00a0\u00bb10787&Prime; img_size=\u00a0\u00bbfull\u00a0\u00bb qode_css_animation=\u00a0\u00bb\u00a0\u00bb el_class=\u00a0\u00bbphi\u00a0\u00bb][\/vc_column][vc_column width=\u00a0\u00bb1\/4&Prime;][vc_column_text el_class=\u00a0\u00bbmember\u00a0\u00bb]<\/p>\n<h4>Shana<\/h4>\n<p>Infirmi\u00e8re injectrice[\/vc_column_text][\/vc_column][vc_column width=\u00a0\u00bb1\/4&Prime;][vc_single_image image=\u00a0\u00bb10785&Prime; img_size=\u00a0\u00bbfull\u00a0\u00bb qode_css_animation=\u00a0\u00bb\u00a0\u00bb el_class=\u00a0\u00bbphi\u00a0\u00bb][\/vc_column][vc_column width=\u00a0\u00bb1\/4&Prime;][vc_column_text el_class=\u00a0\u00bbmember\u00a0\u00bb]<\/p>\n<h4>Kajal<\/h4>\n<p>Coordinatrice des patients<\/p>\n<p>[\/vc_column_text][\/vc_column][\/vc_row]<\/p>\n","protected":false},"excerpt":{"rendered":"<p>Rencontrez les membres de Phi Plastic Surgery<\/p>\n","protected":false},"author":1,"featured_media":3167,"parent":0,"menu_order":0,"comment_status":"closed","ping_status":"closed","template":"full_width.php","meta":{"footnotes":""},"class_list":["post-3904","page","type-page","status-publish","has-post-thumbnail","hentry"],"yoast_head":"<!-- This site is optimized with the Yoast SEO Premium plugin v27.5 (Yoast SEO v27.5) - https:\/\/yoast.com\/product\/yoast-seo-premium-wordpress\/ -->\n<title>Notre \u00e9quipe | Chirurgie Plastique \u00e0 Montr\u00e9al<\/title>\n<meta name=\"description\" content=\"Notre \u00e9quipe | Chirurgie Plastique et Esth\u00e9tique \u00e0 Montr\u00e9al par la Dre Perry Gdalevitch, plasticienne\" \/>\n<meta name=\"robots\" content=\"index, follow, max-snippet:-1, max-image-preview:large, max-video-preview:-1\" \/>\n<link rel=\"canonical\" href=\"https:\/\/www.phisurgery.ca\/fr\/notre-equipe\/\" \/>\n<meta property=\"og:locale\" content=\"fr_FR\" \/>\n<meta property=\"og:type\" content=\"article\" \/>\n<meta property=\"og:title\" content=\"Notre \u00e9quipe\" \/>\n<meta property=\"og:description\" content=\"Notre \u00e9quipe | Chirurgie Plastique et Esth\u00e9tique \u00e0 Montr\u00e9al par la Dre Perry Gdalevitch, plasticienne\" \/>\n<meta property=\"og:url\" content=\"https:\/\/www.phisurgery.ca\/fr\/notre-equipe\/\" \/>\n<meta property=\"og:site_name\" content=\"Chirurgie Plastique Phi\" \/>\n<meta property=\"article:publisher\" content=\"https:\/\/www.facebook.com\/profile.php?id=100076054756282\" \/>\n<meta property=\"article:modified_time\" content=\"2025-10-31T20:08:16+00:00\" \/>\n<meta property=\"og:image\" content=\"https:\/\/www.phisurgery.ca\/wp-content\/uploads\/2022\/06\/DSCF0744.jpg\" \/>\n\t<meta property=\"og:image:width\" content=\"1920\" \/>\n\t<meta property=\"og:image:height\" content=\"980\" \/>\n\t<meta property=\"og:image:type\" content=\"image\/jpeg\" \/>\n<meta name=\"twitter:card\" content=\"summary_large_image\" \/>\n<meta name=\"twitter:label1\" content=\"Dur\u00e9e de lecture estim\u00e9e\" \/>\n\t<meta name=\"twitter:data1\" content=\"3 minutes\" \/>\n<script type=\"application\/ld+json\" class=\"yoast-schema-graph\">{\"@context\":\"https:\\\/\\\/schema.org\",\"@graph\":[{\"@type\":\"WebPage\",\"@id\":\"https:\\\/\\\/www.phisurgery.ca\\\/fr\\\/notre-equipe\\\/\",\"url\":\"https:\\\/\\\/www.phisurgery.ca\\\/fr\\\/notre-equipe\\\/\",\"name\":\"Notre \u00e9quipe | Chirurgie Plastique \u00e0 Montr\u00e9al\",\"isPartOf\":{\"@id\":\"https:\\\/\\\/www.phisurgery.ca\\\/fr\\\/#website\"},\"primaryImageOfPage\":{\"@id\":\"https:\\\/\\\/www.phisurgery.ca\\\/fr\\\/notre-equipe\\\/#primaryimage\"},\"image\":{\"@id\":\"https:\\\/\\\/www.phisurgery.ca\\\/fr\\\/notre-equipe\\\/#primaryimage\"},\"thumbnailUrl\":\"https:\\\/\\\/www.phisurgery.ca\\\/wp-content\\\/uploads\\\/2022\\\/06\\\/DSCF0744.jpg\",\"datePublished\":\"2022-05-25T16:24:33+00:00\",\"dateModified\":\"2025-10-31T20:08:16+00:00\",\"description\":\"Notre \u00e9quipe | Chirurgie Plastique et Esth\u00e9tique \u00e0 Montr\u00e9al par la Dre Perry Gdalevitch, plasticienne\",\"breadcrumb\":{\"@id\":\"https:\\\/\\\/www.phisurgery.ca\\\/fr\\\/notre-equipe\\\/#breadcrumb\"},\"inLanguage\":\"fr-FR\",\"potentialAction\":[{\"@type\":\"ReadAction\",\"target\":[\"https:\\\/\\\/www.phisurgery.ca\\\/fr\\\/notre-equipe\\\/\"]}]},{\"@type\":\"ImageObject\",\"inLanguage\":\"fr-FR\",\"@id\":\"https:\\\/\\\/www.phisurgery.ca\\\/fr\\\/notre-equipe\\\/#primaryimage\",\"url\":\"https:\\\/\\\/www.phisurgery.ca\\\/wp-content\\\/uploads\\\/2022\\\/06\\\/DSCF0744.jpg\",\"contentUrl\":\"https:\\\/\\\/www.phisurgery.ca\\\/wp-content\\\/uploads\\\/2022\\\/06\\\/DSCF0744.jpg\",\"width\":1920,\"height\":980},{\"@type\":\"BreadcrumbList\",\"@id\":\"https:\\\/\\\/www.phisurgery.ca\\\/fr\\\/notre-equipe\\\/#breadcrumb\",\"itemListElement\":[{\"@type\":\"ListItem\",\"position\":1,\"name\":\"Home\",\"item\":\"https:\\\/\\\/www.phisurgery.ca\\\/fr\\\/\"},{\"@type\":\"ListItem\",\"position\":2,\"name\":\"Notre \u00e9quipe\"}]},{\"@type\":\"WebSite\",\"@id\":\"https:\\\/\\\/www.phisurgery.ca\\\/fr\\\/#website\",\"url\":\"https:\\\/\\\/www.phisurgery.ca\\\/fr\\\/\",\"name\":\"PHI Plastic Surgery\",\"description\":\"\",\"publisher\":{\"@id\":\"https:\\\/\\\/www.phisurgery.ca\\\/fr\\\/#organization\"},\"potentialAction\":[{\"@type\":\"SearchAction\",\"target\":{\"@type\":\"EntryPoint\",\"urlTemplate\":\"https:\\\/\\\/www.phisurgery.ca\\\/fr\\\/?s={search_term_string}\"},\"query-input\":{\"@type\":\"PropertyValueSpecification\",\"valueRequired\":true,\"valueName\":\"search_term_string\"}}],\"inLanguage\":\"fr-FR\"},{\"@type\":\"Organization\",\"@id\":\"https:\\\/\\\/www.phisurgery.ca\\\/fr\\\/#organization\",\"name\":\"PHI Plastic Surgery\",\"url\":\"https:\\\/\\\/www.phisurgery.ca\\\/fr\\\/\",\"logo\":{\"@type\":\"ImageObject\",\"inLanguage\":\"fr-FR\",\"@id\":\"https:\\\/\\\/www.phisurgery.ca\\\/fr\\\/#\\\/schema\\\/logo\\\/image\\\/\",\"url\":\"https:\\\/\\\/phisurgery.ca\\\/wp-content\\\/uploads\\\/2022\\\/07\\\/phi-logo-letters.png\",\"contentUrl\":\"https:\\\/\\\/phisurgery.ca\\\/wp-content\\\/uploads\\\/2022\\\/07\\\/phi-logo-letters.png\",\"width\":240,\"height\":240,\"caption\":\"PHI Plastic Surgery\"},\"image\":{\"@id\":\"https:\\\/\\\/www.phisurgery.ca\\\/fr\\\/#\\\/schema\\\/logo\\\/image\\\/\"},\"sameAs\":[\"https:\\\/\\\/www.facebook.com\\\/profile.php?id=100076054756282\",\"https:\\\/\\\/www.instagram.com\\\/phisurgery\\\/\",\"https:\\\/\\\/www.linkedin.com\\\/company\\\/phisurgery\",\"https:\\\/\\\/www.ratemds.com\\\/doctor-ratings\\\/3508573\\\/Dr-Perry-Gdalevitch-Vancouver-BC.html\"]}]}<\/script>\n<!-- \/ Yoast SEO Premium plugin. -->","yoast_head_json":{"title":"Notre \u00e9quipe | Chirurgie Plastique \u00e0 Montr\u00e9al","description":"Notre \u00e9quipe | Chirurgie Plastique et Esth\u00e9tique \u00e0 Montr\u00e9al par la Dre Perry Gdalevitch, plasticienne","robots":{"index":"index","follow":"follow","max-snippet":"max-snippet:-1","max-image-preview":"max-image-preview:large","max-video-preview":"max-video-preview:-1"},"canonical":"https:\/\/www.phisurgery.ca\/fr\/notre-equipe\/","og_locale":"fr_FR","og_type":"article","og_title":"Notre \u00e9quipe","og_description":"Notre \u00e9quipe | Chirurgie Plastique et Esth\u00e9tique \u00e0 Montr\u00e9al par la Dre Perry Gdalevitch, plasticienne","og_url":"https:\/\/www.phisurgery.ca\/fr\/notre-equipe\/","og_site_name":"Chirurgie Plastique Phi","article_publisher":"https:\/\/www.facebook.com\/profile.php?id=100076054756282","article_modified_time":"2025-10-31T20:08:16+00:00","og_image":[{"width":1920,"height":980,"url":"https:\/\/www.phisurgery.ca\/wp-content\/uploads\/2022\/06\/DSCF0744.jpg","type":"image\/jpeg"}],"twitter_card":"summary_large_image","twitter_misc":{"Dur\u00e9e de lecture estim\u00e9e":"3 minutes"},"schema":{"@context":"https:\/\/schema.org","@graph":[{"@type":"WebPage","@id":"https:\/\/www.phisurgery.ca\/fr\/notre-equipe\/","url":"https:\/\/www.phisurgery.ca\/fr\/notre-equipe\/","name":"Notre \u00e9quipe | Chirurgie Plastique \u00e0 Montr\u00e9al","isPartOf":{"@id":"https:\/\/www.phisurgery.ca\/fr\/#website"},"primaryImageOfPage":{"@id":"https:\/\/www.phisurgery.ca\/fr\/notre-equipe\/#primaryimage"},"image":{"@id":"https:\/\/www.phisurgery.ca\/fr\/notre-equipe\/#primaryimage"},"thumbnailUrl":"https:\/\/www.phisurgery.ca\/wp-content\/uploads\/2022\/06\/DSCF0744.jpg","datePublished":"2022-05-25T16:24:33+00:00","dateModified":"2025-10-31T20:08:16+00:00","description":"Notre \u00e9quipe | Chirurgie Plastique et Esth\u00e9tique \u00e0 Montr\u00e9al par la Dre Perry Gdalevitch, plasticienne","breadcrumb":{"@id":"https:\/\/www.phisurgery.ca\/fr\/notre-equipe\/#breadcrumb"},"inLanguage":"fr-FR","potentialAction":[{"@type":"ReadAction","target":["https:\/\/www.phisurgery.ca\/fr\/notre-equipe\/"]}]},{"@type":"ImageObject","inLanguage":"fr-FR","@id":"https:\/\/www.phisurgery.ca\/fr\/notre-equipe\/#primaryimage","url":"https:\/\/www.phisurgery.ca\/wp-content\/uploads\/2022\/06\/DSCF0744.jpg","contentUrl":"https:\/\/www.phisurgery.ca\/wp-content\/uploads\/2022\/06\/DSCF0744.jpg","width":1920,"height":980},{"@type":"BreadcrumbList","@id":"https:\/\/www.phisurgery.ca\/fr\/notre-equipe\/#breadcrumb","itemListElement":[{"@type":"ListItem","position":1,"name":"Home","item":"https:\/\/www.phisurgery.ca\/fr\/"},{"@type":"ListItem","position":2,"name":"Notre \u00e9quipe"}]},{"@type":"WebSite","@id":"https:\/\/www.phisurgery.ca\/fr\/#website","url":"https:\/\/www.phisurgery.ca\/fr\/","name":"PHI Plastic Surgery","description":"","publisher":{"@id":"https:\/\/www.phisurgery.ca\/fr\/#organization"},"potentialAction":[{"@type":"SearchAction","target":{"@type":"EntryPoint","urlTemplate":"https:\/\/www.phisurgery.ca\/fr\/?s={search_term_string}"},"query-input":{"@type":"PropertyValueSpecification","valueRequired":true,"valueName":"search_term_string"}}],"inLanguage":"fr-FR"},{"@type":"Organization","@id":"https:\/\/www.phisurgery.ca\/fr\/#organization","name":"PHI Plastic Surgery","url":"https:\/\/www.phisurgery.ca\/fr\/","logo":{"@type":"ImageObject","inLanguage":"fr-FR","@id":"https:\/\/www.phisurgery.ca\/fr\/#\/schema\/logo\/image\/","url":"https:\/\/phisurgery.ca\/wp-content\/uploads\/2022\/07\/phi-logo-letters.png","contentUrl":"https:\/\/phisurgery.ca\/wp-content\/uploads\/2022\/07\/phi-logo-letters.png","width":240,"height":240,"caption":"PHI Plastic Surgery"},"image":{"@id":"https:\/\/www.phisurgery.ca\/fr\/#\/schema\/logo\/image\/"},"sameAs":["https:\/\/www.facebook.com\/profile.php?id=100076054756282","https:\/\/www.instagram.com\/phisurgery\/","https:\/\/www.linkedin.com\/company\/phisurgery","https:\/\/www.ratemds.com\/doctor-ratings\/3508573\/Dr-Perry-Gdalevitch-Vancouver-BC.html"]}]}},"acf":[],"_links":{"self":[{"href":"https:\/\/www.phisurgery.ca\/fr\/wp-json\/wp\/v2\/pages\/3904","targetHints":{"allow":["GET"]}}],"collection":[{"href":"https:\/\/www.phisurgery.ca\/fr\/wp-json\/wp\/v2\/pages"}],"about":[{"href":"https:\/\/www.phisurgery.ca\/fr\/wp-json\/wp\/v2\/types\/page"}],"author":[{"embeddable":true,"href":"https:\/\/www.phisurgery.ca\/fr\/wp-json\/wp\/v2\/users\/1"}],"replies":[{"embeddable":true,"href":"https:\/\/www.phisurgery.ca\/fr\/wp-json\/wp\/v2\/comments?post=3904"}],"version-history":[{"count":20,"href":"https:\/\/www.phisurgery.ca\/fr\/wp-json\/wp\/v2\/pages\/3904\/revisions"}],"predecessor-version":[{"id":10837,"href":"https:\/\/www.phisurgery.ca\/fr\/wp-json\/wp\/v2\/pages\/3904\/revisions\/10837"}],"wp:featuredmedia":[{"embeddable":true,"href":"https:\/\/www.phisurgery.ca\/fr\/wp-json\/wp\/v2\/media\/3167"}],"wp:attachment":[{"href":"https:\/\/www.phisurgery.ca\/fr\/wp-json\/wp\/v2\/media?parent=3904"}],"curies":[{"name":"wp","href":"https:\/\/api.w.org\/{rel}","templated":true}]}}