{"id":3911,"date":"2022-07-06T16:46:01","date_gmt":"2022-07-06T16:46:01","guid":{"rendered":"https:\/\/phisurgery.ca\/notre-equipe\/kristina-patel\/"},"modified":"2023-03-21T19:51:42","modified_gmt":"2023-03-21T19:51:42","slug":"kristina-patel","status":"publish","type":"page","link":"https:\/\/www.phisurgery.ca\/fr\/notre-equipe\/kristina-patel\/","title":{"rendered":"Kristina Patel"},"content":{"rendered":"<p>[vc_row css_animation=\u00a0\u00bb\u00a0\u00bb row_type=\u00a0\u00bbrow\u00a0\u00bb use_row_as_full_screen_section=\u00a0\u00bbno\u00a0\u00bb type=\u00a0\u00bbgrid\u00a0\u00bb angled_section=\u00a0\u00bbno\u00a0\u00bb text_align=\u00a0\u00bbleft\u00a0\u00bb background_image_as_pattern=\u00a0\u00bbwithout_pattern\u00a0\u00bb z_index=\u00a0\u00bb\u00a0\u00bb el_class=\u00a0\u00bbflex-center\u00a0\u00bb][vc_column width=\u00a0\u00bb1\/2&Prime;][vc_single_image image=\u00a0\u00bb5031&Prime; img_size=\u00a0\u00bbfull\u00a0\u00bb qode_css_animation=\u00a0\u00bb\u00a0\u00bb el_class=\u00a0\u00bbphi\u00a0\u00bb][\/vc_column][vc_column width=\u00a0\u00bb1\/2&Prime;][vc_column_text]<\/p>\n<h3 class=\"nurse\">Kristina Patel <em>Esth\u00e9ticienne<\/em><\/h3>\n<p>En tant qu\u2019esth\u00e9ticienne m\u00e9dicale et technicienne en \u00e9lectrolyse et au laser, je souhaite aider mes patients \u00e0 atteindre leurs objectifs en mati\u00e8re de soins de la peau et d\u2019\u00e9pilation. Je veille toujours \u00e0 \u00eatre \u00e0 l\u2019\u00e9coute de leurs besoins et pr\u00e9occupations, tout en leur offrant un sentiment de s\u00e9curit\u00e9, d\u2019aise et de d\u00e9tente. La peau est le plus grand organe du corps et mon objectif est d\u2019aider les patients \u00e0 bien se sentir dans leur propre peau, que ce soit \u00e0 l\u2019aide de traitements du visage ou de l\u2019\u00e9pilation des poils ind\u00e9sirables.<\/p>\n<p>En travaillant \u00e0 la Clinique de Chirurgie Plastique Phi, je suis en mesure d\u2019atteindre vos objectifs en proposant les traitements suivants :<\/p>\n<ul class=\"checkmarks\">\n<li>Facial;<\/li>\n<li>Microdermabrasion;<\/li>\n<li>Peeling chimique;<\/li>\n<li>\u00c9lectrolyse;<\/li>\n<li>Traitement par micro-aiguilles (Microneedling);<\/li>\n<li>Photorajeunissement avec Lumecca IPL;<\/li>\n<li>Traitement de veines d&rsquo;araign\u00e9es;<\/li>\n<li>\u00c9pilation au laser.<\/li>\n<\/ul>\n<p>[\/vc_column_text][\/vc_column][\/vc_row]<\/p>\n","protected":false},"excerpt":{"rendered":"<p>[vc_row css_animation=\u00a0\u00bb\u00a0\u00bb row_type=\u00a0\u00bbrow\u00a0\u00bb use_row_as_full_screen_section=\u00a0\u00bbno\u00a0\u00bb type=\u00a0\u00bbgrid\u00a0\u00bb angled_section=\u00a0\u00bbno\u00a0\u00bb text_align=\u00a0\u00bbleft\u00a0\u00bb background_image_as_pattern=\u00a0\u00bbwithout_pattern\u00a0\u00bb z_index=\u00a0\u00bb\u00a0\u00bb el_class=\u00a0\u00bbflex-center\u00a0\u00bb][vc_column width=\u00a0\u00bb1\/2&Prime;][vc_single_image image=\u00a0\u00bb5031&Prime; img_size=\u00a0\u00bbfull\u00a0\u00bb qode_css_animation=\u00a0\u00bb\u00a0\u00bb el_class=\u00a0\u00bbphi\u00a0\u00bb][\/vc_column][vc_column width=\u00a0\u00bb1\/2&Prime;][vc_column_text] Kristina Patel Esth\u00e9ticienne En tant qu\u2019esth\u00e9ticienne m\u00e9dicale et technicienne en \u00e9lectrolyse et au laser, je souhaite aider mes patients \u00e0 atteindre leurs objectifs en mati\u00e8re de soins de la&#8230;<\/p>\n","protected":false},"author":1,"featured_media":0,"parent":3904,"menu_order":0,"comment_status":"closed","ping_status":"closed","template":"full_width.php","meta":{"footnotes":""},"class_list":["post-3911","page","type-page","status-publish","hentry"],"yoast_head":"<!-- This site is optimized with the Yoast SEO plugin v26.2 - https:\/\/yoast.com\/wordpress\/plugins\/seo\/ -->\n<title>Kristina Patel | Chirurgie Plastique \u00e0 Montr\u00e9al<\/title>\n<meta name=\"description\" content=\"Kristina Patel | Chirurgie Plastique et Esth\u00e9tique \u00e0 Montr\u00e9al par la Dre Perry Gdalevitch, plasticienne\" \/>\n<meta name=\"robots\" content=\"index, follow, max-snippet:-1, max-image-preview:large, max-video-preview:-1\" \/>\n<link rel=\"canonical\" href=\"https:\/\/www.phisurgery.ca\/fr\/notre-equipe\/kristina-patel\/\" \/>\n<meta property=\"og:locale\" content=\"fr_FR\" \/>\n<meta property=\"og:type\" content=\"article\" \/>\n<meta property=\"og:title\" content=\"Kristina Patel | Chirurgie Plastique \u00e0 Montr\u00e9al\" \/>\n<meta property=\"og:description\" content=\"Kristina Patel | Chirurgie Plastique et Esth\u00e9tique \u00e0 Montr\u00e9al par la Dre Perry Gdalevitch, plasticienne\" \/>\n<meta property=\"og:url\" content=\"https:\/\/www.phisurgery.ca\/fr\/notre-equipe\/kristina-patel\/\" \/>\n<meta property=\"og:site_name\" content=\"Chirurgie Plastique Phi\" \/>\n<meta property=\"article:publisher\" content=\"https:\/\/www.facebook.com\/profile.php?id=100076054756282\" \/>\n<meta property=\"article:modified_time\" content=\"2023-03-21T19:51:42+00:00\" \/>\n<meta name=\"twitter:card\" content=\"summary_large_image\" \/>\n<meta name=\"twitter:label1\" content=\"Dur\u00e9e de lecture estim\u00e9e\" \/>\n\t<meta name=\"twitter:data1\" content=\"1 minute\" \/>\n<script type=\"application\/ld+json\" class=\"yoast-schema-graph\">{\"@context\":\"https:\/\/schema.org\",\"@graph\":[{\"@type\":\"WebPage\",\"@id\":\"https:\/\/www.phisurgery.ca\/fr\/notre-equipe\/kristina-patel\/\",\"url\":\"https:\/\/www.phisurgery.ca\/fr\/notre-equipe\/kristina-patel\/\",\"name\":\"Kristina Patel | Chirurgie Plastique \u00e0 Montr\u00e9al\",\"isPartOf\":{\"@id\":\"https:\/\/www.phisurgery.ca\/fr\/#website\"},\"datePublished\":\"2022-07-06T16:46:01+00:00\",\"dateModified\":\"2023-03-21T19:51:42+00:00\",\"description\":\"Kristina Patel | Chirurgie Plastique et Esth\u00e9tique \u00e0 Montr\u00e9al par la Dre Perry Gdalevitch, plasticienne\",\"breadcrumb\":{\"@id\":\"https:\/\/www.phisurgery.ca\/fr\/notre-equipe\/kristina-patel\/#breadcrumb\"},\"inLanguage\":\"fr-FR\",\"potentialAction\":[{\"@type\":\"ReadAction\",\"target\":[\"https:\/\/www.phisurgery.ca\/fr\/notre-equipe\/kristina-patel\/\"]}]},{\"@type\":\"BreadcrumbList\",\"@id\":\"https:\/\/www.phisurgery.ca\/fr\/notre-equipe\/kristina-patel\/#breadcrumb\",\"itemListElement\":[{\"@type\":\"ListItem\",\"position\":1,\"name\":\"Home\",\"item\":\"https:\/\/www.phisurgery.ca\/fr\/\"},{\"@type\":\"ListItem\",\"position\":2,\"name\":\"Notre \u00e9quipe\",\"item\":\"https:\/\/www.phisurgery.ca\/fr\/notre-equipe\/\"},{\"@type\":\"ListItem\",\"position\":3,\"name\":\"Kristina Patel\"}]},{\"@type\":\"WebSite\",\"@id\":\"https:\/\/www.phisurgery.ca\/fr\/#website\",\"url\":\"https:\/\/www.phisurgery.ca\/fr\/\",\"name\":\"PHI Plastic Surgery\",\"description\":\"\",\"publisher\":{\"@id\":\"https:\/\/www.phisurgery.ca\/fr\/#organization\"},\"potentialAction\":[{\"@type\":\"SearchAction\",\"target\":{\"@type\":\"EntryPoint\",\"urlTemplate\":\"https:\/\/www.phisurgery.ca\/fr\/?s={search_term_string}\"},\"query-input\":{\"@type\":\"PropertyValueSpecification\",\"valueRequired\":true,\"valueName\":\"search_term_string\"}}],\"inLanguage\":\"fr-FR\"},{\"@type\":\"Organization\",\"@id\":\"https:\/\/www.phisurgery.ca\/fr\/#organization\",\"name\":\"PHI Plastic Surgery\",\"url\":\"https:\/\/www.phisurgery.ca\/fr\/\",\"logo\":{\"@type\":\"ImageObject\",\"inLanguage\":\"fr-FR\",\"@id\":\"https:\/\/www.phisurgery.ca\/fr\/#\/schema\/logo\/image\/\",\"url\":\"https:\/\/phisurgery.ca\/wp-content\/uploads\/2022\/07\/phi-logo-letters.png\",\"contentUrl\":\"https:\/\/phisurgery.ca\/wp-content\/uploads\/2022\/07\/phi-logo-letters.png\",\"width\":240,\"height\":240,\"caption\":\"PHI Plastic Surgery\"},\"image\":{\"@id\":\"https:\/\/www.phisurgery.ca\/fr\/#\/schema\/logo\/image\/\"},\"sameAs\":[\"https:\/\/www.facebook.com\/profile.php?id=100076054756282\",\"https:\/\/www.instagram.com\/phisurgery\/\",\"https:\/\/www.linkedin.com\/company\/phisurgery\",\"https:\/\/www.ratemds.com\/doctor-ratings\/3508573\/Dr-Perry-Gdalevitch-Vancouver-BC.html\"]}]}<\/script>\n<!-- \/ Yoast SEO plugin. -->","yoast_head_json":{"title":"Kristina Patel | Chirurgie Plastique \u00e0 Montr\u00e9al","description":"Kristina Patel | Chirurgie Plastique et Esth\u00e9tique \u00e0 Montr\u00e9al par la Dre Perry Gdalevitch, plasticienne","robots":{"index":"index","follow":"follow","max-snippet":"max-snippet:-1","max-image-preview":"max-image-preview:large","max-video-preview":"max-video-preview:-1"},"canonical":"https:\/\/www.phisurgery.ca\/fr\/notre-equipe\/kristina-patel\/","og_locale":"fr_FR","og_type":"article","og_title":"Kristina Patel | Chirurgie Plastique \u00e0 Montr\u00e9al","og_description":"Kristina Patel | Chirurgie Plastique et Esth\u00e9tique \u00e0 Montr\u00e9al par la Dre Perry Gdalevitch, plasticienne","og_url":"https:\/\/www.phisurgery.ca\/fr\/notre-equipe\/kristina-patel\/","og_site_name":"Chirurgie Plastique Phi","article_publisher":"https:\/\/www.facebook.com\/profile.php?id=100076054756282","article_modified_time":"2023-03-21T19:51:42+00:00","twitter_card":"summary_large_image","twitter_misc":{"Dur\u00e9e de lecture estim\u00e9e":"1 minute"},"schema":{"@context":"https:\/\/schema.org","@graph":[{"@type":"WebPage","@id":"https:\/\/www.phisurgery.ca\/fr\/notre-equipe\/kristina-patel\/","url":"https:\/\/www.phisurgery.ca\/fr\/notre-equipe\/kristina-patel\/","name":"Kristina Patel | Chirurgie Plastique \u00e0 Montr\u00e9al","isPartOf":{"@id":"https:\/\/www.phisurgery.ca\/fr\/#website"},"datePublished":"2022-07-06T16:46:01+00:00","dateModified":"2023-03-21T19:51:42+00:00","description":"Kristina Patel | Chirurgie Plastique et Esth\u00e9tique \u00e0 Montr\u00e9al par la Dre Perry Gdalevitch, plasticienne","breadcrumb":{"@id":"https:\/\/www.phisurgery.ca\/fr\/notre-equipe\/kristina-patel\/#breadcrumb"},"inLanguage":"fr-FR","potentialAction":[{"@type":"ReadAction","target":["https:\/\/www.phisurgery.ca\/fr\/notre-equipe\/kristina-patel\/"]}]},{"@type":"BreadcrumbList","@id":"https:\/\/www.phisurgery.ca\/fr\/notre-equipe\/kristina-patel\/#breadcrumb","itemListElement":[{"@type":"ListItem","position":1,"name":"Home","item":"https:\/\/www.phisurgery.ca\/fr\/"},{"@type":"ListItem","position":2,"name":"Notre \u00e9quipe","item":"https:\/\/www.phisurgery.ca\/fr\/notre-equipe\/"},{"@type":"ListItem","position":3,"name":"Kristina Patel"}]},{"@type":"WebSite","@id":"https:\/\/www.phisurgery.ca\/fr\/#website","url":"https:\/\/www.phisurgery.ca\/fr\/","name":"PHI Plastic Surgery","description":"","publisher":{"@id":"https:\/\/www.phisurgery.ca\/fr\/#organization"},"potentialAction":[{"@type":"SearchAction","target":{"@type":"EntryPoint","urlTemplate":"https:\/\/www.phisurgery.ca\/fr\/?s={search_term_string}"},"query-input":{"@type":"PropertyValueSpecification","valueRequired":true,"valueName":"search_term_string"}}],"inLanguage":"fr-FR"},{"@type":"Organization","@id":"https:\/\/www.phisurgery.ca\/fr\/#organization","name":"PHI Plastic Surgery","url":"https:\/\/www.phisurgery.ca\/fr\/","logo":{"@type":"ImageObject","inLanguage":"fr-FR","@id":"https:\/\/www.phisurgery.ca\/fr\/#\/schema\/logo\/image\/","url":"https:\/\/phisurgery.ca\/wp-content\/uploads\/2022\/07\/phi-logo-letters.png","contentUrl":"https:\/\/phisurgery.ca\/wp-content\/uploads\/2022\/07\/phi-logo-letters.png","width":240,"height":240,"caption":"PHI Plastic Surgery"},"image":{"@id":"https:\/\/www.phisurgery.ca\/fr\/#\/schema\/logo\/image\/"},"sameAs":["https:\/\/www.facebook.com\/profile.php?id=100076054756282","https:\/\/www.instagram.com\/phisurgery\/","https:\/\/www.linkedin.com\/company\/phisurgery","https:\/\/www.ratemds.com\/doctor-ratings\/3508573\/Dr-Perry-Gdalevitch-Vancouver-BC.html"]}]}},"acf":[],"_links":{"self":[{"href":"https:\/\/www.phisurgery.ca\/fr\/wp-json\/wp\/v2\/pages\/3911","targetHints":{"allow":["GET"]}}],"collection":[{"href":"https:\/\/www.phisurgery.ca\/fr\/wp-json\/wp\/v2\/pages"}],"about":[{"href":"https:\/\/www.phisurgery.ca\/fr\/wp-json\/wp\/v2\/types\/page"}],"author":[{"embeddable":true,"href":"https:\/\/www.phisurgery.ca\/fr\/wp-json\/wp\/v2\/users\/1"}],"replies":[{"embeddable":true,"href":"https:\/\/www.phisurgery.ca\/fr\/wp-json\/wp\/v2\/comments?post=3911"}],"version-history":[{"count":10,"href":"https:\/\/www.phisurgery.ca\/fr\/wp-json\/wp\/v2\/pages\/3911\/revisions"}],"predecessor-version":[{"id":8170,"href":"https:\/\/www.phisurgery.ca\/fr\/wp-json\/wp\/v2\/pages\/3911\/revisions\/8170"}],"up":[{"embeddable":true,"href":"https:\/\/www.phisurgery.ca\/fr\/wp-json\/wp\/v2\/pages\/3904"}],"wp:attachment":[{"href":"https:\/\/www.phisurgery.ca\/fr\/wp-json\/wp\/v2\/media?parent=3911"}],"curies":[{"name":"wp","href":"https:\/\/api.w.org\/{rel}","templated":true}]}}