{"id":3983,"date":"2022-06-11T19:51:41","date_gmt":"2022-06-11T19:51:41","guid":{"rendered":"https:\/\/phisurgery.ca\/non-chirurgical\/"},"modified":"2022-11-16T12:13:50","modified_gmt":"2022-11-16T12:13:50","slug":"non-chirurgical","status":"publish","type":"page","link":"https:\/\/www.phisurgery.ca\/fr\/non-chirurgical\/","title":{"rendered":"Non-chirurgical"},"content":{"rendered":"<p>[vc_row css_animation=\u00a0\u00bb\u00a0\u00bb row_type=\u00a0\u00bbrow\u00a0\u00bb use_row_as_full_screen_section=\u00a0\u00bbno\u00a0\u00bb type=\u00a0\u00bbgrid\u00a0\u00bb angled_section=\u00a0\u00bbno\u00a0\u00bb text_align=\u00a0\u00bbleft\u00a0\u00bb background_image_as_pattern=\u00a0\u00bbwithout_pattern\u00a0\u00bb z_index=\u00a0\u00bb\u00a0\u00bb][vc_column][vc_column_text]<div class=\"proc-short gtc-15\"><div><a class=\"hood\" href=\"https:\/\/www.phisurgery.ca\/fr\/service\/accutite\/\"><figure>\n           <img loading=\"lazy\" decoding=\"async\" width=\"600\" height=\"800\" src=\"https:\/\/www.phisurgery.ca\/wp-content\/uploads\/2022\/05\/ACCUTITE-600x800.jpg\" class=\"attachment-portfolio-portrait size-portfolio-portrait wp-post-image\" alt=\"\" \/>\n             <figcaption>\n               <h3>AccuTite\u2122<\/h3>\n               <p><\/p>\n           <\/figcaption>\n       <\/figure><\/a><\/div><div><a class=\"hood\" href=\"https:\/\/www.phisurgery.ca\/fr\/service\/chemical-peels\/\"><figure>\n           <img loading=\"lazy\" decoding=\"async\" width=\"600\" height=\"800\" src=\"https:\/\/www.phisurgery.ca\/wp-content\/uploads\/2022\/05\/chempee-1-600x800.jpg\" class=\"attachment-portfolio-portrait size-portfolio-portrait wp-post-image\" alt=\"\" \/>\n             <figcaption>\n               <h3>Peelings chimiques<\/h3>\n               <p><\/p>\n           <\/figcaption>\n       <\/figure><\/a><\/div><div><a class=\"hood\" href=\"https:\/\/www.phisurgery.ca\/fr\/service\/dermal-fillers\/\"><figure>\n           <img loading=\"lazy\" decoding=\"async\" width=\"600\" height=\"800\" src=\"https:\/\/www.phisurgery.ca\/wp-content\/uploads\/2022\/05\/dermal-flz-600x800.jpg\" class=\"attachment-portfolio-portrait size-portfolio-portrait wp-post-image\" alt=\"\" \/>\n             <figcaption>\n               <h3>Agents de comblement<\/h3>\n               <p><\/p>\n           <\/figcaption>\n       <\/figure><\/a><\/div><div><a class=\"hood\" href=\"https:\/\/www.phisurgery.ca\/fr\/service\/double-menton\/\"><figure>\n           <img loading=\"lazy\" decoding=\"async\" width=\"600\" height=\"800\" src=\"https:\/\/www.phisurgery.ca\/wp-content\/uploads\/2022\/05\/double-chhh-600x800.jpg\" class=\"attachment-portfolio-portrait size-portfolio-portrait wp-post-image\" alt=\"\" \/>\n             <figcaption>\n               <h3>Double menton<\/h3>\n               <p><\/p>\n           <\/figcaption>\n       <\/figure><\/a><\/div><div><a class=\"hood\" href=\"https:\/\/www.phisurgery.ca\/fr\/service\/electrolyse\/\"><figure>\n           <img loading=\"lazy\" decoding=\"async\" width=\"600\" height=\"800\" src=\"https:\/\/www.phisurgery.ca\/wp-content\/uploads\/2022\/05\/ELECTROLYSIS-600x800.jpg\" class=\"attachment-portfolio-portrait size-portfolio-portrait wp-post-image\" alt=\"\" \/>\n             <figcaption>\n               <h3>\u00c9lectrolyse<\/h3>\n               <p><\/p>\n           <\/figcaption>\n       <\/figure><\/a><\/div><div><a class=\"hood\" href=\"https:\/\/www.phisurgery.ca\/fr\/service\/facetite\/\"><figure>\n           <img loading=\"lazy\" decoding=\"async\" width=\"600\" height=\"800\" src=\"https:\/\/www.phisurgery.ca\/wp-content\/uploads\/2022\/05\/FACETITE-600x800.jpg\" class=\"attachment-portfolio-portrait size-portfolio-portrait wp-post-image\" alt=\"\" \/>\n             <figcaption>\n               <h3>FaceTite\u2122<\/h3>\n               <p><\/p>\n           <\/figcaption>\n       <\/figure><\/a><\/div><div><a class=\"hood\" href=\"https:\/\/www.phisurgery.ca\/fr\/service\/facials\/\"><figure>\n           <img loading=\"lazy\" decoding=\"async\" width=\"600\" height=\"800\" src=\"https:\/\/www.phisurgery.ca\/wp-content\/uploads\/2022\/05\/FACIALS-600x800.jpg\" class=\"attachment-portfolio-portrait size-portfolio-portrait wp-post-image\" alt=\"\" \/>\n             <figcaption>\n               <h3>Soins du visage<\/h3>\n               <p><\/p>\n           <\/figcaption>\n       <\/figure><\/a><\/div><div><a class=\"hood\" href=\"https:\/\/www.phisurgery.ca\/fr\/service\/thread-lift\/\"><figure>\n           <img loading=\"lazy\" decoding=\"async\" width=\"600\" height=\"800\" src=\"https:\/\/www.phisurgery.ca\/wp-content\/uploads\/2022\/05\/13-600x800.jpg\" class=\"attachment-portfolio-portrait size-portfolio-portrait wp-post-image\" alt=\"\" \/>\n             <figcaption>\n               <h3>Lifting par Fils tenseurs<\/h3>\n               <p><\/p>\n           <\/figcaption>\n       <\/figure><\/a><\/div><div><a class=\"hood\" href=\"https:\/\/www.phisurgery.ca\/fr\/service\/raffermissement-de-la-peau-avec-jplasma-renuvion\/\"><figure>\n           <img loading=\"lazy\" decoding=\"async\" width=\"600\" height=\"800\" src=\"https:\/\/www.phisurgery.ca\/wp-content\/uploads\/2022\/05\/body-contour-600x800.jpg\" class=\"attachment-portfolio-portrait size-portfolio-portrait wp-post-image\" alt=\"\" \/>\n             <figcaption>\n               <h3>Raffermissement de la peau avec J-Plasma Renuvion<\/h3>\n               <p><\/p>\n           <\/figcaption>\n       <\/figure><\/a><\/div><div><a class=\"hood\" href=\"https:\/\/www.phisurgery.ca\/fr\/service\/resurfacage-de-la-peau-au-plasma-j\/\"><figure>\n           <img loading=\"lazy\" decoding=\"async\" width=\"600\" height=\"800\" src=\"https:\/\/www.phisurgery.ca\/wp-content\/uploads\/2022\/06\/SKIN-RESURFACING-WITH-JPLAZMA-600x800.jpg\" class=\"attachment-portfolio-portrait size-portfolio-portrait wp-post-image\" alt=\"\" \/>\n             <figcaption>\n               <h3>Resurfa\u00e7age de la peau au Plasma-J<\/h3>\n               <p><\/p>\n           <\/figcaption>\n       <\/figure><\/a><\/div><div><a class=\"hood\" href=\"https:\/\/www.phisurgery.ca\/fr\/service\/microdermabrasion\/\"><figure>\n           <img loading=\"lazy\" decoding=\"async\" width=\"600\" height=\"800\" src=\"https:\/\/www.phisurgery.ca\/wp-content\/uploads\/2022\/05\/microdermabrasion-600x800.jpg\" class=\"attachment-portfolio-portrait size-portfolio-portrait wp-post-image\" alt=\"\" \/>\n             <figcaption>\n               <h3>Microdermabrasion<\/h3>\n               <p><\/p>\n           <\/figcaption>\n       <\/figure><\/a><\/div><div><a class=\"hood\" href=\"https:\/\/www.phisurgery.ca\/fr\/service\/microneedling\/\"><figure>\n           <img loading=\"lazy\" decoding=\"async\" width=\"600\" height=\"800\" src=\"https:\/\/www.phisurgery.ca\/wp-content\/uploads\/2022\/05\/microneed-600x800.jpg\" class=\"attachment-portfolio-portrait size-portfolio-portrait wp-post-image\" alt=\"\" \/>\n             <figcaption>\n               <h3>Micro-aiguillage<\/h3>\n               <p><\/p>\n           <\/figcaption>\n       <\/figure><\/a><\/div><div><a class=\"hood\" href=\"https:\/\/www.phisurgery.ca\/fr\/service\/morpheus8\/\"><figure>\n           <img loading=\"lazy\" decoding=\"async\" width=\"600\" height=\"800\" src=\"https:\/\/www.phisurgery.ca\/wp-content\/uploads\/2022\/05\/morphh-600x800.jpg\" class=\"attachment-portfolio-portrait size-portfolio-portrait wp-post-image\" alt=\"\" \/>\n             <figcaption>\n               <h3>Morpheus8 \u2122<\/h3>\n               <p><\/p>\n           <\/figcaption>\n       <\/figure><\/a><\/div><div><a class=\"hood\" href=\"https:\/\/www.phisurgery.ca\/fr\/service\/neuromodulator-injections\/\"><figure>\n           <img loading=\"lazy\" decoding=\"async\" width=\"600\" height=\"800\" src=\"https:\/\/www.phisurgery.ca\/wp-content\/uploads\/2022\/05\/neuromod-600x800.jpg\" class=\"attachment-portfolio-portrait size-portfolio-portrait wp-post-image\" alt=\"\" \/>\n             <figcaption>\n               <h3>Injections de Neuromodulateurs<\/h3>\n               <p><\/p>\n           <\/figcaption>\n       <\/figure><\/a><\/div><div><a class=\"hood\" href=\"https:\/\/www.phisurgery.ca\/fr\/service\/prp-plasma-riche-en-plaquettes\/\"><figure>\n           <img loading=\"lazy\" decoding=\"async\" width=\"600\" height=\"800\" src=\"https:\/\/www.phisurgery.ca\/wp-content\/uploads\/2022\/05\/rprpr-600x800.jpg\" class=\"attachment-portfolio-portrait size-portfolio-portrait wp-post-image\" alt=\"\" \/>\n             <figcaption>\n               <h3>PRP-Plasma riche en plaquettes<\/h3>\n               <p><\/p>\n           <\/figcaption>\n       <\/figure><\/a><\/div><\/div>[\/vc_column_text][\/vc_column][\/vc_row][vc_row css_animation=\u00a0\u00bb\u00a0\u00bb row_type=\u00a0\u00bbrow\u00a0\u00bb use_row_as_full_screen_section=\u00a0\u00bbno\u00a0\u00bb type=\u00a0\u00bbgrid\u00a0\u00bb angled_section=\u00a0\u00bbno\u00a0\u00bb text_align=\u00a0\u00bbleft\u00a0\u00bb background_image_as_pattern=\u00a0\u00bbwithout_pattern\u00a0\u00bb z_index=\u00a0\u00bb\u00a0\u00bb][vc_column][vc_column_text]<\/p>\n<p style=\"text-align: center;\">\u00c0 la clinique PHi Plastic Surgery, nous offrons des solutions efficaces et non invasives pour vos besoins en mati\u00e8re de beaut\u00e9.\n<\/p>\n<h5 style=\"text-align: center;\">Commencez votre parcours vers  les r\u00e9sultats qui seront   beaux et plus proportionn\u00e9s!<\/h5>\n<p>[\/vc_column_text][\/vc_column][\/vc_row]<\/p>\n","protected":false},"excerpt":{"rendered":"<p>Soins esth\u00e9tiques du visage et du corps<\/p>\n","protected":false},"author":1,"featured_media":3203,"parent":0,"menu_order":0,"comment_status":"closed","ping_status":"closed","template":"full_width.php","meta":{"footnotes":""},"class_list":["post-3983","page","type-page","status-publish","has-post-thumbnail","hentry"],"yoast_head":"<!-- This site is optimized with the Yoast SEO Premium plugin v27.5 (Yoast SEO v27.5) - https:\/\/yoast.com\/product\/yoast-seo-premium-wordpress\/ -->\n<title>Non-chirurgical | Chirurgie Plastique \u00e0 Montr\u00e9al<\/title>\n<meta name=\"description\" content=\"Non-chirurgical | Chirurgie Plastique et Esth\u00e9tique \u00e0 Montr\u00e9al par la Dre Perry Gdalevitch, plasticienne\" \/>\n<meta name=\"robots\" content=\"index, follow, max-snippet:-1, max-image-preview:large, max-video-preview:-1\" \/>\n<link rel=\"canonical\" href=\"https:\/\/www.phisurgery.ca\/fr\/non-chirurgical\/\" \/>\n<meta property=\"og:locale\" content=\"fr_FR\" \/>\n<meta property=\"og:type\" content=\"article\" \/>\n<meta property=\"og:title\" content=\"Non-chirurgical\" \/>\n<meta property=\"og:description\" content=\"Non-chirurgical | Chirurgie Plastique et Esth\u00e9tique \u00e0 Montr\u00e9al par la Dre Perry Gdalevitch, plasticienne\" \/>\n<meta property=\"og:url\" content=\"https:\/\/www.phisurgery.ca\/fr\/non-chirurgical\/\" \/>\n<meta property=\"og:site_name\" content=\"Chirurgie Plastique Phi\" \/>\n<meta property=\"article:publisher\" content=\"https:\/\/www.facebook.com\/profile.php?id=100076054756282\" \/>\n<meta property=\"article:modified_time\" content=\"2022-11-16T12:13:50+00:00\" \/>\n<meta property=\"og:image\" content=\"https:\/\/www.phisurgery.ca\/wp-content\/uploads\/2022\/06\/SKIN-RESURFACING-WITH-JPLAZMA.jpg\" \/>\n\t<meta property=\"og:image:width\" content=\"1920\" \/>\n\t<meta property=\"og:image:height\" content=\"980\" \/>\n\t<meta property=\"og:image:type\" content=\"image\/jpeg\" \/>\n<meta name=\"twitter:card\" content=\"summary_large_image\" \/>\n<meta name=\"twitter:label1\" content=\"Dur\u00e9e de lecture estim\u00e9e\" \/>\n\t<meta name=\"twitter:data1\" content=\"1 minute\" \/>\n<script type=\"application\/ld+json\" class=\"yoast-schema-graph\">{\"@context\":\"https:\\\/\\\/schema.org\",\"@graph\":[{\"@type\":\"WebPage\",\"@id\":\"https:\\\/\\\/www.phisurgery.ca\\\/fr\\\/non-chirurgical\\\/\",\"url\":\"https:\\\/\\\/www.phisurgery.ca\\\/fr\\\/non-chirurgical\\\/\",\"name\":\"Non-chirurgical | Chirurgie Plastique \u00e0 Montr\u00e9al\",\"isPartOf\":{\"@id\":\"https:\\\/\\\/www.phisurgery.ca\\\/fr\\\/#website\"},\"primaryImageOfPage\":{\"@id\":\"https:\\\/\\\/www.phisurgery.ca\\\/fr\\\/non-chirurgical\\\/#primaryimage\"},\"image\":{\"@id\":\"https:\\\/\\\/www.phisurgery.ca\\\/fr\\\/non-chirurgical\\\/#primaryimage\"},\"thumbnailUrl\":\"https:\\\/\\\/www.phisurgery.ca\\\/wp-content\\\/uploads\\\/2022\\\/06\\\/SKIN-RESURFACING-WITH-JPLAZMA.jpg\",\"datePublished\":\"2022-06-11T19:51:41+00:00\",\"dateModified\":\"2022-11-16T12:13:50+00:00\",\"description\":\"Non-chirurgical | Chirurgie Plastique et Esth\u00e9tique \u00e0 Montr\u00e9al par la Dre Perry Gdalevitch, plasticienne\",\"breadcrumb\":{\"@id\":\"https:\\\/\\\/www.phisurgery.ca\\\/fr\\\/non-chirurgical\\\/#breadcrumb\"},\"inLanguage\":\"fr-FR\",\"potentialAction\":[{\"@type\":\"ReadAction\",\"target\":[\"https:\\\/\\\/www.phisurgery.ca\\\/fr\\\/non-chirurgical\\\/\"]}]},{\"@type\":\"ImageObject\",\"inLanguage\":\"fr-FR\",\"@id\":\"https:\\\/\\\/www.phisurgery.ca\\\/fr\\\/non-chirurgical\\\/#primaryimage\",\"url\":\"https:\\\/\\\/www.phisurgery.ca\\\/wp-content\\\/uploads\\\/2022\\\/06\\\/SKIN-RESURFACING-WITH-JPLAZMA.jpg\",\"contentUrl\":\"https:\\\/\\\/www.phisurgery.ca\\\/wp-content\\\/uploads\\\/2022\\\/06\\\/SKIN-RESURFACING-WITH-JPLAZMA.jpg\",\"width\":1920,\"height\":980},{\"@type\":\"BreadcrumbList\",\"@id\":\"https:\\\/\\\/www.phisurgery.ca\\\/fr\\\/non-chirurgical\\\/#breadcrumb\",\"itemListElement\":[{\"@type\":\"ListItem\",\"position\":1,\"name\":\"Home\",\"item\":\"https:\\\/\\\/www.phisurgery.ca\\\/fr\\\/\"},{\"@type\":\"ListItem\",\"position\":2,\"name\":\"Non-chirurgical\"}]},{\"@type\":\"WebSite\",\"@id\":\"https:\\\/\\\/www.phisurgery.ca\\\/fr\\\/#website\",\"url\":\"https:\\\/\\\/www.phisurgery.ca\\\/fr\\\/\",\"name\":\"PHI Plastic Surgery\",\"description\":\"\",\"publisher\":{\"@id\":\"https:\\\/\\\/www.phisurgery.ca\\\/fr\\\/#organization\"},\"potentialAction\":[{\"@type\":\"SearchAction\",\"target\":{\"@type\":\"EntryPoint\",\"urlTemplate\":\"https:\\\/\\\/www.phisurgery.ca\\\/fr\\\/?s={search_term_string}\"},\"query-input\":{\"@type\":\"PropertyValueSpecification\",\"valueRequired\":true,\"valueName\":\"search_term_string\"}}],\"inLanguage\":\"fr-FR\"},{\"@type\":\"Organization\",\"@id\":\"https:\\\/\\\/www.phisurgery.ca\\\/fr\\\/#organization\",\"name\":\"PHI Plastic Surgery\",\"url\":\"https:\\\/\\\/www.phisurgery.ca\\\/fr\\\/\",\"logo\":{\"@type\":\"ImageObject\",\"inLanguage\":\"fr-FR\",\"@id\":\"https:\\\/\\\/www.phisurgery.ca\\\/fr\\\/#\\\/schema\\\/logo\\\/image\\\/\",\"url\":\"https:\\\/\\\/phisurgery.ca\\\/wp-content\\\/uploads\\\/2022\\\/07\\\/phi-logo-letters.png\",\"contentUrl\":\"https:\\\/\\\/phisurgery.ca\\\/wp-content\\\/uploads\\\/2022\\\/07\\\/phi-logo-letters.png\",\"width\":240,\"height\":240,\"caption\":\"PHI Plastic Surgery\"},\"image\":{\"@id\":\"https:\\\/\\\/www.phisurgery.ca\\\/fr\\\/#\\\/schema\\\/logo\\\/image\\\/\"},\"sameAs\":[\"https:\\\/\\\/www.facebook.com\\\/profile.php?id=100076054756282\",\"https:\\\/\\\/www.instagram.com\\\/phisurgery\\\/\",\"https:\\\/\\\/www.linkedin.com\\\/company\\\/phisurgery\",\"https:\\\/\\\/www.ratemds.com\\\/doctor-ratings\\\/3508573\\\/Dr-Perry-Gdalevitch-Vancouver-BC.html\"]}]}<\/script>\n<!-- \/ Yoast SEO Premium plugin. -->","yoast_head_json":{"title":"Non-chirurgical | Chirurgie Plastique \u00e0 Montr\u00e9al","description":"Non-chirurgical | Chirurgie Plastique et Esth\u00e9tique \u00e0 Montr\u00e9al par la Dre Perry Gdalevitch, plasticienne","robots":{"index":"index","follow":"follow","max-snippet":"max-snippet:-1","max-image-preview":"max-image-preview:large","max-video-preview":"max-video-preview:-1"},"canonical":"https:\/\/www.phisurgery.ca\/fr\/non-chirurgical\/","og_locale":"fr_FR","og_type":"article","og_title":"Non-chirurgical","og_description":"Non-chirurgical | Chirurgie Plastique et Esth\u00e9tique \u00e0 Montr\u00e9al par la Dre Perry Gdalevitch, plasticienne","og_url":"https:\/\/www.phisurgery.ca\/fr\/non-chirurgical\/","og_site_name":"Chirurgie Plastique Phi","article_publisher":"https:\/\/www.facebook.com\/profile.php?id=100076054756282","article_modified_time":"2022-11-16T12:13:50+00:00","og_image":[{"width":1920,"height":980,"url":"https:\/\/www.phisurgery.ca\/wp-content\/uploads\/2022\/06\/SKIN-RESURFACING-WITH-JPLAZMA.jpg","type":"image\/jpeg"}],"twitter_card":"summary_large_image","twitter_misc":{"Dur\u00e9e de lecture estim\u00e9e":"1 minute"},"schema":{"@context":"https:\/\/schema.org","@graph":[{"@type":"WebPage","@id":"https:\/\/www.phisurgery.ca\/fr\/non-chirurgical\/","url":"https:\/\/www.phisurgery.ca\/fr\/non-chirurgical\/","name":"Non-chirurgical | Chirurgie Plastique \u00e0 Montr\u00e9al","isPartOf":{"@id":"https:\/\/www.phisurgery.ca\/fr\/#website"},"primaryImageOfPage":{"@id":"https:\/\/www.phisurgery.ca\/fr\/non-chirurgical\/#primaryimage"},"image":{"@id":"https:\/\/www.phisurgery.ca\/fr\/non-chirurgical\/#primaryimage"},"thumbnailUrl":"https:\/\/www.phisurgery.ca\/wp-content\/uploads\/2022\/06\/SKIN-RESURFACING-WITH-JPLAZMA.jpg","datePublished":"2022-06-11T19:51:41+00:00","dateModified":"2022-11-16T12:13:50+00:00","description":"Non-chirurgical | Chirurgie Plastique et Esth\u00e9tique \u00e0 Montr\u00e9al par la Dre Perry Gdalevitch, plasticienne","breadcrumb":{"@id":"https:\/\/www.phisurgery.ca\/fr\/non-chirurgical\/#breadcrumb"},"inLanguage":"fr-FR","potentialAction":[{"@type":"ReadAction","target":["https:\/\/www.phisurgery.ca\/fr\/non-chirurgical\/"]}]},{"@type":"ImageObject","inLanguage":"fr-FR","@id":"https:\/\/www.phisurgery.ca\/fr\/non-chirurgical\/#primaryimage","url":"https:\/\/www.phisurgery.ca\/wp-content\/uploads\/2022\/06\/SKIN-RESURFACING-WITH-JPLAZMA.jpg","contentUrl":"https:\/\/www.phisurgery.ca\/wp-content\/uploads\/2022\/06\/SKIN-RESURFACING-WITH-JPLAZMA.jpg","width":1920,"height":980},{"@type":"BreadcrumbList","@id":"https:\/\/www.phisurgery.ca\/fr\/non-chirurgical\/#breadcrumb","itemListElement":[{"@type":"ListItem","position":1,"name":"Home","item":"https:\/\/www.phisurgery.ca\/fr\/"},{"@type":"ListItem","position":2,"name":"Non-chirurgical"}]},{"@type":"WebSite","@id":"https:\/\/www.phisurgery.ca\/fr\/#website","url":"https:\/\/www.phisurgery.ca\/fr\/","name":"PHI Plastic Surgery","description":"","publisher":{"@id":"https:\/\/www.phisurgery.ca\/fr\/#organization"},"potentialAction":[{"@type":"SearchAction","target":{"@type":"EntryPoint","urlTemplate":"https:\/\/www.phisurgery.ca\/fr\/?s={search_term_string}"},"query-input":{"@type":"PropertyValueSpecification","valueRequired":true,"valueName":"search_term_string"}}],"inLanguage":"fr-FR"},{"@type":"Organization","@id":"https:\/\/www.phisurgery.ca\/fr\/#organization","name":"PHI Plastic Surgery","url":"https:\/\/www.phisurgery.ca\/fr\/","logo":{"@type":"ImageObject","inLanguage":"fr-FR","@id":"https:\/\/www.phisurgery.ca\/fr\/#\/schema\/logo\/image\/","url":"https:\/\/phisurgery.ca\/wp-content\/uploads\/2022\/07\/phi-logo-letters.png","contentUrl":"https:\/\/phisurgery.ca\/wp-content\/uploads\/2022\/07\/phi-logo-letters.png","width":240,"height":240,"caption":"PHI Plastic Surgery"},"image":{"@id":"https:\/\/www.phisurgery.ca\/fr\/#\/schema\/logo\/image\/"},"sameAs":["https:\/\/www.facebook.com\/profile.php?id=100076054756282","https:\/\/www.instagram.com\/phisurgery\/","https:\/\/www.linkedin.com\/company\/phisurgery","https:\/\/www.ratemds.com\/doctor-ratings\/3508573\/Dr-Perry-Gdalevitch-Vancouver-BC.html"]}]}},"acf":[],"_links":{"self":[{"href":"https:\/\/www.phisurgery.ca\/fr\/wp-json\/wp\/v2\/pages\/3983","targetHints":{"allow":["GET"]}}],"collection":[{"href":"https:\/\/www.phisurgery.ca\/fr\/wp-json\/wp\/v2\/pages"}],"about":[{"href":"https:\/\/www.phisurgery.ca\/fr\/wp-json\/wp\/v2\/types\/page"}],"author":[{"embeddable":true,"href":"https:\/\/www.phisurgery.ca\/fr\/wp-json\/wp\/v2\/users\/1"}],"replies":[{"embeddable":true,"href":"https:\/\/www.phisurgery.ca\/fr\/wp-json\/wp\/v2\/comments?post=3983"}],"version-history":[{"count":2,"href":"https:\/\/www.phisurgery.ca\/fr\/wp-json\/wp\/v2\/pages\/3983\/revisions"}],"predecessor-version":[{"id":3985,"href":"https:\/\/www.phisurgery.ca\/fr\/wp-json\/wp\/v2\/pages\/3983\/revisions\/3985"}],"wp:featuredmedia":[{"embeddable":true,"href":"https:\/\/www.phisurgery.ca\/fr\/wp-json\/wp\/v2\/media\/3203"}],"wp:attachment":[{"href":"https:\/\/www.phisurgery.ca\/fr\/wp-json\/wp\/v2\/media?parent=3983"}],"curies":[{"name":"wp","href":"https:\/\/api.w.org\/{rel}","templated":true}]}}