{"id":4015,"date":"2022-05-25T16:22:11","date_gmt":"2022-05-25T16:22:11","guid":{"rendered":"https:\/\/phisurgery.ca\/clinique-de-chirurgie-plastique-phi\/"},"modified":"2023-01-23T14:23:42","modified_gmt":"2023-01-23T14:23:42","slug":"clinique-de-chirurgie-plastique-phi","status":"publish","type":"page","link":"https:\/\/www.phisurgery.ca\/fr\/clinique-de-chirurgie-plastique-phi\/","title":{"rendered":"Clinique de op\u00e9ration plastique Phi"},"content":{"rendered":"<p>[vc_row css_animation=\u00a0\u00bb\u00a0\u00bb row_type=\u00a0\u00bbrow\u00a0\u00bb use_row_as_full_screen_section=\u00a0\u00bbno\u00a0\u00bb type=\u00a0\u00bbgrid\u00a0\u00bb angled_section=\u00a0\u00bbno\u00a0\u00bb text_align=\u00a0\u00bbleft\u00a0\u00bb background_image_as_pattern=\u00a0\u00bbwithout_pattern\u00a0\u00bb z_index=\u00a0\u00bb\u00a0\u00bb el_id=\u00a0\u00bbnewhero\u00a0\u00bb][vc_column width=\u00a0\u00bb1\/2&Prime;][vc_single_image image=\u00a0\u00bb3242&Prime; img_size=\u00a0\u00bbfull\u00a0\u00bb qode_css_animation=\u00a0\u00bb\u00a0\u00bb][\/vc_column][vc_column width=\u00a0\u00bb1\/2&Prime;][vc_column_text el_class=\u00a0\u00bbheading\u00a0\u00bb]<\/p>\n<h2>Clinique de op\u00e9ration plastique PHI<\/h2>\n<p>Laissez votre beaut\u00e9 int\u00e9rieure briller[\/vc_column_text][\/vc_column][\/vc_row][vc_row css_animation=\u00a0\u00bb\u00a0\u00bb row_type=\u00a0\u00bbrow\u00a0\u00bb use_row_as_full_screen_section=\u00a0\u00bbno\u00a0\u00bb type=\u00a0\u00bbgrid\u00a0\u00bb angled_section=\u00a0\u00bbno\u00a0\u00bb text_align=\u00a0\u00bbleft\u00a0\u00bb background_image_as_pattern=\u00a0\u00bbwithout_pattern\u00a0\u00bb z_index=\u00a0\u00bb\u00a0\u00bb][vc_column][vc_column_text]Le Centre de Chirurgie Phi offre une vari\u00e9t\u00e9 d\u2019options de traitements chirurgicaux et non chirurgicaux \u00e0 nos patients afin de les aider \u00e0 am\u00e9liorer leur apparence et \u00e0 avoir confiance en eux. Nous utilisons des technologies de pointe et des proc\u00e9dures innovantes, et croyons qu\u2019un beau corps peut prendre des formes et des tailles diff\u00e9rentes. La philosophie chez Phi est bas\u00e9e sur le respect des proportions de votre corps afin de vous aider \u00e0 laisser votre beaut\u00e9 int\u00e9rieure briller.<\/p>\n<p>Laissez votre beaut\u00e9 int\u00e9rieure briller! Nous sommes l\u00e0 pour vous aider \u00e0 atteindre une allure plus belle et proportionnelle! <a style=\"color: #bc4488;\" href=\"https:\/\/phisurgery.ca\/fr\/planifiez-une-consultation\/\">Planifiez une consultation<\/a>![\/vc_column_text][\/vc_column][\/vc_row][vc_row css_animation=\u00a0\u00bb\u00a0\u00bb row_type=\u00a0\u00bbrow\u00a0\u00bb use_row_as_full_screen_section=\u00a0\u00bbno\u00a0\u00bb type=\u00a0\u00bbgrid\u00a0\u00bb angled_section=\u00a0\u00bbno\u00a0\u00bb text_align=\u00a0\u00bbleft\u00a0\u00bb background_image_as_pattern=\u00a0\u00bbwithout_pattern\u00a0\u00bb z_index=\u00a0\u00bb\u00a0\u00bb el_class=\u00a0\u00bbflex-center column-reverse-sm\u00a0\u00bb][vc_column width=\u00a0\u00bb1\/2&Prime; el_class=\u00a0\u00bbpr-60&Prime;][vc_column_text]<\/p>\n<h2>Notre approche<\/h2>\n<p><em>\u201cUn patient heureux \u00e9gale un chirurgien heureux \u201d<\/em><\/p>\n<p>La clinique de op\u00e9ration plastique Phi de Montr\u00e9al offre des traitements chirurgicaux et non chirurgicaux parmi les plus innovants, et ce, pour une vari\u00e9t\u00e9 de proc\u00e9dures de rajeunissement du visage, d\u2019am\u00e9lioration des seins et de remodelage du corps.<\/p>\n<p>Notre avantage concurrentiel r\u00e9side dans notre perspective f\u00e9minine, nos soins m\u00e9ticuleux et nos prix raisonnables. Nous nous surpassons pour nous assurer que nos patients soient bien soign\u00e9s et soient ravis de leurs r\u00e9sultats.<\/p>\n<p>Nous sommes l\u00e0 pour vous aider \u00e0 obtenir un corps plus proportionnel et plus beau ![\/vc_column_text][\/vc_column][vc_column width=\u00a0\u00bb1\/2&Prime;][vc_single_image image=\u00a0\u00bb3243&Prime; img_size=\u00a0\u00bbfull\u00a0\u00bb qode_css_animation=\u00a0\u00bb\u00a0\u00bb el_class=\u00a0\u00bbphi\u00a0\u00bb][\/vc_column][\/vc_row][vc_row css_animation=\u00a0\u00bb\u00a0\u00bb row_type=\u00a0\u00bbrow\u00a0\u00bb use_row_as_full_screen_section=\u00a0\u00bbno\u00a0\u00bb type=\u00a0\u00bbgrid\u00a0\u00bb angled_section=\u00a0\u00bbno\u00a0\u00bb text_align=\u00a0\u00bbleft\u00a0\u00bb background_image_as_pattern=\u00a0\u00bbwithout_pattern\u00a0\u00bb z_index=\u00a0\u00bb\u00a0\u00bb][vc_column][vc_column_text]<\/p>\n<h2 style=\"text-align: center;\">Nos valeurs<\/h2>\n<p>[\/vc_column_text][vc_row_inner row_type=\u00a0\u00bbrow\u00a0\u00bb type=\u00a0\u00bbfull_width\u00a0\u00bb text_align=\u00a0\u00bbleft\u00a0\u00bb css_animation=\u00a0\u00bb\u00a0\u00bb el_class=\u00a0\u00bbvalues\u00a0\u00bb][vc_column_inner width=\u00a0\u00bb1\/3&Prime;][vc_column_text]<\/p>\n<h3>\u00c9QUILIBRE<\/h3>\n<p>La philosophie de Phi est ax\u00e9e sur le respect des proportions de votre corps et de vous aider \u00e0 faire briller votre beaut\u00e9 int\u00e9rieure. Nous offrons \u00e0 nos patients les techniques les plus avanc\u00e9es pour vous aider \u00e0 atteindre vos objectifs esth\u00e9tiques.[\/vc_column_text][\/vc_column_inner][vc_column_inner width=\u00a0\u00bb1\/3&Prime;][vc_column_text]<\/p>\n<h3>EXCELLENCE<\/h3>\n<p>Nous utilisons les techniques chirurgicales les plus novatrices qui sont les plus s\u00e9curitaires du domaine.[\/vc_column_text][\/vc_column_inner][vc_column_inner width=\u00a0\u00bb1\/3&Prime;][vc_column_text]<\/p>\n<h3>EMPATHIE<\/h3>\n<p>Nous offrons des soins m\u00e9ticuleux, chaleureux et individualis\u00e9s \u00e0 nos patients dans notre clinique de Montr\u00e9al.[\/vc_column_text][\/vc_column_inner][\/vc_row_inner][\/vc_column][\/vc_row][vc_row css_animation=\u00a0\u00bb\u00a0\u00bb row_type=\u00a0\u00bbrow\u00a0\u00bb use_row_as_full_screen_section=\u00a0\u00bbno\u00a0\u00bb type=\u00a0\u00bbgrid\u00a0\u00bb angled_section=\u00a0\u00bbno\u00a0\u00bb text_align=\u00a0\u00bbleft\u00a0\u00bb background_image_as_pattern=\u00a0\u00bbwithout_pattern\u00a0\u00bb z_index=\u00a0\u00bb\u00a0\u00bb el_class=\u00a0\u00bbflex-center column-reverse-sm\u00a0\u00bb][vc_column width=\u00a0\u00bb2\/3&Prime; el_class=\u00a0\u00bbpr-60&Prime;][vc_column_text el_class=\u00a0\u00bbtext-col-2&Prime;]<\/p>\n<h2>Notre philosophie<\/h2>\n<p>Le principe des proportions parfaites, \u00e9galement connu sous le nom de nombre d\u2019or ou de proportion divine, remonte \u00e0 la Gr\u00e8ce antique. Le sculpteur grec Phidias a d\u00e9cid\u00e9 d\u2019utiliser la lettre Phi pour repr\u00e9senter le nombre d\u2019or lorsqu\u2019il a cr\u00e9\u00e9 la magnifique statue d\u2019Ath\u00e9na. Elle se trouvait autrefois dans le Parth\u00e9non et on dit de cette \u0153uvre qu\u2019elle repr\u00e9sente le nombre d\u2019or.<\/p>\n<p>Depuis cette \u00e9poque, de nombreux autres artistes ont utilis\u00e9 ce ratio dans leurs \u0153uvres d\u2019art. Les historiens de l\u2019art nous derri\u00e8re L\u2019homme de Vitruve de L\u00e9onardo da Vinci se cache une signification selon laquelle la forme humaine poss\u00e8derait un ratio divin.<\/p>\n<p>L\u2019esth\u00e9tique du nombre d\u2019or a \u00e9t\u00e9 largement \u00e9tudi\u00e9e dans la perception de la beaut\u00e9. Il a \u00e9t\u00e9 constat\u00e9 que la beaut\u00e9 esth\u00e9tique suivant les proportions \u201cPhi\u201d est consid\u00e9r\u00e9e comme plus attrayante.<\/p>\n<p>C\u2019est pourquoi, chez Phi Plastic Surgery, nous croyons que le la proportionnalit\u00e9 est la clef.[\/vc_column_text][\/vc_column][vc_column width=\u00a0\u00bb1\/3&Prime;][vc_single_image image=\u00a0\u00bb2928&Prime; img_size=\u00a0\u00bbfull\u00a0\u00bb alignment=\u00a0\u00bbcenter\u00a0\u00bb qode_css_animation=\u00a0\u00bb\u00a0\u00bb el_class=\u00a0\u00bbphi\u00a0\u00bb][\/vc_column][\/vc_row][vc_row css_animation=\u00a0\u00bb\u00a0\u00bb row_type=\u00a0\u00bbrow\u00a0\u00bb use_row_as_full_screen_section=\u00a0\u00bbno\u00a0\u00bb type=\u00a0\u00bbgrid\u00a0\u00bb angled_section=\u00a0\u00bbno\u00a0\u00bb text_align=\u00a0\u00bbleft\u00a0\u00bb background_image_as_pattern=\u00a0\u00bbwithout_pattern\u00a0\u00bb z_index=\u00a0\u00bb\u00a0\u00bb el_class=\u00a0\u00bbflex-center\u00a0\u00bb][vc_column width=\u00a0\u00bb1\/2&Prime;][vc_single_image image=\u00a0\u00bb3168&Prime; img_size=\u00a0\u00bbfull\u00a0\u00bb alignment=\u00a0\u00bbcenter\u00a0\u00bb qode_css_animation=\u00a0\u00bb\u00a0\u00bb el_class=\u00a0\u00bbphi\u00a0\u00bb][\/vc_column][vc_column width=\u00a0\u00bb1\/2&Prime; el_class=\u00a0\u00bbpl-60&Prime;][vc_column_text]<\/p>\n<h2>Rencontrez Dre Perry Gdalevitch<\/h2>\n<p>Dre Perry Gdalevitch poss\u00e8de une vaste exp\u00e9rience provenant de son exp\u00e9rience au Canada et aux \u00c9tats-Unis et s&rsquo;int\u00e9resse particuli\u00e8rement \u00e0 la op\u00e9ration mammaire,\u00a0 la rhinoplastie,\u00a0 la op\u00e9ration de rajeunissement du visage et du cou et au remodelage chirurgical du corps. Son approche consiste \u00e0 appliquer les principes des proportions parfaites (Phi) pour vous aider \u00e0 atteindre vos objectifs esth\u00e9tiques ou de reconstruction. Il est important d\u2019\u00e0 la fois vous offrir un r\u00e9sultat naturel et de vous encourager \u00e0 maintenir un poids sain.[\/vc_column_text]<script>console.log(\"left\");<\/script><div style=\"text-align:left\"><a href=\"\/fr\/rencontrez-dre-perry-gdalevitch\/\" class=\"button button--mimas \" target=\"_self\"><div class=\"btn__bg\"><\/div><span>LIRE LA SUITE<\/span><\/a><\/div>[\/vc_column][\/vc_row][vc_row css_animation=\u00a0\u00bb\u00a0\u00bb row_type=\u00a0\u00bbrow\u00a0\u00bb use_row_as_full_screen_section=\u00a0\u00bbno\u00a0\u00bb type=\u00a0\u00bbgrid\u00a0\u00bb angled_section=\u00a0\u00bbno\u00a0\u00bb text_align=\u00a0\u00bbleft\u00a0\u00bb background_image_as_pattern=\u00a0\u00bbwithout_pattern\u00a0\u00bb z_index=\u00a0\u00bb\u00a0\u00bb el_class=\u00a0\u00bbflex-center column-reverse-sm\u00a0\u00bb][vc_column width=\u00a0\u00bb1\/2&Prime; el_class=\u00a0\u00bbpr-60&Prime;][vc_column_text]<\/p>\n<h2>Rencontrez notre \u00e9quipe<\/h2>\n<p>Chaque membre de l\u2019\u00e9quipe de Chirurgie Plastique Phi fait partie des meilleurs dans leur domaine d\u2019expertise respectif. Ils sont constamment \u00e0 l\u2019affut des derniers traitements et des techniques les plus novatrices. Chaque membre de l\u2019\u00e9quipe apporte \u00e9norm\u00e9ment d\u2019exp\u00e9rience et de connaissances \u00e0 notre clinique.[\/vc_column_text]<script>console.log(\"left\");<\/script><div style=\"text-align:left\"><a href=\"\/fr\/notre-equipe\/\" class=\"button button--mimas \" target=\"_self\"><div class=\"btn__bg\"><\/div><span>LIRE LA SUITE<\/span><\/a><\/div>[\/vc_column][vc_column width=\u00a0\u00bb1\/2&Prime;][vc_single_image image=\u00a0\u00bb3198&Prime; img_size=\u00a0\u00bbfull\u00a0\u00bb alignment=\u00a0\u00bbcenter\u00a0\u00bb qode_css_animation=\u00a0\u00bb\u00a0\u00bb el_class=\u00a0\u00bbphi\u00a0\u00bb][\/vc_column][\/vc_row][vc_row css_animation=\u00a0\u00bb\u00a0\u00bb row_type=\u00a0\u00bbrow\u00a0\u00bb use_row_as_full_screen_section=\u00a0\u00bbno\u00a0\u00bb type=\u00a0\u00bbgrid\u00a0\u00bb angled_section=\u00a0\u00bbno\u00a0\u00bb text_align=\u00a0\u00bbleft\u00a0\u00bb background_image_as_pattern=\u00a0\u00bbwithout_pattern\u00a0\u00bb z_index=\u00a0\u00bb\u00a0\u00bb el_class=\u00a0\u00bbminka\u00a0\u00bb][vc_column][vc_column_text]Pour les patients priv\u00e9s int\u00e9ress\u00e9s par une consultation pour des proc\u00e9dures esth\u00e9tiques comprenant le redrapage des seins, l&rsquo;augmentation mammaire, l&rsquo;abdominoplastie, la liposuccion, la rhinoplastie, le redrapage du visage et la bl\u00e9pharoplastie (op\u00e9ration des paupi\u00e8res), veuillez contacter notre clinique en <a href=\"https:\/\/phisurgery.ca\/fr\/planifiez-une-consultation\/\">prenant rendez-vous en ligne <\/a>ou en nous t\u00e9l\u00e9phonant au <a href=\"tel:5149674744\">514-967-4744<\/a>.[\/vc_column_text][\/vc_column][\/vc_row]<\/p>\n","protected":false},"excerpt":{"rendered":"<p>Laissez \u00e9merger votre beaut\u00e9 int\u00e9rieure<\/p>\n","protected":false},"author":1,"featured_media":3196,"parent":0,"menu_order":0,"comment_status":"closed","ping_status":"closed","template":"full_width.php","meta":{"footnotes":""},"class_list":["post-4015","page","type-page","status-publish","has-post-thumbnail","hentry"],"yoast_head":"<!-- This site is optimized with the Yoast SEO plugin v26.2 - https:\/\/yoast.com\/wordpress\/plugins\/seo\/ -->\n<title>Clinique de op\u00e9ration plastique Phi | Chirurgie Plastique \u00e0 Montr\u00e9al<\/title>\n<meta name=\"description\" content=\"Clinique de op\u00e9ration plastique Phi | Chirurgie Plastique et Esth\u00e9tique \u00e0 Montr\u00e9al par la Dre Perry Gdalevitch, plasticienne\" \/>\n<meta name=\"robots\" content=\"index, follow, max-snippet:-1, max-image-preview:large, max-video-preview:-1\" \/>\n<link rel=\"canonical\" href=\"https:\/\/www.phisurgery.ca\/fr\/clinique-de-chirurgie-plastique-phi\/\" \/>\n<meta property=\"og:locale\" content=\"fr_FR\" \/>\n<meta property=\"og:type\" content=\"article\" \/>\n<meta property=\"og:title\" content=\"Clinique de op\u00e9ration plastique Phi | Chirurgie Plastique \u00e0 Montr\u00e9al\" \/>\n<meta property=\"og:description\" content=\"Clinique de op\u00e9ration plastique Phi | Chirurgie Plastique et Esth\u00e9tique \u00e0 Montr\u00e9al par la Dre Perry Gdalevitch, plasticienne\" \/>\n<meta property=\"og:url\" content=\"https:\/\/www.phisurgery.ca\/fr\/clinique-de-chirurgie-plastique-phi\/\" \/>\n<meta property=\"og:site_name\" content=\"Chirurgie Plastique Phi\" \/>\n<meta property=\"article:publisher\" content=\"https:\/\/www.facebook.com\/profile.php?id=100076054756282\" \/>\n<meta property=\"article:modified_time\" content=\"2023-01-23T14:23:42+00:00\" \/>\n<meta property=\"og:image\" content=\"https:\/\/www.phisurgery.ca\/wp-content\/uploads\/2022\/06\/Phi-Plastic-Surgery-Clinic.jpg\" \/>\n\t<meta property=\"og:image:width\" content=\"1920\" \/>\n\t<meta property=\"og:image:height\" content=\"980\" \/>\n\t<meta property=\"og:image:type\" content=\"image\/jpeg\" \/>\n<meta name=\"twitter:card\" content=\"summary_large_image\" \/>\n<meta name=\"twitter:label1\" content=\"Dur\u00e9e de lecture estim\u00e9e\" \/>\n\t<meta name=\"twitter:data1\" content=\"6 minutes\" \/>\n<script type=\"application\/ld+json\" class=\"yoast-schema-graph\">{\"@context\":\"https:\/\/schema.org\",\"@graph\":[{\"@type\":\"WebPage\",\"@id\":\"https:\/\/www.phisurgery.ca\/fr\/clinique-de-chirurgie-plastique-phi\/\",\"url\":\"https:\/\/www.phisurgery.ca\/fr\/clinique-de-chirurgie-plastique-phi\/\",\"name\":\"Clinique de op\u00e9ration plastique Phi | Chirurgie Plastique \u00e0 Montr\u00e9al\",\"isPartOf\":{\"@id\":\"https:\/\/www.phisurgery.ca\/fr\/#website\"},\"primaryImageOfPage\":{\"@id\":\"https:\/\/www.phisurgery.ca\/fr\/clinique-de-chirurgie-plastique-phi\/#primaryimage\"},\"image\":{\"@id\":\"https:\/\/www.phisurgery.ca\/fr\/clinique-de-chirurgie-plastique-phi\/#primaryimage\"},\"thumbnailUrl\":\"https:\/\/www.phisurgery.ca\/wp-content\/uploads\/2022\/06\/Phi-Plastic-Surgery-Clinic.jpg\",\"datePublished\":\"2022-05-25T16:22:11+00:00\",\"dateModified\":\"2023-01-23T14:23:42+00:00\",\"description\":\"Clinique de op\u00e9ration plastique Phi | Chirurgie Plastique et Esth\u00e9tique \u00e0 Montr\u00e9al par la Dre Perry Gdalevitch, plasticienne\",\"breadcrumb\":{\"@id\":\"https:\/\/www.phisurgery.ca\/fr\/clinique-de-chirurgie-plastique-phi\/#breadcrumb\"},\"inLanguage\":\"fr-FR\",\"potentialAction\":[{\"@type\":\"ReadAction\",\"target\":[\"https:\/\/www.phisurgery.ca\/fr\/clinique-de-chirurgie-plastique-phi\/\"]}]},{\"@type\":\"ImageObject\",\"inLanguage\":\"fr-FR\",\"@id\":\"https:\/\/www.phisurgery.ca\/fr\/clinique-de-chirurgie-plastique-phi\/#primaryimage\",\"url\":\"https:\/\/www.phisurgery.ca\/wp-content\/uploads\/2022\/06\/Phi-Plastic-Surgery-Clinic.jpg\",\"contentUrl\":\"https:\/\/www.phisurgery.ca\/wp-content\/uploads\/2022\/06\/Phi-Plastic-Surgery-Clinic.jpg\",\"width\":1920,\"height\":980},{\"@type\":\"BreadcrumbList\",\"@id\":\"https:\/\/www.phisurgery.ca\/fr\/clinique-de-chirurgie-plastique-phi\/#breadcrumb\",\"itemListElement\":[{\"@type\":\"ListItem\",\"position\":1,\"name\":\"Home\",\"item\":\"https:\/\/www.phisurgery.ca\/fr\/\"},{\"@type\":\"ListItem\",\"position\":2,\"name\":\"Clinique de op\u00e9ration plastique Phi\"}]},{\"@type\":\"WebSite\",\"@id\":\"https:\/\/www.phisurgery.ca\/fr\/#website\",\"url\":\"https:\/\/www.phisurgery.ca\/fr\/\",\"name\":\"PHI Plastic Surgery\",\"description\":\"\",\"publisher\":{\"@id\":\"https:\/\/www.phisurgery.ca\/fr\/#organization\"},\"potentialAction\":[{\"@type\":\"SearchAction\",\"target\":{\"@type\":\"EntryPoint\",\"urlTemplate\":\"https:\/\/www.phisurgery.ca\/fr\/?s={search_term_string}\"},\"query-input\":{\"@type\":\"PropertyValueSpecification\",\"valueRequired\":true,\"valueName\":\"search_term_string\"}}],\"inLanguage\":\"fr-FR\"},{\"@type\":\"Organization\",\"@id\":\"https:\/\/www.phisurgery.ca\/fr\/#organization\",\"name\":\"PHI Plastic Surgery\",\"url\":\"https:\/\/www.phisurgery.ca\/fr\/\",\"logo\":{\"@type\":\"ImageObject\",\"inLanguage\":\"fr-FR\",\"@id\":\"https:\/\/www.phisurgery.ca\/fr\/#\/schema\/logo\/image\/\",\"url\":\"https:\/\/phisurgery.ca\/wp-content\/uploads\/2022\/07\/phi-logo-letters.png\",\"contentUrl\":\"https:\/\/phisurgery.ca\/wp-content\/uploads\/2022\/07\/phi-logo-letters.png\",\"width\":240,\"height\":240,\"caption\":\"PHI Plastic Surgery\"},\"image\":{\"@id\":\"https:\/\/www.phisurgery.ca\/fr\/#\/schema\/logo\/image\/\"},\"sameAs\":[\"https:\/\/www.facebook.com\/profile.php?id=100076054756282\",\"https:\/\/www.instagram.com\/phisurgery\/\",\"https:\/\/www.linkedin.com\/company\/phisurgery\",\"https:\/\/www.ratemds.com\/doctor-ratings\/3508573\/Dr-Perry-Gdalevitch-Vancouver-BC.html\"]}]}<\/script>\n<!-- \/ Yoast SEO plugin. -->","yoast_head_json":{"title":"Clinique de op\u00e9ration plastique Phi | Chirurgie Plastique \u00e0 Montr\u00e9al","description":"Clinique de op\u00e9ration plastique Phi | Chirurgie Plastique et Esth\u00e9tique \u00e0 Montr\u00e9al par la Dre Perry Gdalevitch, plasticienne","robots":{"index":"index","follow":"follow","max-snippet":"max-snippet:-1","max-image-preview":"max-image-preview:large","max-video-preview":"max-video-preview:-1"},"canonical":"https:\/\/www.phisurgery.ca\/fr\/clinique-de-chirurgie-plastique-phi\/","og_locale":"fr_FR","og_type":"article","og_title":"Clinique de op\u00e9ration plastique Phi | Chirurgie Plastique \u00e0 Montr\u00e9al","og_description":"Clinique de op\u00e9ration plastique Phi | Chirurgie Plastique et Esth\u00e9tique \u00e0 Montr\u00e9al par la Dre Perry Gdalevitch, plasticienne","og_url":"https:\/\/www.phisurgery.ca\/fr\/clinique-de-chirurgie-plastique-phi\/","og_site_name":"Chirurgie Plastique Phi","article_publisher":"https:\/\/www.facebook.com\/profile.php?id=100076054756282","article_modified_time":"2023-01-23T14:23:42+00:00","og_image":[{"width":1920,"height":980,"url":"https:\/\/www.phisurgery.ca\/wp-content\/uploads\/2022\/06\/Phi-Plastic-Surgery-Clinic.jpg","type":"image\/jpeg"}],"twitter_card":"summary_large_image","twitter_misc":{"Dur\u00e9e de lecture estim\u00e9e":"6 minutes"},"schema":{"@context":"https:\/\/schema.org","@graph":[{"@type":"WebPage","@id":"https:\/\/www.phisurgery.ca\/fr\/clinique-de-chirurgie-plastique-phi\/","url":"https:\/\/www.phisurgery.ca\/fr\/clinique-de-chirurgie-plastique-phi\/","name":"Clinique de op\u00e9ration plastique Phi | Chirurgie Plastique \u00e0 Montr\u00e9al","isPartOf":{"@id":"https:\/\/www.phisurgery.ca\/fr\/#website"},"primaryImageOfPage":{"@id":"https:\/\/www.phisurgery.ca\/fr\/clinique-de-chirurgie-plastique-phi\/#primaryimage"},"image":{"@id":"https:\/\/www.phisurgery.ca\/fr\/clinique-de-chirurgie-plastique-phi\/#primaryimage"},"thumbnailUrl":"https:\/\/www.phisurgery.ca\/wp-content\/uploads\/2022\/06\/Phi-Plastic-Surgery-Clinic.jpg","datePublished":"2022-05-25T16:22:11+00:00","dateModified":"2023-01-23T14:23:42+00:00","description":"Clinique de op\u00e9ration plastique Phi | Chirurgie Plastique et Esth\u00e9tique \u00e0 Montr\u00e9al par la Dre Perry Gdalevitch, plasticienne","breadcrumb":{"@id":"https:\/\/www.phisurgery.ca\/fr\/clinique-de-chirurgie-plastique-phi\/#breadcrumb"},"inLanguage":"fr-FR","potentialAction":[{"@type":"ReadAction","target":["https:\/\/www.phisurgery.ca\/fr\/clinique-de-chirurgie-plastique-phi\/"]}]},{"@type":"ImageObject","inLanguage":"fr-FR","@id":"https:\/\/www.phisurgery.ca\/fr\/clinique-de-chirurgie-plastique-phi\/#primaryimage","url":"https:\/\/www.phisurgery.ca\/wp-content\/uploads\/2022\/06\/Phi-Plastic-Surgery-Clinic.jpg","contentUrl":"https:\/\/www.phisurgery.ca\/wp-content\/uploads\/2022\/06\/Phi-Plastic-Surgery-Clinic.jpg","width":1920,"height":980},{"@type":"BreadcrumbList","@id":"https:\/\/www.phisurgery.ca\/fr\/clinique-de-chirurgie-plastique-phi\/#breadcrumb","itemListElement":[{"@type":"ListItem","position":1,"name":"Home","item":"https:\/\/www.phisurgery.ca\/fr\/"},{"@type":"ListItem","position":2,"name":"Clinique de op\u00e9ration plastique Phi"}]},{"@type":"WebSite","@id":"https:\/\/www.phisurgery.ca\/fr\/#website","url":"https:\/\/www.phisurgery.ca\/fr\/","name":"PHI Plastic Surgery","description":"","publisher":{"@id":"https:\/\/www.phisurgery.ca\/fr\/#organization"},"potentialAction":[{"@type":"SearchAction","target":{"@type":"EntryPoint","urlTemplate":"https:\/\/www.phisurgery.ca\/fr\/?s={search_term_string}"},"query-input":{"@type":"PropertyValueSpecification","valueRequired":true,"valueName":"search_term_string"}}],"inLanguage":"fr-FR"},{"@type":"Organization","@id":"https:\/\/www.phisurgery.ca\/fr\/#organization","name":"PHI Plastic Surgery","url":"https:\/\/www.phisurgery.ca\/fr\/","logo":{"@type":"ImageObject","inLanguage":"fr-FR","@id":"https:\/\/www.phisurgery.ca\/fr\/#\/schema\/logo\/image\/","url":"https:\/\/phisurgery.ca\/wp-content\/uploads\/2022\/07\/phi-logo-letters.png","contentUrl":"https:\/\/phisurgery.ca\/wp-content\/uploads\/2022\/07\/phi-logo-letters.png","width":240,"height":240,"caption":"PHI Plastic Surgery"},"image":{"@id":"https:\/\/www.phisurgery.ca\/fr\/#\/schema\/logo\/image\/"},"sameAs":["https:\/\/www.facebook.com\/profile.php?id=100076054756282","https:\/\/www.instagram.com\/phisurgery\/","https:\/\/www.linkedin.com\/company\/phisurgery","https:\/\/www.ratemds.com\/doctor-ratings\/3508573\/Dr-Perry-Gdalevitch-Vancouver-BC.html"]}]}},"acf":[],"_links":{"self":[{"href":"https:\/\/www.phisurgery.ca\/fr\/wp-json\/wp\/v2\/pages\/4015","targetHints":{"allow":["GET"]}}],"collection":[{"href":"https:\/\/www.phisurgery.ca\/fr\/wp-json\/wp\/v2\/pages"}],"about":[{"href":"https:\/\/www.phisurgery.ca\/fr\/wp-json\/wp\/v2\/types\/page"}],"author":[{"embeddable":true,"href":"https:\/\/www.phisurgery.ca\/fr\/wp-json\/wp\/v2\/users\/1"}],"replies":[{"embeddable":true,"href":"https:\/\/www.phisurgery.ca\/fr\/wp-json\/wp\/v2\/comments?post=4015"}],"version-history":[{"count":14,"href":"https:\/\/www.phisurgery.ca\/fr\/wp-json\/wp\/v2\/pages\/4015\/revisions"}],"predecessor-version":[{"id":4900,"href":"https:\/\/www.phisurgery.ca\/fr\/wp-json\/wp\/v2\/pages\/4015\/revisions\/4900"}],"wp:featuredmedia":[{"embeddable":true,"href":"https:\/\/www.phisurgery.ca\/fr\/wp-json\/wp\/v2\/media\/3196"}],"wp:attachment":[{"href":"https:\/\/www.phisurgery.ca\/fr\/wp-json\/wp\/v2\/media?parent=4015"}],"curies":[{"name":"wp","href":"https:\/\/api.w.org\/{rel}","templated":true}]}}