{"id":4188,"date":"2022-05-19T14:57:52","date_gmt":"2022-05-19T14:57:52","guid":{"rendered":"https:\/\/phisurgery.ca\/consultation-virtuelle\/"},"modified":"2023-04-14T18:32:09","modified_gmt":"2023-04-14T18:32:09","slug":"consultation-virtuelle","status":"publish","type":"page","link":"https:\/\/www.phisurgery.ca\/fr\/consultation-virtuelle\/","title":{"rendered":"Consultation virtuelle"},"content":{"rendered":"<p>[vc_row css_animation=\u00a0\u00bb\u00a0\u00bb row_type=\u00a0\u00bbrow\u00a0\u00bb use_row_as_full_screen_section=\u00a0\u00bbno\u00a0\u00bb type=\u00a0\u00bbgrid\u00a0\u00bb angled_section=\u00a0\u00bbno\u00a0\u00bb text_align=\u00a0\u00bbleft\u00a0\u00bb background_image_as_pattern=\u00a0\u00bbwithout_pattern\u00a0\u00bb z_index=\u00a0\u00bb\u00a0\u00bb el_class=\u00a0\u00bbflex-center column-reverse-sm\u00a0\u00bb][vc_column width=\u00a0\u00bb1\/2&Prime; el_class=\u00a0\u00bbpr-60&Prime;][vc_column_text]Pour beaucoup de nos patients, la consultation est l\u2019un des moments les plus importants du processus de op\u00e9ration plastique. Elle donne l\u2019occasion de passer un moment en t\u00eate-\u00e0-t\u00eate avec la chirurgienne. Une consultation virtuelle est tout aussi efficace.<\/p>\n<p>Dre Gdalevitch offre \u00e0 ses patients la possibilit\u00e9 d\u2019assister \u00e0 une consultation virtuelle dans le confort de leur foyer.<\/p>\n<p>Une fois la consultation planifi\u00e9e en ligne, vous pourrez nous envoyer vos photos. Celles-ci serviront de point de d\u00e9part \u00e0 la discussion des parties de votre corps que vous souhaitez am\u00e9liorer. Faites ce premier pas d\u00e8s aujourd\u2019hui !<br \/>\n[\/vc_column_text][\/vc_column][vc_column width=\u00a0\u00bb1\/2&Prime;][vc_single_image image=\u00a0\u00bb2968&Prime; img_size=\u00a0\u00bbfull\u00a0\u00bb qode_css_animation=\u00a0\u00bb\u00a0\u00bb][\/vc_column][\/vc_row][vc_row css_animation=\u00a0\u00bb\u00a0\u00bb row_type=\u00a0\u00bbrow\u00a0\u00bb use_row_as_full_screen_section=\u00a0\u00bbno\u00a0\u00bb type=\u00a0\u00bbgrid\u00a0\u00bb angled_section=\u00a0\u00bbno\u00a0\u00bb text_align=\u00a0\u00bbleft\u00a0\u00bb background_image_as_pattern=\u00a0\u00bbwithout_pattern\u00a0\u00bb z_index=\u00a0\u00bb\u00a0\u00bb el_class=\u00a0\u00bbflex-center\u00a0\u00bb][vc_column width=\u00a0\u00bb1\/2&Prime;][vc_single_image image=\u00a0\u00bb2963&Prime; img_size=\u00a0\u00bbfull\u00a0\u00bb qode_css_animation=\u00a0\u00bb\u00a0\u00bb][vc_empty_space height=\u00a0\u00bb40px\u00a0\u00bb el_class=\u00a0\u00bbshow-sm\u00a0\u00bb][\/vc_column][vc_column width=\u00a0\u00bb1\/2&Prime; el_class=\u00a0\u00bbpl-60&Prime;][vc_column_text]<\/p>\n<h4 style=\"margin-bottom: 30px;\">Les avantages d\u2019une consultation virtuelle :<\/h4>\n<ul class=\"checkmarks\">\n<li>Un \u00ab t\u00eate-\u00e0-t\u00eate \u00bb avec Dre Gdalevitch dans le confort de votre propre foyer;<\/li>\n<li>Les r\u00e9ponses \u00e0 vos questions concernant vos objectifs esth\u00e9tiques et vos pr\u00e9occupations avant la chirurgie;<\/li>\n<li>L\u2019opportunit\u00e9 de conna\u00eetre les diff\u00e9rentes options et interventions sp\u00e9cifiques qui vous permettront d\u2019atteindre vos objectifs;<\/li>\n<li>Les r\u00e9ponses \u00e0 toutes vos questions concernant la p\u00e9riode pr\u00e9op\u00e9ratoire et postop\u00e9ratoire.<\/li>\n<\/ul>\n<p>[\/vc_column_text][\/vc_column][\/vc_row][vc_row css_animation=\u00a0\u00bb\u00a0\u00bb row_type=\u00a0\u00bbrow\u00a0\u00bb use_row_as_full_screen_section=\u00a0\u00bbno\u00a0\u00bb type=\u00a0\u00bbgrid\u00a0\u00bb angled_section=\u00a0\u00bbno\u00a0\u00bb text_align=\u00a0\u00bbleft\u00a0\u00bb background_image_as_pattern=\u00a0\u00bbwithout_pattern\u00a0\u00bb z_index=\u00a0\u00bb\u00a0\u00bb el_class=\u00a0\u00bbstepz\u00a0\u00bb][vc_column][vc_column_text]<\/p>\n<h2 style=\"text-align: center;\">La consultation virtuelle, en t\u00eate-\u00e0-t\u00eate avec Dre Gdalevitch, peut \u00eatre planifi\u00e9e en trois \u00e9tapes simples.<\/h2>\n<ul class=\"steps\">\n<li><strong>\u00c9TAPE 1<\/strong> <em>Remplissez le formulaire en ligne avec les informations requises.<br \/>\n<\/em><\/li>\n<li><strong>\u00c9TAPE 2<\/strong> <em>V\u00e9rifiez votre courriel pour recevoir une invitation \u00e0 la consultation.<\/em><\/li>\n<li><strong>\u00c9TAPE 3<\/strong> <em>Le jour de votre rendez-vous, ouvrez le lien fourni dans le courriel et votre consultation pourra d\u00e9buter.<\/em><\/li>\n<\/ul>\n<p>[\/vc_column_text][\/vc_column][\/vc_row][vc_row css_animation=\u00a0\u00bb\u00a0\u00bb row_type=\u00a0\u00bbrow\u00a0\u00bb use_row_as_full_screen_section=\u00a0\u00bbno\u00a0\u00bb type=\u00a0\u00bbgrid\u00a0\u00bb angled_section=\u00a0\u00bbno\u00a0\u00bb text_align=\u00a0\u00bbleft\u00a0\u00bb background_image_as_pattern=\u00a0\u00bbwithout_pattern\u00a0\u00bb z_index=\u00a0\u00bb\u00a0\u00bb el_class=\u00a0\u00bbgood\u00a0\u00bb][vc_column][vc_column_text]Si vous d\u00e9sirez am\u00e9liorer votre apparence, Dre Perry Gdalevitch offre une expertise in\u00e9gal\u00e9e et une approche unique ax\u00e9e sur le patient. Vous trouverez ce genre de service nulle part ailleurs.<\/p>\n<p>En adaptant la proc\u00e9dure \u00e0 vos besoins en mati\u00e8re de beaut\u00e9, vous pouvez \u00eatre certain d\u2019obtenir une apparence rajeunie et les r\u00e9sultats magnifiques et naturels dont vous avez toujours r\u00eav\u00e9s.[\/vc_column_text]<script>console.log(\"center\");<\/script><div style=\"text-align:center\"><a href=\"\/fr\/schedule-a-consultation\/\" class=\"button button--mimas \" target=\"_self\"><div class=\"btn__bg\"><\/div><span>PLANIFIEZ UNE CONSULTATION<\/span><\/a><\/div>[\/vc_column][\/vc_row]<\/p>\n","protected":false},"excerpt":{"rendered":"<p>Obtenez les r\u00e9ponses \u00e0 toutes vos questions dans le confort de votre maison.<\/p>\n","protected":false},"author":1,"featured_media":3218,"parent":0,"menu_order":0,"comment_status":"closed","ping_status":"closed","template":"full_width.php","meta":{"footnotes":""},"class_list":["post-4188","page","type-page","status-publish","has-post-thumbnail","hentry"],"yoast_head":"<!-- This site is optimized with the Yoast SEO Premium plugin v27.5 (Yoast SEO v27.5) - https:\/\/yoast.com\/product\/yoast-seo-premium-wordpress\/ -->\n<title>Consultation virtuelle | Chirurgie Plastique \u00e0 Montr\u00e9al<\/title>\n<meta name=\"description\" content=\"Consultation virtuelle | Chirurgie Plastique et Esth\u00e9tique \u00e0 Montr\u00e9al par la Dre Perry Gdalevitch, plasticienne\" \/>\n<meta name=\"robots\" content=\"index, follow, max-snippet:-1, max-image-preview:large, max-video-preview:-1\" \/>\n<link rel=\"canonical\" href=\"https:\/\/www.phisurgery.ca\/fr\/consultation-virtuelle\/\" \/>\n<meta property=\"og:locale\" content=\"fr_FR\" \/>\n<meta property=\"og:type\" content=\"article\" \/>\n<meta property=\"og:title\" content=\"Consultation virtuelle\" \/>\n<meta property=\"og:description\" content=\"Consultation virtuelle | Chirurgie Plastique et Esth\u00e9tique \u00e0 Montr\u00e9al par la Dre Perry Gdalevitch, plasticienne\" \/>\n<meta property=\"og:url\" content=\"https:\/\/www.phisurgery.ca\/fr\/consultation-virtuelle\/\" \/>\n<meta property=\"og:site_name\" content=\"Chirurgie Plastique Phi\" \/>\n<meta property=\"article:publisher\" content=\"https:\/\/www.facebook.com\/profile.php?id=100076054756282\" \/>\n<meta property=\"article:modified_time\" content=\"2023-04-14T18:32:09+00:00\" \/>\n<meta property=\"og:image\" content=\"https:\/\/www.phisurgery.ca\/wp-content\/uploads\/2022\/06\/virt22.jpg\" \/>\n\t<meta property=\"og:image:width\" content=\"1920\" \/>\n\t<meta property=\"og:image:height\" content=\"1095\" \/>\n\t<meta property=\"og:image:type\" content=\"image\/jpeg\" \/>\n<meta name=\"twitter:card\" content=\"summary_large_image\" \/>\n<meta name=\"twitter:label1\" content=\"Dur\u00e9e de lecture estim\u00e9e\" \/>\n\t<meta name=\"twitter:data1\" content=\"2 minutes\" \/>\n<script type=\"application\/ld+json\" class=\"yoast-schema-graph\">{\"@context\":\"https:\\\/\\\/schema.org\",\"@graph\":[{\"@type\":\"WebPage\",\"@id\":\"https:\\\/\\\/www.phisurgery.ca\\\/fr\\\/consultation-virtuelle\\\/\",\"url\":\"https:\\\/\\\/www.phisurgery.ca\\\/fr\\\/consultation-virtuelle\\\/\",\"name\":\"Consultation virtuelle | Chirurgie Plastique \u00e0 Montr\u00e9al\",\"isPartOf\":{\"@id\":\"https:\\\/\\\/www.phisurgery.ca\\\/fr\\\/#website\"},\"primaryImageOfPage\":{\"@id\":\"https:\\\/\\\/www.phisurgery.ca\\\/fr\\\/consultation-virtuelle\\\/#primaryimage\"},\"image\":{\"@id\":\"https:\\\/\\\/www.phisurgery.ca\\\/fr\\\/consultation-virtuelle\\\/#primaryimage\"},\"thumbnailUrl\":\"https:\\\/\\\/www.phisurgery.ca\\\/wp-content\\\/uploads\\\/2022\\\/06\\\/virt22.jpg\",\"datePublished\":\"2022-05-19T14:57:52+00:00\",\"dateModified\":\"2023-04-14T18:32:09+00:00\",\"description\":\"Consultation virtuelle | Chirurgie Plastique et Esth\u00e9tique \u00e0 Montr\u00e9al par la Dre Perry Gdalevitch, plasticienne\",\"breadcrumb\":{\"@id\":\"https:\\\/\\\/www.phisurgery.ca\\\/fr\\\/consultation-virtuelle\\\/#breadcrumb\"},\"inLanguage\":\"fr-FR\",\"potentialAction\":[{\"@type\":\"ReadAction\",\"target\":[\"https:\\\/\\\/www.phisurgery.ca\\\/fr\\\/consultation-virtuelle\\\/\"]}]},{\"@type\":\"ImageObject\",\"inLanguage\":\"fr-FR\",\"@id\":\"https:\\\/\\\/www.phisurgery.ca\\\/fr\\\/consultation-virtuelle\\\/#primaryimage\",\"url\":\"https:\\\/\\\/www.phisurgery.ca\\\/wp-content\\\/uploads\\\/2022\\\/06\\\/virt22.jpg\",\"contentUrl\":\"https:\\\/\\\/www.phisurgery.ca\\\/wp-content\\\/uploads\\\/2022\\\/06\\\/virt22.jpg\",\"width\":1920,\"height\":1095},{\"@type\":\"BreadcrumbList\",\"@id\":\"https:\\\/\\\/www.phisurgery.ca\\\/fr\\\/consultation-virtuelle\\\/#breadcrumb\",\"itemListElement\":[{\"@type\":\"ListItem\",\"position\":1,\"name\":\"Home\",\"item\":\"https:\\\/\\\/www.phisurgery.ca\\\/fr\\\/\"},{\"@type\":\"ListItem\",\"position\":2,\"name\":\"Consultation virtuelle\"}]},{\"@type\":\"WebSite\",\"@id\":\"https:\\\/\\\/www.phisurgery.ca\\\/fr\\\/#website\",\"url\":\"https:\\\/\\\/www.phisurgery.ca\\\/fr\\\/\",\"name\":\"PHI Plastic Surgery\",\"description\":\"\",\"publisher\":{\"@id\":\"https:\\\/\\\/www.phisurgery.ca\\\/fr\\\/#organization\"},\"potentialAction\":[{\"@type\":\"SearchAction\",\"target\":{\"@type\":\"EntryPoint\",\"urlTemplate\":\"https:\\\/\\\/www.phisurgery.ca\\\/fr\\\/?s={search_term_string}\"},\"query-input\":{\"@type\":\"PropertyValueSpecification\",\"valueRequired\":true,\"valueName\":\"search_term_string\"}}],\"inLanguage\":\"fr-FR\"},{\"@type\":\"Organization\",\"@id\":\"https:\\\/\\\/www.phisurgery.ca\\\/fr\\\/#organization\",\"name\":\"PHI Plastic Surgery\",\"url\":\"https:\\\/\\\/www.phisurgery.ca\\\/fr\\\/\",\"logo\":{\"@type\":\"ImageObject\",\"inLanguage\":\"fr-FR\",\"@id\":\"https:\\\/\\\/www.phisurgery.ca\\\/fr\\\/#\\\/schema\\\/logo\\\/image\\\/\",\"url\":\"https:\\\/\\\/phisurgery.ca\\\/wp-content\\\/uploads\\\/2022\\\/07\\\/phi-logo-letters.png\",\"contentUrl\":\"https:\\\/\\\/phisurgery.ca\\\/wp-content\\\/uploads\\\/2022\\\/07\\\/phi-logo-letters.png\",\"width\":240,\"height\":240,\"caption\":\"PHI Plastic Surgery\"},\"image\":{\"@id\":\"https:\\\/\\\/www.phisurgery.ca\\\/fr\\\/#\\\/schema\\\/logo\\\/image\\\/\"},\"sameAs\":[\"https:\\\/\\\/www.facebook.com\\\/profile.php?id=100076054756282\",\"https:\\\/\\\/www.instagram.com\\\/phisurgery\\\/\",\"https:\\\/\\\/www.linkedin.com\\\/company\\\/phisurgery\",\"https:\\\/\\\/www.ratemds.com\\\/doctor-ratings\\\/3508573\\\/Dr-Perry-Gdalevitch-Vancouver-BC.html\"]}]}<\/script>\n<!-- \/ Yoast SEO Premium plugin. -->","yoast_head_json":{"title":"Consultation virtuelle | Chirurgie Plastique \u00e0 Montr\u00e9al","description":"Consultation virtuelle | Chirurgie Plastique et Esth\u00e9tique \u00e0 Montr\u00e9al par la Dre Perry Gdalevitch, plasticienne","robots":{"index":"index","follow":"follow","max-snippet":"max-snippet:-1","max-image-preview":"max-image-preview:large","max-video-preview":"max-video-preview:-1"},"canonical":"https:\/\/www.phisurgery.ca\/fr\/consultation-virtuelle\/","og_locale":"fr_FR","og_type":"article","og_title":"Consultation virtuelle","og_description":"Consultation virtuelle | Chirurgie Plastique et Esth\u00e9tique \u00e0 Montr\u00e9al par la Dre Perry Gdalevitch, plasticienne","og_url":"https:\/\/www.phisurgery.ca\/fr\/consultation-virtuelle\/","og_site_name":"Chirurgie Plastique Phi","article_publisher":"https:\/\/www.facebook.com\/profile.php?id=100076054756282","article_modified_time":"2023-04-14T18:32:09+00:00","og_image":[{"width":1920,"height":1095,"url":"https:\/\/www.phisurgery.ca\/wp-content\/uploads\/2022\/06\/virt22.jpg","type":"image\/jpeg"}],"twitter_card":"summary_large_image","twitter_misc":{"Dur\u00e9e de lecture estim\u00e9e":"2 minutes"},"schema":{"@context":"https:\/\/schema.org","@graph":[{"@type":"WebPage","@id":"https:\/\/www.phisurgery.ca\/fr\/consultation-virtuelle\/","url":"https:\/\/www.phisurgery.ca\/fr\/consultation-virtuelle\/","name":"Consultation virtuelle | Chirurgie Plastique \u00e0 Montr\u00e9al","isPartOf":{"@id":"https:\/\/www.phisurgery.ca\/fr\/#website"},"primaryImageOfPage":{"@id":"https:\/\/www.phisurgery.ca\/fr\/consultation-virtuelle\/#primaryimage"},"image":{"@id":"https:\/\/www.phisurgery.ca\/fr\/consultation-virtuelle\/#primaryimage"},"thumbnailUrl":"https:\/\/www.phisurgery.ca\/wp-content\/uploads\/2022\/06\/virt22.jpg","datePublished":"2022-05-19T14:57:52+00:00","dateModified":"2023-04-14T18:32:09+00:00","description":"Consultation virtuelle | Chirurgie Plastique et Esth\u00e9tique \u00e0 Montr\u00e9al par la Dre Perry Gdalevitch, plasticienne","breadcrumb":{"@id":"https:\/\/www.phisurgery.ca\/fr\/consultation-virtuelle\/#breadcrumb"},"inLanguage":"fr-FR","potentialAction":[{"@type":"ReadAction","target":["https:\/\/www.phisurgery.ca\/fr\/consultation-virtuelle\/"]}]},{"@type":"ImageObject","inLanguage":"fr-FR","@id":"https:\/\/www.phisurgery.ca\/fr\/consultation-virtuelle\/#primaryimage","url":"https:\/\/www.phisurgery.ca\/wp-content\/uploads\/2022\/06\/virt22.jpg","contentUrl":"https:\/\/www.phisurgery.ca\/wp-content\/uploads\/2022\/06\/virt22.jpg","width":1920,"height":1095},{"@type":"BreadcrumbList","@id":"https:\/\/www.phisurgery.ca\/fr\/consultation-virtuelle\/#breadcrumb","itemListElement":[{"@type":"ListItem","position":1,"name":"Home","item":"https:\/\/www.phisurgery.ca\/fr\/"},{"@type":"ListItem","position":2,"name":"Consultation virtuelle"}]},{"@type":"WebSite","@id":"https:\/\/www.phisurgery.ca\/fr\/#website","url":"https:\/\/www.phisurgery.ca\/fr\/","name":"PHI Plastic Surgery","description":"","publisher":{"@id":"https:\/\/www.phisurgery.ca\/fr\/#organization"},"potentialAction":[{"@type":"SearchAction","target":{"@type":"EntryPoint","urlTemplate":"https:\/\/www.phisurgery.ca\/fr\/?s={search_term_string}"},"query-input":{"@type":"PropertyValueSpecification","valueRequired":true,"valueName":"search_term_string"}}],"inLanguage":"fr-FR"},{"@type":"Organization","@id":"https:\/\/www.phisurgery.ca\/fr\/#organization","name":"PHI Plastic Surgery","url":"https:\/\/www.phisurgery.ca\/fr\/","logo":{"@type":"ImageObject","inLanguage":"fr-FR","@id":"https:\/\/www.phisurgery.ca\/fr\/#\/schema\/logo\/image\/","url":"https:\/\/phisurgery.ca\/wp-content\/uploads\/2022\/07\/phi-logo-letters.png","contentUrl":"https:\/\/phisurgery.ca\/wp-content\/uploads\/2022\/07\/phi-logo-letters.png","width":240,"height":240,"caption":"PHI Plastic Surgery"},"image":{"@id":"https:\/\/www.phisurgery.ca\/fr\/#\/schema\/logo\/image\/"},"sameAs":["https:\/\/www.facebook.com\/profile.php?id=100076054756282","https:\/\/www.instagram.com\/phisurgery\/","https:\/\/www.linkedin.com\/company\/phisurgery","https:\/\/www.ratemds.com\/doctor-ratings\/3508573\/Dr-Perry-Gdalevitch-Vancouver-BC.html"]}]}},"acf":[],"_links":{"self":[{"href":"https:\/\/www.phisurgery.ca\/fr\/wp-json\/wp\/v2\/pages\/4188","targetHints":{"allow":["GET"]}}],"collection":[{"href":"https:\/\/www.phisurgery.ca\/fr\/wp-json\/wp\/v2\/pages"}],"about":[{"href":"https:\/\/www.phisurgery.ca\/fr\/wp-json\/wp\/v2\/types\/page"}],"author":[{"embeddable":true,"href":"https:\/\/www.phisurgery.ca\/fr\/wp-json\/wp\/v2\/users\/1"}],"replies":[{"embeddable":true,"href":"https:\/\/www.phisurgery.ca\/fr\/wp-json\/wp\/v2\/comments?post=4188"}],"version-history":[{"count":6,"href":"https:\/\/www.phisurgery.ca\/fr\/wp-json\/wp\/v2\/pages\/4188\/revisions"}],"predecessor-version":[{"id":4907,"href":"https:\/\/www.phisurgery.ca\/fr\/wp-json\/wp\/v2\/pages\/4188\/revisions\/4907"}],"wp:featuredmedia":[{"embeddable":true,"href":"https:\/\/www.phisurgery.ca\/fr\/wp-json\/wp\/v2\/media\/3218"}],"wp:attachment":[{"href":"https:\/\/www.phisurgery.ca\/fr\/wp-json\/wp\/v2\/media?parent=4188"}],"curies":[{"name":"wp","href":"https:\/\/api.w.org\/{rel}","templated":true}]}}