{"id":4641,"date":"2022-12-03T18:57:12","date_gmt":"2022-12-03T18:57:12","guid":{"rendered":"https:\/\/phisurgery.ca\/?page_id=4641"},"modified":"2023-03-13T16:08:13","modified_gmt":"2023-03-13T16:08:13","slug":"melanie-turgeon","status":"publish","type":"page","link":"https:\/\/www.phisurgery.ca\/fr\/notre-equipe\/melanie-turgeon\/","title":{"rendered":"M\u00e9lanie Turgeon"},"content":{"rendered":"<p>[vc_row css_animation=\u00a0\u00bb\u00a0\u00bb row_type=\u00a0\u00bbrow\u00a0\u00bb use_row_as_full_screen_section=\u00a0\u00bbno\u00a0\u00bb type=\u00a0\u00bbgrid\u00a0\u00bb angled_section=\u00a0\u00bbno\u00a0\u00bb text_align=\u00a0\u00bbleft\u00a0\u00bb background_image_as_pattern=\u00a0\u00bbwithout_pattern\u00a0\u00bb z_index=\u00a0\u00bb\u00a0\u00bb el_class=\u00a0\u00bbflex-center\u00a0\u00bb][vc_column width=\u00a0\u00bb1\/2&Prime;][vc_single_image image=\u00a0\u00bb5029&Prime; img_size=\u00a0\u00bbfull\u00a0\u00bb qode_css_animation=\u00a0\u00bb\u00a0\u00bb el_class=\u00a0\u00bbphi\u00a0\u00bb][\/vc_column][vc_column width=\u00a0\u00bb1\/2&Prime;][vc_column_text]<\/p>\n<h3 class=\"nurse\">M\u00e9lanie Turgeon <em>Infirmi\u00e8re en chef<\/em><\/h3>\n<p>Infirmi\u00e8re depuis plus de vingt ans et praticienne en salle d\u2019op\u00e9ration depuis 15 ans, j\u2019ai pu acqu\u00e9rir, au long de ces nombreuses ann\u00e9es, des comp\u00e9tences cruciales me permettant de diriger efficacement le bloc op\u00e9ratoire. Je planifie, supervise et coordonne les activit\u00e9s chirurgicales, tout en ayant un r\u00f4le de formatrice.<\/p>\n<p>J\u2019agis en tant que personne-ressource aupr\u00e8s de mes coll\u00e8gues pour la planification, la distribution et l\u2019\u00e9valuation des soins infirmiers p\u00e9ri-op\u00e9ratoire. De plus, j\u2019exerce mes fonctions d\u2019infirmi\u00e8re en salle d\u2019op\u00e9ration pour fournir l\u2019aide technique en cas de besoin.<\/p>\n<p>J\u2019aime offrir des soins attentionn\u00e9s, bienveillants et individualis\u00e9s \u00e0 chaque patient. Je vise continuellement l\u2019excellence en offrant les meilleures techniques chirurgicales et un niveau de s\u00e9curit\u00e9 in\u00e9gal\u00e9.[\/vc_column_text][\/vc_column][\/vc_row]<\/p>\n","protected":false},"excerpt":{"rendered":"<p>[vc_row css_animation=\u00a0\u00bb\u00a0\u00bb row_type=\u00a0\u00bbrow\u00a0\u00bb use_row_as_full_screen_section=\u00a0\u00bbno\u00a0\u00bb type=\u00a0\u00bbgrid\u00a0\u00bb angled_section=\u00a0\u00bbno\u00a0\u00bb text_align=\u00a0\u00bbleft\u00a0\u00bb background_image_as_pattern=\u00a0\u00bbwithout_pattern\u00a0\u00bb z_index=\u00a0\u00bb\u00a0\u00bb el_class=\u00a0\u00bbflex-center\u00a0\u00bb][vc_column width=\u00a0\u00bb1\/2&Prime;][vc_single_image image=\u00a0\u00bb5029&Prime; img_size=\u00a0\u00bbfull\u00a0\u00bb qode_css_animation=\u00a0\u00bb\u00a0\u00bb el_class=\u00a0\u00bbphi\u00a0\u00bb][\/vc_column][vc_column width=\u00a0\u00bb1\/2&Prime;][vc_column_text] M\u00e9lanie Turgeon Infirmi\u00e8re en chef Infirmi\u00e8re depuis plus de vingt ans et praticienne en salle d\u2019op\u00e9ration depuis 15 ans, j\u2019ai pu acqu\u00e9rir, au long de ces nombreuses ann\u00e9es, des&#8230;<\/p>\n","protected":false},"author":1,"featured_media":0,"parent":3904,"menu_order":0,"comment_status":"closed","ping_status":"closed","template":"full_width.php","meta":{"footnotes":""},"class_list":["post-4641","page","type-page","status-publish","hentry"],"yoast_head":"<!-- This site is optimized with the Yoast SEO Premium plugin v27.5 (Yoast SEO v27.5) - https:\/\/yoast.com\/product\/yoast-seo-premium-wordpress\/ -->\n<title>M\u00e9lanie Turgeon | Chirurgie Plastique \u00e0 Montr\u00e9al<\/title>\n<meta name=\"description\" content=\"M\u00e9lanie Turgeon | Chirurgie Plastique et Esth\u00e9tique \u00e0 Montr\u00e9al par la Dre Perry Gdalevitch, plasticienne\" \/>\n<meta name=\"robots\" content=\"index, follow, max-snippet:-1, max-image-preview:large, max-video-preview:-1\" \/>\n<link rel=\"canonical\" href=\"https:\/\/www.phisurgery.ca\/fr\/notre-equipe\/melanie-turgeon\/\" \/>\n<meta property=\"og:locale\" content=\"fr_FR\" \/>\n<meta property=\"og:type\" content=\"article\" \/>\n<meta property=\"og:title\" content=\"M\u00e9lanie Turgeon\" \/>\n<meta property=\"og:description\" content=\"M\u00e9lanie Turgeon | Chirurgie Plastique et Esth\u00e9tique \u00e0 Montr\u00e9al par la Dre Perry Gdalevitch, plasticienne\" \/>\n<meta property=\"og:url\" content=\"https:\/\/www.phisurgery.ca\/fr\/notre-equipe\/melanie-turgeon\/\" \/>\n<meta property=\"og:site_name\" content=\"Chirurgie Plastique Phi\" \/>\n<meta property=\"article:publisher\" content=\"https:\/\/www.facebook.com\/profile.php?id=100076054756282\" \/>\n<meta property=\"article:modified_time\" content=\"2023-03-13T16:08:13+00:00\" \/>\n<meta name=\"twitter:card\" content=\"summary_large_image\" \/>\n<meta name=\"twitter:label1\" content=\"Dur\u00e9e de lecture estim\u00e9e\" \/>\n\t<meta name=\"twitter:data1\" content=\"1 minute\" \/>\n<script type=\"application\/ld+json\" class=\"yoast-schema-graph\">{\"@context\":\"https:\\\/\\\/schema.org\",\"@graph\":[{\"@type\":\"WebPage\",\"@id\":\"https:\\\/\\\/www.phisurgery.ca\\\/fr\\\/notre-equipe\\\/melanie-turgeon\\\/\",\"url\":\"https:\\\/\\\/www.phisurgery.ca\\\/fr\\\/notre-equipe\\\/melanie-turgeon\\\/\",\"name\":\"M\u00e9lanie Turgeon | Chirurgie Plastique \u00e0 Montr\u00e9al\",\"isPartOf\":{\"@id\":\"https:\\\/\\\/www.phisurgery.ca\\\/fr\\\/#website\"},\"datePublished\":\"2022-12-03T18:57:12+00:00\",\"dateModified\":\"2023-03-13T16:08:13+00:00\",\"description\":\"M\u00e9lanie Turgeon | Chirurgie Plastique et Esth\u00e9tique \u00e0 Montr\u00e9al par la Dre Perry Gdalevitch, plasticienne\",\"breadcrumb\":{\"@id\":\"https:\\\/\\\/www.phisurgery.ca\\\/fr\\\/notre-equipe\\\/melanie-turgeon\\\/#breadcrumb\"},\"inLanguage\":\"fr-FR\",\"potentialAction\":[{\"@type\":\"ReadAction\",\"target\":[\"https:\\\/\\\/www.phisurgery.ca\\\/fr\\\/notre-equipe\\\/melanie-turgeon\\\/\"]}]},{\"@type\":\"BreadcrumbList\",\"@id\":\"https:\\\/\\\/www.phisurgery.ca\\\/fr\\\/notre-equipe\\\/melanie-turgeon\\\/#breadcrumb\",\"itemListElement\":[{\"@type\":\"ListItem\",\"position\":1,\"name\":\"Home\",\"item\":\"https:\\\/\\\/www.phisurgery.ca\\\/fr\\\/\"},{\"@type\":\"ListItem\",\"position\":2,\"name\":\"Notre \u00e9quipe\",\"item\":\"https:\\\/\\\/www.phisurgery.ca\\\/fr\\\/notre-equipe\\\/\"},{\"@type\":\"ListItem\",\"position\":3,\"name\":\"M\u00e9lanie Turgeon\"}]},{\"@type\":\"WebSite\",\"@id\":\"https:\\\/\\\/www.phisurgery.ca\\\/fr\\\/#website\",\"url\":\"https:\\\/\\\/www.phisurgery.ca\\\/fr\\\/\",\"name\":\"PHI Plastic Surgery\",\"description\":\"\",\"publisher\":{\"@id\":\"https:\\\/\\\/www.phisurgery.ca\\\/fr\\\/#organization\"},\"potentialAction\":[{\"@type\":\"SearchAction\",\"target\":{\"@type\":\"EntryPoint\",\"urlTemplate\":\"https:\\\/\\\/www.phisurgery.ca\\\/fr\\\/?s={search_term_string}\"},\"query-input\":{\"@type\":\"PropertyValueSpecification\",\"valueRequired\":true,\"valueName\":\"search_term_string\"}}],\"inLanguage\":\"fr-FR\"},{\"@type\":\"Organization\",\"@id\":\"https:\\\/\\\/www.phisurgery.ca\\\/fr\\\/#organization\",\"name\":\"PHI Plastic Surgery\",\"url\":\"https:\\\/\\\/www.phisurgery.ca\\\/fr\\\/\",\"logo\":{\"@type\":\"ImageObject\",\"inLanguage\":\"fr-FR\",\"@id\":\"https:\\\/\\\/www.phisurgery.ca\\\/fr\\\/#\\\/schema\\\/logo\\\/image\\\/\",\"url\":\"https:\\\/\\\/phisurgery.ca\\\/wp-content\\\/uploads\\\/2022\\\/07\\\/phi-logo-letters.png\",\"contentUrl\":\"https:\\\/\\\/phisurgery.ca\\\/wp-content\\\/uploads\\\/2022\\\/07\\\/phi-logo-letters.png\",\"width\":240,\"height\":240,\"caption\":\"PHI Plastic Surgery\"},\"image\":{\"@id\":\"https:\\\/\\\/www.phisurgery.ca\\\/fr\\\/#\\\/schema\\\/logo\\\/image\\\/\"},\"sameAs\":[\"https:\\\/\\\/www.facebook.com\\\/profile.php?id=100076054756282\",\"https:\\\/\\\/www.instagram.com\\\/phisurgery\\\/\",\"https:\\\/\\\/www.linkedin.com\\\/company\\\/phisurgery\",\"https:\\\/\\\/www.ratemds.com\\\/doctor-ratings\\\/3508573\\\/Dr-Perry-Gdalevitch-Vancouver-BC.html\"]}]}<\/script>\n<!-- \/ Yoast SEO Premium plugin. -->","yoast_head_json":{"title":"M\u00e9lanie Turgeon | Chirurgie Plastique \u00e0 Montr\u00e9al","description":"M\u00e9lanie Turgeon | Chirurgie Plastique et Esth\u00e9tique \u00e0 Montr\u00e9al par la Dre Perry Gdalevitch, plasticienne","robots":{"index":"index","follow":"follow","max-snippet":"max-snippet:-1","max-image-preview":"max-image-preview:large","max-video-preview":"max-video-preview:-1"},"canonical":"https:\/\/www.phisurgery.ca\/fr\/notre-equipe\/melanie-turgeon\/","og_locale":"fr_FR","og_type":"article","og_title":"M\u00e9lanie Turgeon","og_description":"M\u00e9lanie Turgeon | Chirurgie Plastique et Esth\u00e9tique \u00e0 Montr\u00e9al par la Dre Perry Gdalevitch, plasticienne","og_url":"https:\/\/www.phisurgery.ca\/fr\/notre-equipe\/melanie-turgeon\/","og_site_name":"Chirurgie Plastique Phi","article_publisher":"https:\/\/www.facebook.com\/profile.php?id=100076054756282","article_modified_time":"2023-03-13T16:08:13+00:00","twitter_card":"summary_large_image","twitter_misc":{"Dur\u00e9e de lecture estim\u00e9e":"1 minute"},"schema":{"@context":"https:\/\/schema.org","@graph":[{"@type":"WebPage","@id":"https:\/\/www.phisurgery.ca\/fr\/notre-equipe\/melanie-turgeon\/","url":"https:\/\/www.phisurgery.ca\/fr\/notre-equipe\/melanie-turgeon\/","name":"M\u00e9lanie Turgeon | Chirurgie Plastique \u00e0 Montr\u00e9al","isPartOf":{"@id":"https:\/\/www.phisurgery.ca\/fr\/#website"},"datePublished":"2022-12-03T18:57:12+00:00","dateModified":"2023-03-13T16:08:13+00:00","description":"M\u00e9lanie Turgeon | Chirurgie Plastique et Esth\u00e9tique \u00e0 Montr\u00e9al par la Dre Perry Gdalevitch, plasticienne","breadcrumb":{"@id":"https:\/\/www.phisurgery.ca\/fr\/notre-equipe\/melanie-turgeon\/#breadcrumb"},"inLanguage":"fr-FR","potentialAction":[{"@type":"ReadAction","target":["https:\/\/www.phisurgery.ca\/fr\/notre-equipe\/melanie-turgeon\/"]}]},{"@type":"BreadcrumbList","@id":"https:\/\/www.phisurgery.ca\/fr\/notre-equipe\/melanie-turgeon\/#breadcrumb","itemListElement":[{"@type":"ListItem","position":1,"name":"Home","item":"https:\/\/www.phisurgery.ca\/fr\/"},{"@type":"ListItem","position":2,"name":"Notre \u00e9quipe","item":"https:\/\/www.phisurgery.ca\/fr\/notre-equipe\/"},{"@type":"ListItem","position":3,"name":"M\u00e9lanie Turgeon"}]},{"@type":"WebSite","@id":"https:\/\/www.phisurgery.ca\/fr\/#website","url":"https:\/\/www.phisurgery.ca\/fr\/","name":"PHI Plastic Surgery","description":"","publisher":{"@id":"https:\/\/www.phisurgery.ca\/fr\/#organization"},"potentialAction":[{"@type":"SearchAction","target":{"@type":"EntryPoint","urlTemplate":"https:\/\/www.phisurgery.ca\/fr\/?s={search_term_string}"},"query-input":{"@type":"PropertyValueSpecification","valueRequired":true,"valueName":"search_term_string"}}],"inLanguage":"fr-FR"},{"@type":"Organization","@id":"https:\/\/www.phisurgery.ca\/fr\/#organization","name":"PHI Plastic Surgery","url":"https:\/\/www.phisurgery.ca\/fr\/","logo":{"@type":"ImageObject","inLanguage":"fr-FR","@id":"https:\/\/www.phisurgery.ca\/fr\/#\/schema\/logo\/image\/","url":"https:\/\/phisurgery.ca\/wp-content\/uploads\/2022\/07\/phi-logo-letters.png","contentUrl":"https:\/\/phisurgery.ca\/wp-content\/uploads\/2022\/07\/phi-logo-letters.png","width":240,"height":240,"caption":"PHI Plastic Surgery"},"image":{"@id":"https:\/\/www.phisurgery.ca\/fr\/#\/schema\/logo\/image\/"},"sameAs":["https:\/\/www.facebook.com\/profile.php?id=100076054756282","https:\/\/www.instagram.com\/phisurgery\/","https:\/\/www.linkedin.com\/company\/phisurgery","https:\/\/www.ratemds.com\/doctor-ratings\/3508573\/Dr-Perry-Gdalevitch-Vancouver-BC.html"]}]}},"acf":[],"_links":{"self":[{"href":"https:\/\/www.phisurgery.ca\/fr\/wp-json\/wp\/v2\/pages\/4641","targetHints":{"allow":["GET"]}}],"collection":[{"href":"https:\/\/www.phisurgery.ca\/fr\/wp-json\/wp\/v2\/pages"}],"about":[{"href":"https:\/\/www.phisurgery.ca\/fr\/wp-json\/wp\/v2\/types\/page"}],"author":[{"embeddable":true,"href":"https:\/\/www.phisurgery.ca\/fr\/wp-json\/wp\/v2\/users\/1"}],"replies":[{"embeddable":true,"href":"https:\/\/www.phisurgery.ca\/fr\/wp-json\/wp\/v2\/comments?post=4641"}],"version-history":[{"count":7,"href":"https:\/\/www.phisurgery.ca\/fr\/wp-json\/wp\/v2\/pages\/4641\/revisions"}],"predecessor-version":[{"id":4646,"href":"https:\/\/www.phisurgery.ca\/fr\/wp-json\/wp\/v2\/pages\/4641\/revisions\/4646"}],"up":[{"embeddable":true,"href":"https:\/\/www.phisurgery.ca\/fr\/wp-json\/wp\/v2\/pages\/3904"}],"wp:attachment":[{"href":"https:\/\/www.phisurgery.ca\/fr\/wp-json\/wp\/v2\/media?parent=4641"}],"curies":[{"name":"wp","href":"https:\/\/api.w.org\/{rel}","templated":true}]}}