{"id":8563,"date":"2023-04-04T16:15:49","date_gmt":"2023-04-04T16:15:49","guid":{"rendered":"https:\/\/phisurgery.ca\/?page_id=8563"},"modified":"2023-04-04T16:17:47","modified_gmt":"2023-04-04T16:17:47","slug":"visage","status":"publish","type":"page","link":"https:\/\/www.phisurgery.ca\/fr\/visage\/","title":{"rendered":"Visage"},"content":{"rendered":"<p>[vc_row css_animation=\u00a0\u00bb\u00a0\u00bb row_type=\u00a0\u00bbrow\u00a0\u00bb use_row_as_full_screen_section=\u00a0\u00bbno\u00a0\u00bb type=\u00a0\u00bbgrid\u00a0\u00bb angled_section=\u00a0\u00bbno\u00a0\u00bb text_align=\u00a0\u00bbleft\u00a0\u00bb background_image_as_pattern=\u00a0\u00bbwithout_pattern\u00a0\u00bb z_index=\u00a0\u00bb\u00a0\u00bb][vc_column][vc_column_text]<div class=\"proc-short gtc-8\"><div><a class=\"hood\" href=\"https:\/\/www.phisurgery.ca\/fr\/service\/lifting-du-visage\/\"><figure>\n           <img loading=\"lazy\" decoding=\"async\" width=\"600\" height=\"800\" src=\"https:\/\/www.phisurgery.ca\/wp-content\/uploads\/2022\/05\/attractive-and-smiling-wmn-600x800.jpg\" class=\"attachment-portfolio-portrait size-portfolio-portrait wp-post-image\" alt=\"\" \/>\n             <figcaption>\n               <h3>Lifting du visage<\/h3>\n               <p><\/p>\n           <\/figcaption>\n       <\/figure><\/a><\/div><div><a class=\"hood\" href=\"https:\/\/www.phisurgery.ca\/fr\/service\/mini-facelift\/\"><figure>\n           <img loading=\"lazy\" decoding=\"async\" width=\"600\" height=\"800\" src=\"https:\/\/www.phisurgery.ca\/wp-content\/uploads\/2022\/05\/MINI-FACELIFT-600x800.jpg\" class=\"attachment-portfolio-portrait size-portfolio-portrait wp-post-image\" alt=\"\" \/>\n             <figcaption>\n               <h3>Mini-facelift<\/h3>\n               <p><\/p>\n           <\/figcaption>\n       <\/figure><\/a><\/div><div><a class=\"hood\" href=\"https:\/\/www.phisurgery.ca\/fr\/service\/lifting-du-cou\/\"><figure>\n           <img loading=\"lazy\" decoding=\"async\" width=\"600\" height=\"800\" src=\"https:\/\/www.phisurgery.ca\/wp-content\/uploads\/2022\/05\/necklift-hero-600x800.jpg\" class=\"attachment-portfolio-portrait size-portfolio-portrait wp-post-image\" alt=\"\" \/>\n             <figcaption>\n               <h3>Lifting du cou<\/h3>\n               <p><\/p>\n           <\/figcaption>\n       <\/figure><\/a><\/div><div><a class=\"hood\" href=\"https:\/\/www.phisurgery.ca\/fr\/service\/lifting-du-sourcil-lateral\/\"><figure>\n           <img loading=\"lazy\" decoding=\"async\" width=\"600\" height=\"800\" src=\"https:\/\/www.phisurgery.ca\/wp-content\/uploads\/2022\/05\/brow-lift-hero-600x800.jpg\" class=\"attachment-portfolio-portrait size-portfolio-portrait wp-post-image\" alt=\"\" \/>\n             <figcaption>\n               <h3>Lifting du sourcil temporal<\/h3>\n               <p><\/p>\n           <\/figcaption>\n       <\/figure><\/a><\/div><div><a class=\"hood\" href=\"https:\/\/www.phisurgery.ca\/fr\/service\/blepharoplastie\/\"><figure>\n           <img loading=\"lazy\" decoding=\"async\" width=\"600\" height=\"800\" src=\"https:\/\/www.phisurgery.ca\/wp-content\/uploads\/2022\/05\/blepharoplasty-600x800.jpg\" class=\"attachment-portfolio-portrait size-portfolio-portrait wp-post-image\" alt=\"\" \/>\n             <figcaption>\n               <h3>Bl\u00e9pharoplastie<\/h3>\n               <p><\/p>\n           <\/figcaption>\n       <\/figure><\/a><\/div><div><a class=\"hood\" href=\"https:\/\/www.phisurgery.ca\/fr\/service\/rhinoplastie\/\"><figure>\n           <img loading=\"lazy\" decoding=\"async\" width=\"600\" height=\"800\" src=\"https:\/\/www.phisurgery.ca\/wp-content\/uploads\/2022\/05\/Rhinoplasty-hero-600x800.jpg\" class=\"attachment-portfolio-portrait size-portfolio-portrait wp-post-image\" alt=\"\" \/>\n             <figcaption>\n               <h3>Rhinoplastie<\/h3>\n               <p><\/p>\n           <\/figcaption>\n       <\/figure><\/a><\/div><div><a class=\"hood\" href=\"https:\/\/www.phisurgery.ca\/fr\/service\/lifting-des-levres\/\"><figure>\n           <img loading=\"lazy\" decoding=\"async\" width=\"600\" height=\"800\" src=\"https:\/\/www.phisurgery.ca\/wp-content\/uploads\/2022\/05\/Lip-Lift-1-600x800.jpg\" class=\"attachment-portfolio-portrait size-portfolio-portrait wp-post-image\" alt=\"\" \/>\n             <figcaption>\n               <h3>Lifting des l\u00e8vres<\/h3>\n               <p><\/p>\n           <\/figcaption>\n       <\/figure><\/a><\/div><div><a class=\"hood\" href=\"https:\/\/www.phisurgery.ca\/fr\/service\/reduction-du-coussinet-adipeux-buccal-bichectomie\/\"><figure>\n           <img loading=\"lazy\" decoding=\"async\" width=\"600\" height=\"800\" src=\"https:\/\/www.phisurgery.ca\/wp-content\/uploads\/2022\/05\/Buccal-Fat-Pad-Removal-600x800.jpg\" class=\"attachment-portfolio-portrait size-portfolio-portrait wp-post-image\" alt=\"\" \/>\n             <figcaption>\n               <h3>R\u00e9duction du coussinet adipeux buccal (Bichectomie)<\/h3>\n               <p><\/p>\n           <\/figcaption>\n       <\/figure><\/a><\/div><\/div>[\/vc_column_text][\/vc_column][\/vc_row][vc_row css_animation=\u00a0\u00bb\u00a0\u00bb row_type=\u00a0\u00bbrow\u00a0\u00bb use_row_as_full_screen_section=\u00a0\u00bbno\u00a0\u00bb type=\u00a0\u00bbgrid\u00a0\u00bb angled_section=\u00a0\u00bbno\u00a0\u00bb text_align=\u00a0\u00bbleft\u00a0\u00bb background_image_as_pattern=\u00a0\u00bbwithout_pattern\u00a0\u00bb z_index=\u00a0\u00bb\u00a0\u00bb][vc_column][vc_column_text]<\/p>\n<p style=\"text-align: center;\">\u00c0 la clinique PHi Plastic Surgery, nous offrons des solutions efficaces et non invasives pour vos besoins en mati\u00e8re de beaut\u00e9.<\/p>\n<h5 style=\"text-align: center;\">Commencez votre parcours vers les r\u00e9sultats qui seront beaux et plus proportionn\u00e9s!<\/h5>\n<p>[\/vc_column_text][\/vc_column][\/vc_row]<\/p>\n","protected":false},"excerpt":{"rendered":"<p>Chirurgies du visage<\/p>\n","protected":false},"author":1,"featured_media":2949,"parent":0,"menu_order":0,"comment_status":"closed","ping_status":"closed","template":"full_width.php","meta":{"footnotes":""},"class_list":["post-8563","page","type-page","status-publish","has-post-thumbnail","hentry"],"yoast_head":"<!-- This site is optimized with the Yoast SEO plugin v26.2 - https:\/\/yoast.com\/wordpress\/plugins\/seo\/ -->\n<title>Visage | Chirurgie Plastique \u00e0 Montr\u00e9al<\/title>\n<meta name=\"description\" content=\"Visage | Chirurgie Plastique et Esth\u00e9tique \u00e0 Montr\u00e9al par la Dre Perry Gdalevitch, plasticienne\" \/>\n<meta name=\"robots\" content=\"index, follow, max-snippet:-1, max-image-preview:large, max-video-preview:-1\" \/>\n<link rel=\"canonical\" href=\"https:\/\/www.phisurgery.ca\/fr\/visage\/\" \/>\n<meta property=\"og:locale\" content=\"fr_FR\" \/>\n<meta property=\"og:type\" content=\"article\" \/>\n<meta property=\"og:title\" content=\"Visage | Chirurgie Plastique \u00e0 Montr\u00e9al\" \/>\n<meta property=\"og:description\" content=\"Visage | Chirurgie Plastique et Esth\u00e9tique \u00e0 Montr\u00e9al par la Dre Perry Gdalevitch, plasticienne\" \/>\n<meta property=\"og:url\" content=\"https:\/\/www.phisurgery.ca\/fr\/visage\/\" \/>\n<meta property=\"og:site_name\" content=\"Chirurgie Plastique Phi\" \/>\n<meta property=\"article:publisher\" content=\"https:\/\/www.facebook.com\/profile.php?id=100076054756282\" \/>\n<meta property=\"article:modified_time\" content=\"2023-04-04T16:17:47+00:00\" \/>\n<meta property=\"og:image\" content=\"https:\/\/www.phisurgery.ca\/wp-content\/uploads\/2022\/05\/attractive-and-smiling-wmn.jpg\" \/>\n\t<meta property=\"og:image:width\" content=\"1920\" \/>\n\t<meta property=\"og:image:height\" content=\"980\" \/>\n\t<meta property=\"og:image:type\" content=\"image\/jpeg\" \/>\n<meta name=\"twitter:card\" content=\"summary_large_image\" \/>\n<meta name=\"twitter:label1\" content=\"Dur\u00e9e de lecture estim\u00e9e\" \/>\n\t<meta name=\"twitter:data1\" content=\"1 minute\" \/>\n<script type=\"application\/ld+json\" class=\"yoast-schema-graph\">{\"@context\":\"https:\/\/schema.org\",\"@graph\":[{\"@type\":\"WebPage\",\"@id\":\"https:\/\/www.phisurgery.ca\/fr\/visage\/\",\"url\":\"https:\/\/www.phisurgery.ca\/fr\/visage\/\",\"name\":\"Visage | Chirurgie Plastique \u00e0 Montr\u00e9al\",\"isPartOf\":{\"@id\":\"https:\/\/www.phisurgery.ca\/fr\/#website\"},\"primaryImageOfPage\":{\"@id\":\"https:\/\/www.phisurgery.ca\/fr\/visage\/#primaryimage\"},\"image\":{\"@id\":\"https:\/\/www.phisurgery.ca\/fr\/visage\/#primaryimage\"},\"thumbnailUrl\":\"https:\/\/www.phisurgery.ca\/wp-content\/uploads\/2022\/05\/attractive-and-smiling-wmn.jpg\",\"datePublished\":\"2023-04-04T16:15:49+00:00\",\"dateModified\":\"2023-04-04T16:17:47+00:00\",\"description\":\"Visage | Chirurgie Plastique et Esth\u00e9tique \u00e0 Montr\u00e9al par la Dre Perry Gdalevitch, plasticienne\",\"breadcrumb\":{\"@id\":\"https:\/\/www.phisurgery.ca\/fr\/visage\/#breadcrumb\"},\"inLanguage\":\"fr-FR\",\"potentialAction\":[{\"@type\":\"ReadAction\",\"target\":[\"https:\/\/www.phisurgery.ca\/fr\/visage\/\"]}]},{\"@type\":\"ImageObject\",\"inLanguage\":\"fr-FR\",\"@id\":\"https:\/\/www.phisurgery.ca\/fr\/visage\/#primaryimage\",\"url\":\"https:\/\/www.phisurgery.ca\/wp-content\/uploads\/2022\/05\/attractive-and-smiling-wmn.jpg\",\"contentUrl\":\"https:\/\/www.phisurgery.ca\/wp-content\/uploads\/2022\/05\/attractive-and-smiling-wmn.jpg\",\"width\":1920,\"height\":980},{\"@type\":\"BreadcrumbList\",\"@id\":\"https:\/\/www.phisurgery.ca\/fr\/visage\/#breadcrumb\",\"itemListElement\":[{\"@type\":\"ListItem\",\"position\":1,\"name\":\"Home\",\"item\":\"https:\/\/www.phisurgery.ca\/fr\/\"},{\"@type\":\"ListItem\",\"position\":2,\"name\":\"Visage\"}]},{\"@type\":\"WebSite\",\"@id\":\"https:\/\/www.phisurgery.ca\/fr\/#website\",\"url\":\"https:\/\/www.phisurgery.ca\/fr\/\",\"name\":\"PHI Plastic Surgery\",\"description\":\"\",\"publisher\":{\"@id\":\"https:\/\/www.phisurgery.ca\/fr\/#organization\"},\"potentialAction\":[{\"@type\":\"SearchAction\",\"target\":{\"@type\":\"EntryPoint\",\"urlTemplate\":\"https:\/\/www.phisurgery.ca\/fr\/?s={search_term_string}\"},\"query-input\":{\"@type\":\"PropertyValueSpecification\",\"valueRequired\":true,\"valueName\":\"search_term_string\"}}],\"inLanguage\":\"fr-FR\"},{\"@type\":\"Organization\",\"@id\":\"https:\/\/www.phisurgery.ca\/fr\/#organization\",\"name\":\"PHI Plastic Surgery\",\"url\":\"https:\/\/www.phisurgery.ca\/fr\/\",\"logo\":{\"@type\":\"ImageObject\",\"inLanguage\":\"fr-FR\",\"@id\":\"https:\/\/www.phisurgery.ca\/fr\/#\/schema\/logo\/image\/\",\"url\":\"https:\/\/phisurgery.ca\/wp-content\/uploads\/2022\/07\/phi-logo-letters.png\",\"contentUrl\":\"https:\/\/phisurgery.ca\/wp-content\/uploads\/2022\/07\/phi-logo-letters.png\",\"width\":240,\"height\":240,\"caption\":\"PHI Plastic Surgery\"},\"image\":{\"@id\":\"https:\/\/www.phisurgery.ca\/fr\/#\/schema\/logo\/image\/\"},\"sameAs\":[\"https:\/\/www.facebook.com\/profile.php?id=100076054756282\",\"https:\/\/www.instagram.com\/phisurgery\/\",\"https:\/\/www.linkedin.com\/company\/phisurgery\",\"https:\/\/www.ratemds.com\/doctor-ratings\/3508573\/Dr-Perry-Gdalevitch-Vancouver-BC.html\"]}]}<\/script>\n<!-- \/ Yoast SEO plugin. -->","yoast_head_json":{"title":"Visage | Chirurgie Plastique \u00e0 Montr\u00e9al","description":"Visage | Chirurgie Plastique et Esth\u00e9tique \u00e0 Montr\u00e9al par la Dre Perry Gdalevitch, plasticienne","robots":{"index":"index","follow":"follow","max-snippet":"max-snippet:-1","max-image-preview":"max-image-preview:large","max-video-preview":"max-video-preview:-1"},"canonical":"https:\/\/www.phisurgery.ca\/fr\/visage\/","og_locale":"fr_FR","og_type":"article","og_title":"Visage | Chirurgie Plastique \u00e0 Montr\u00e9al","og_description":"Visage | Chirurgie Plastique et Esth\u00e9tique \u00e0 Montr\u00e9al par la Dre Perry Gdalevitch, plasticienne","og_url":"https:\/\/www.phisurgery.ca\/fr\/visage\/","og_site_name":"Chirurgie Plastique Phi","article_publisher":"https:\/\/www.facebook.com\/profile.php?id=100076054756282","article_modified_time":"2023-04-04T16:17:47+00:00","og_image":[{"width":1920,"height":980,"url":"https:\/\/www.phisurgery.ca\/wp-content\/uploads\/2022\/05\/attractive-and-smiling-wmn.jpg","type":"image\/jpeg"}],"twitter_card":"summary_large_image","twitter_misc":{"Dur\u00e9e de lecture estim\u00e9e":"1 minute"},"schema":{"@context":"https:\/\/schema.org","@graph":[{"@type":"WebPage","@id":"https:\/\/www.phisurgery.ca\/fr\/visage\/","url":"https:\/\/www.phisurgery.ca\/fr\/visage\/","name":"Visage | Chirurgie Plastique \u00e0 Montr\u00e9al","isPartOf":{"@id":"https:\/\/www.phisurgery.ca\/fr\/#website"},"primaryImageOfPage":{"@id":"https:\/\/www.phisurgery.ca\/fr\/visage\/#primaryimage"},"image":{"@id":"https:\/\/www.phisurgery.ca\/fr\/visage\/#primaryimage"},"thumbnailUrl":"https:\/\/www.phisurgery.ca\/wp-content\/uploads\/2022\/05\/attractive-and-smiling-wmn.jpg","datePublished":"2023-04-04T16:15:49+00:00","dateModified":"2023-04-04T16:17:47+00:00","description":"Visage | Chirurgie Plastique et Esth\u00e9tique \u00e0 Montr\u00e9al par la Dre Perry Gdalevitch, plasticienne","breadcrumb":{"@id":"https:\/\/www.phisurgery.ca\/fr\/visage\/#breadcrumb"},"inLanguage":"fr-FR","potentialAction":[{"@type":"ReadAction","target":["https:\/\/www.phisurgery.ca\/fr\/visage\/"]}]},{"@type":"ImageObject","inLanguage":"fr-FR","@id":"https:\/\/www.phisurgery.ca\/fr\/visage\/#primaryimage","url":"https:\/\/www.phisurgery.ca\/wp-content\/uploads\/2022\/05\/attractive-and-smiling-wmn.jpg","contentUrl":"https:\/\/www.phisurgery.ca\/wp-content\/uploads\/2022\/05\/attractive-and-smiling-wmn.jpg","width":1920,"height":980},{"@type":"BreadcrumbList","@id":"https:\/\/www.phisurgery.ca\/fr\/visage\/#breadcrumb","itemListElement":[{"@type":"ListItem","position":1,"name":"Home","item":"https:\/\/www.phisurgery.ca\/fr\/"},{"@type":"ListItem","position":2,"name":"Visage"}]},{"@type":"WebSite","@id":"https:\/\/www.phisurgery.ca\/fr\/#website","url":"https:\/\/www.phisurgery.ca\/fr\/","name":"PHI Plastic Surgery","description":"","publisher":{"@id":"https:\/\/www.phisurgery.ca\/fr\/#organization"},"potentialAction":[{"@type":"SearchAction","target":{"@type":"EntryPoint","urlTemplate":"https:\/\/www.phisurgery.ca\/fr\/?s={search_term_string}"},"query-input":{"@type":"PropertyValueSpecification","valueRequired":true,"valueName":"search_term_string"}}],"inLanguage":"fr-FR"},{"@type":"Organization","@id":"https:\/\/www.phisurgery.ca\/fr\/#organization","name":"PHI Plastic Surgery","url":"https:\/\/www.phisurgery.ca\/fr\/","logo":{"@type":"ImageObject","inLanguage":"fr-FR","@id":"https:\/\/www.phisurgery.ca\/fr\/#\/schema\/logo\/image\/","url":"https:\/\/phisurgery.ca\/wp-content\/uploads\/2022\/07\/phi-logo-letters.png","contentUrl":"https:\/\/phisurgery.ca\/wp-content\/uploads\/2022\/07\/phi-logo-letters.png","width":240,"height":240,"caption":"PHI Plastic Surgery"},"image":{"@id":"https:\/\/www.phisurgery.ca\/fr\/#\/schema\/logo\/image\/"},"sameAs":["https:\/\/www.facebook.com\/profile.php?id=100076054756282","https:\/\/www.instagram.com\/phisurgery\/","https:\/\/www.linkedin.com\/company\/phisurgery","https:\/\/www.ratemds.com\/doctor-ratings\/3508573\/Dr-Perry-Gdalevitch-Vancouver-BC.html"]}]}},"acf":[],"_links":{"self":[{"href":"https:\/\/www.phisurgery.ca\/fr\/wp-json\/wp\/v2\/pages\/8563","targetHints":{"allow":["GET"]}}],"collection":[{"href":"https:\/\/www.phisurgery.ca\/fr\/wp-json\/wp\/v2\/pages"}],"about":[{"href":"https:\/\/www.phisurgery.ca\/fr\/wp-json\/wp\/v2\/types\/page"}],"author":[{"embeddable":true,"href":"https:\/\/www.phisurgery.ca\/fr\/wp-json\/wp\/v2\/users\/1"}],"replies":[{"embeddable":true,"href":"https:\/\/www.phisurgery.ca\/fr\/wp-json\/wp\/v2\/comments?post=8563"}],"version-history":[{"count":4,"href":"https:\/\/www.phisurgery.ca\/fr\/wp-json\/wp\/v2\/pages\/8563\/revisions"}],"predecessor-version":[{"id":8567,"href":"https:\/\/www.phisurgery.ca\/fr\/wp-json\/wp\/v2\/pages\/8563\/revisions\/8567"}],"wp:featuredmedia":[{"embeddable":true,"href":"https:\/\/www.phisurgery.ca\/fr\/wp-json\/wp\/v2\/media\/2949"}],"wp:attachment":[{"href":"https:\/\/www.phisurgery.ca\/fr\/wp-json\/wp\/v2\/media?parent=8563"}],"curies":[{"name":"wp","href":"https:\/\/api.w.org\/{rel}","templated":true}]}}