{"id":8703,"date":"2023-04-14T15:52:23","date_gmt":"2023-04-14T15:52:23","guid":{"rendered":"https:\/\/phisurgery.ca\/?page_id=8703"},"modified":"2023-04-14T16:04:08","modified_gmt":"2023-04-14T16:04:08","slug":"clinique-de-operation-plastique-phi","status":"publish","type":"page","link":"https:\/\/www.phisurgery.ca\/fr\/clinique-de-operation-plastique-phi\/","title":{"rendered":"Clinique de op\u00e9ration plastique PHI"},"content":{"rendered":"<p>[vc_row css_animation=\u00a0\u00bb\u00a0\u00bb row_type=\u00a0\u00bbrow\u00a0\u00bb use_row_as_full_screen_section=\u00a0\u00bbno\u00a0\u00bb type=\u00a0\u00bbgrid\u00a0\u00bb angled_section=\u00a0\u00bbno\u00a0\u00bb text_align=\u00a0\u00bbleft\u00a0\u00bb background_image_as_pattern=\u00a0\u00bbwithout_pattern\u00a0\u00bb z_index=\u00a0\u00bb\u00a0\u00bb el_id=\u00a0\u00bbnewhero\u00a0\u00bb][vc_column width=\u00a0\u00bb1\/2&Prime;][vc_single_image image=\u00a0\u00bb3242&Prime; img_size=\u00a0\u00bbfull\u00a0\u00bb qode_css_animation=\u00a0\u00bb\u00a0\u00bb][\/vc_column][vc_column width=\u00a0\u00bb1\/2&Prime;][vc_column_text el_class=\u00a0\u00bbheading\u00a0\u00bb]<\/p>\n<h2>Clinique de op\u00e9ration plastique PHI<\/h2>\n<p>Laissez votre beaut\u00e9 int\u00e9rieure briller[\/vc_column_text][\/vc_column][\/vc_row][vc_row css_animation=\u00a0\u00bb\u00a0\u00bb row_type=\u00a0\u00bbrow\u00a0\u00bb use_row_as_full_screen_section=\u00a0\u00bbno\u00a0\u00bb type=\u00a0\u00bbgrid\u00a0\u00bb angled_section=\u00a0\u00bbno\u00a0\u00bb text_align=\u00a0\u00bbleft\u00a0\u00bb background_image_as_pattern=\u00a0\u00bbwithout_pattern\u00a0\u00bb z_index=\u00a0\u00bb\u00a0\u00bb][vc_column][vc_column_text]<div class=\"proc-short gtc-4\"><div><a class=\"hood\" href=\"https:\/\/www.phisurgery.ca\/fr\/rencontrez-dre-perry-gdalevitch\/\"><figure>\n           <img loading=\"lazy\" decoding=\"async\" width=\"600\" height=\"800\" src=\"https:\/\/www.phisurgery.ca\/wp-content\/uploads\/2022\/06\/drper-600x800.jpg\" class=\"attachment-portfolio-portrait size-portfolio-portrait wp-post-image\" alt=\"\" \/>\n             <figcaption>\n               <h3>Rencontrez Dre Perry Gdalevitch<\/h3>\n               <p><\/p>\n           <\/figcaption>\n       <\/figure><\/a><\/div><div><a class=\"hood\" href=\"https:\/\/www.phisurgery.ca\/fr\/clinique-de-chirurgie-plastique-phi\/\"><figure>\n           <img loading=\"lazy\" decoding=\"async\" width=\"600\" height=\"800\" src=\"https:\/\/www.phisurgery.ca\/wp-content\/uploads\/2022\/06\/Phi-Plastic-Surgery-Clinic-600x800.jpg\" class=\"attachment-portfolio-portrait size-portfolio-portrait wp-post-image\" alt=\"\" \/>\n             <figcaption>\n               <h3>Clinique de op\u00e9ration plastique Phi<\/h3>\n               <p><\/p>\n           <\/figcaption>\n       <\/figure><\/a><\/div><div><a class=\"hood\" href=\"https:\/\/www.phisurgery.ca\/fr\/notre-equipe\/\"><figure>\n           <img loading=\"lazy\" decoding=\"async\" width=\"600\" height=\"800\" src=\"https:\/\/www.phisurgery.ca\/wp-content\/uploads\/2022\/06\/DSCF0744-600x800.jpg\" class=\"attachment-portfolio-portrait size-portfolio-portrait wp-post-image\" alt=\"\" \/>\n             <figcaption>\n               <h3>Notre \u00e9quipe<\/h3>\n               <p><\/p>\n           <\/figcaption>\n       <\/figure><\/a><\/div><div><a class=\"hood\" href=\"https:\/\/www.phisurgery.ca\/fr\/temoignages\/\"><figure>\n           <img loading=\"lazy\" decoding=\"async\" width=\"600\" height=\"800\" src=\"https:\/\/www.phisurgery.ca\/wp-content\/uploads\/2022\/05\/beautiful-young-woman-with-computer-at-home-on-so-600x800.jpg\" class=\"attachment-portfolio-portrait size-portfolio-portrait wp-post-image\" alt=\"\" \/>\n             <figcaption>\n               <h3>T\u00e9moignages<\/h3>\n               <p><\/p>\n           <\/figcaption>\n       <\/figure><\/a><\/div><\/div>[\/vc_column_text][\/vc_column][\/vc_row][vc_row css_animation=\u00a0\u00bb\u00a0\u00bb row_type=\u00a0\u00bbrow\u00a0\u00bb use_row_as_full_screen_section=\u00a0\u00bbno\u00a0\u00bb type=\u00a0\u00bbgrid\u00a0\u00bb angled_section=\u00a0\u00bbno\u00a0\u00bb text_align=\u00a0\u00bbleft\u00a0\u00bb background_image_as_pattern=\u00a0\u00bbwithout_pattern\u00a0\u00bb z_index=\u00a0\u00bb\u00a0\u00bb][vc_column][vc_column_text]<\/p>\n<p style=\"text-align: center;\">\u00c0 la clinique PHi Plastic Surgery, nous offrons des solutions efficaces et non invasives pour vos besoins en mati\u00e8re de beaut\u00e9.<\/p>\n<h5 style=\"text-align: center;\">Commencez votre parcours vers les r\u00e9sultats qui seront beaux et plus proportionn\u00e9s!<\/h5>\n<p>[\/vc_column_text][\/vc_column][\/vc_row]<\/p>\n","protected":false},"excerpt":{"rendered":"<p>Chirurgies du corps<\/p>\n","protected":false},"author":1,"featured_media":0,"parent":0,"menu_order":0,"comment_status":"closed","ping_status":"closed","template":"full_width.php","meta":{"footnotes":""},"class_list":["post-8703","page","type-page","status-publish","hentry"],"yoast_head":"<!-- This site is optimized with the Yoast SEO plugin v26.2 - https:\/\/yoast.com\/wordpress\/plugins\/seo\/ -->\n<title>Clinique de op\u00e9ration plastique PHI | Chirurgie Plastique \u00e0 Montr\u00e9al<\/title>\n<meta name=\"description\" content=\"Clinique de op\u00e9ration plastique PHI | Chirurgie Plastique et Esth\u00e9tique \u00e0 Montr\u00e9al par la Dre Perry Gdalevitch, plasticienne\" \/>\n<meta name=\"robots\" content=\"index, follow, max-snippet:-1, max-image-preview:large, max-video-preview:-1\" \/>\n<link rel=\"canonical\" href=\"https:\/\/www.phisurgery.ca\/fr\/clinique-de-operation-plastique-phi\/\" \/>\n<meta property=\"og:locale\" content=\"fr_FR\" \/>\n<meta property=\"og:type\" content=\"article\" \/>\n<meta property=\"og:title\" content=\"Clinique de op\u00e9ration plastique PHI | Chirurgie Plastique \u00e0 Montr\u00e9al\" \/>\n<meta property=\"og:description\" content=\"Clinique de op\u00e9ration plastique PHI | Chirurgie Plastique et Esth\u00e9tique \u00e0 Montr\u00e9al par la Dre Perry Gdalevitch, plasticienne\" \/>\n<meta property=\"og:url\" content=\"https:\/\/www.phisurgery.ca\/fr\/clinique-de-operation-plastique-phi\/\" \/>\n<meta property=\"og:site_name\" content=\"Chirurgie Plastique Phi\" \/>\n<meta property=\"article:publisher\" content=\"https:\/\/www.facebook.com\/profile.php?id=100076054756282\" \/>\n<meta property=\"article:modified_time\" content=\"2023-04-14T16:04:08+00:00\" \/>\n<meta name=\"twitter:card\" content=\"summary_large_image\" \/>\n<meta name=\"twitter:label1\" content=\"Dur\u00e9e de lecture estim\u00e9e\" \/>\n\t<meta name=\"twitter:data1\" content=\"1 minute\" \/>\n<script type=\"application\/ld+json\" class=\"yoast-schema-graph\">{\"@context\":\"https:\/\/schema.org\",\"@graph\":[{\"@type\":\"WebPage\",\"@id\":\"https:\/\/www.phisurgery.ca\/fr\/clinique-de-operation-plastique-phi\/\",\"url\":\"https:\/\/www.phisurgery.ca\/fr\/clinique-de-operation-plastique-phi\/\",\"name\":\"Clinique de op\u00e9ration plastique PHI | Chirurgie Plastique \u00e0 Montr\u00e9al\",\"isPartOf\":{\"@id\":\"https:\/\/www.phisurgery.ca\/fr\/#website\"},\"datePublished\":\"2023-04-14T15:52:23+00:00\",\"dateModified\":\"2023-04-14T16:04:08+00:00\",\"description\":\"Clinique de op\u00e9ration plastique PHI | Chirurgie Plastique et Esth\u00e9tique \u00e0 Montr\u00e9al par la Dre Perry Gdalevitch, plasticienne\",\"breadcrumb\":{\"@id\":\"https:\/\/www.phisurgery.ca\/fr\/clinique-de-operation-plastique-phi\/#breadcrumb\"},\"inLanguage\":\"fr-FR\",\"potentialAction\":[{\"@type\":\"ReadAction\",\"target\":[\"https:\/\/www.phisurgery.ca\/fr\/clinique-de-operation-plastique-phi\/\"]}]},{\"@type\":\"BreadcrumbList\",\"@id\":\"https:\/\/www.phisurgery.ca\/fr\/clinique-de-operation-plastique-phi\/#breadcrumb\",\"itemListElement\":[{\"@type\":\"ListItem\",\"position\":1,\"name\":\"Home\",\"item\":\"https:\/\/www.phisurgery.ca\/fr\/\"},{\"@type\":\"ListItem\",\"position\":2,\"name\":\"Clinique de op\u00e9ration plastique PHI\"}]},{\"@type\":\"WebSite\",\"@id\":\"https:\/\/www.phisurgery.ca\/fr\/#website\",\"url\":\"https:\/\/www.phisurgery.ca\/fr\/\",\"name\":\"PHI Plastic Surgery\",\"description\":\"\",\"publisher\":{\"@id\":\"https:\/\/www.phisurgery.ca\/fr\/#organization\"},\"potentialAction\":[{\"@type\":\"SearchAction\",\"target\":{\"@type\":\"EntryPoint\",\"urlTemplate\":\"https:\/\/www.phisurgery.ca\/fr\/?s={search_term_string}\"},\"query-input\":{\"@type\":\"PropertyValueSpecification\",\"valueRequired\":true,\"valueName\":\"search_term_string\"}}],\"inLanguage\":\"fr-FR\"},{\"@type\":\"Organization\",\"@id\":\"https:\/\/www.phisurgery.ca\/fr\/#organization\",\"name\":\"PHI Plastic Surgery\",\"url\":\"https:\/\/www.phisurgery.ca\/fr\/\",\"logo\":{\"@type\":\"ImageObject\",\"inLanguage\":\"fr-FR\",\"@id\":\"https:\/\/www.phisurgery.ca\/fr\/#\/schema\/logo\/image\/\",\"url\":\"https:\/\/phisurgery.ca\/wp-content\/uploads\/2022\/07\/phi-logo-letters.png\",\"contentUrl\":\"https:\/\/phisurgery.ca\/wp-content\/uploads\/2022\/07\/phi-logo-letters.png\",\"width\":240,\"height\":240,\"caption\":\"PHI Plastic Surgery\"},\"image\":{\"@id\":\"https:\/\/www.phisurgery.ca\/fr\/#\/schema\/logo\/image\/\"},\"sameAs\":[\"https:\/\/www.facebook.com\/profile.php?id=100076054756282\",\"https:\/\/www.instagram.com\/phisurgery\/\",\"https:\/\/www.linkedin.com\/company\/phisurgery\",\"https:\/\/www.ratemds.com\/doctor-ratings\/3508573\/Dr-Perry-Gdalevitch-Vancouver-BC.html\"]}]}<\/script>\n<!-- \/ Yoast SEO plugin. -->","yoast_head_json":{"title":"Clinique de op\u00e9ration plastique PHI | Chirurgie Plastique \u00e0 Montr\u00e9al","description":"Clinique de op\u00e9ration plastique PHI | Chirurgie Plastique et Esth\u00e9tique \u00e0 Montr\u00e9al par la Dre Perry Gdalevitch, plasticienne","robots":{"index":"index","follow":"follow","max-snippet":"max-snippet:-1","max-image-preview":"max-image-preview:large","max-video-preview":"max-video-preview:-1"},"canonical":"https:\/\/www.phisurgery.ca\/fr\/clinique-de-operation-plastique-phi\/","og_locale":"fr_FR","og_type":"article","og_title":"Clinique de op\u00e9ration plastique PHI | Chirurgie Plastique \u00e0 Montr\u00e9al","og_description":"Clinique de op\u00e9ration plastique PHI | Chirurgie Plastique et Esth\u00e9tique \u00e0 Montr\u00e9al par la Dre Perry Gdalevitch, plasticienne","og_url":"https:\/\/www.phisurgery.ca\/fr\/clinique-de-operation-plastique-phi\/","og_site_name":"Chirurgie Plastique Phi","article_publisher":"https:\/\/www.facebook.com\/profile.php?id=100076054756282","article_modified_time":"2023-04-14T16:04:08+00:00","twitter_card":"summary_large_image","twitter_misc":{"Dur\u00e9e de lecture estim\u00e9e":"1 minute"},"schema":{"@context":"https:\/\/schema.org","@graph":[{"@type":"WebPage","@id":"https:\/\/www.phisurgery.ca\/fr\/clinique-de-operation-plastique-phi\/","url":"https:\/\/www.phisurgery.ca\/fr\/clinique-de-operation-plastique-phi\/","name":"Clinique de op\u00e9ration plastique PHI | Chirurgie Plastique \u00e0 Montr\u00e9al","isPartOf":{"@id":"https:\/\/www.phisurgery.ca\/fr\/#website"},"datePublished":"2023-04-14T15:52:23+00:00","dateModified":"2023-04-14T16:04:08+00:00","description":"Clinique de op\u00e9ration plastique PHI | Chirurgie Plastique et Esth\u00e9tique \u00e0 Montr\u00e9al par la Dre Perry Gdalevitch, plasticienne","breadcrumb":{"@id":"https:\/\/www.phisurgery.ca\/fr\/clinique-de-operation-plastique-phi\/#breadcrumb"},"inLanguage":"fr-FR","potentialAction":[{"@type":"ReadAction","target":["https:\/\/www.phisurgery.ca\/fr\/clinique-de-operation-plastique-phi\/"]}]},{"@type":"BreadcrumbList","@id":"https:\/\/www.phisurgery.ca\/fr\/clinique-de-operation-plastique-phi\/#breadcrumb","itemListElement":[{"@type":"ListItem","position":1,"name":"Home","item":"https:\/\/www.phisurgery.ca\/fr\/"},{"@type":"ListItem","position":2,"name":"Clinique de op\u00e9ration plastique PHI"}]},{"@type":"WebSite","@id":"https:\/\/www.phisurgery.ca\/fr\/#website","url":"https:\/\/www.phisurgery.ca\/fr\/","name":"PHI Plastic Surgery","description":"","publisher":{"@id":"https:\/\/www.phisurgery.ca\/fr\/#organization"},"potentialAction":[{"@type":"SearchAction","target":{"@type":"EntryPoint","urlTemplate":"https:\/\/www.phisurgery.ca\/fr\/?s={search_term_string}"},"query-input":{"@type":"PropertyValueSpecification","valueRequired":true,"valueName":"search_term_string"}}],"inLanguage":"fr-FR"},{"@type":"Organization","@id":"https:\/\/www.phisurgery.ca\/fr\/#organization","name":"PHI Plastic Surgery","url":"https:\/\/www.phisurgery.ca\/fr\/","logo":{"@type":"ImageObject","inLanguage":"fr-FR","@id":"https:\/\/www.phisurgery.ca\/fr\/#\/schema\/logo\/image\/","url":"https:\/\/phisurgery.ca\/wp-content\/uploads\/2022\/07\/phi-logo-letters.png","contentUrl":"https:\/\/phisurgery.ca\/wp-content\/uploads\/2022\/07\/phi-logo-letters.png","width":240,"height":240,"caption":"PHI Plastic Surgery"},"image":{"@id":"https:\/\/www.phisurgery.ca\/fr\/#\/schema\/logo\/image\/"},"sameAs":["https:\/\/www.facebook.com\/profile.php?id=100076054756282","https:\/\/www.instagram.com\/phisurgery\/","https:\/\/www.linkedin.com\/company\/phisurgery","https:\/\/www.ratemds.com\/doctor-ratings\/3508573\/Dr-Perry-Gdalevitch-Vancouver-BC.html"]}]}},"acf":[],"_links":{"self":[{"href":"https:\/\/www.phisurgery.ca\/fr\/wp-json\/wp\/v2\/pages\/8703","targetHints":{"allow":["GET"]}}],"collection":[{"href":"https:\/\/www.phisurgery.ca\/fr\/wp-json\/wp\/v2\/pages"}],"about":[{"href":"https:\/\/www.phisurgery.ca\/fr\/wp-json\/wp\/v2\/types\/page"}],"author":[{"embeddable":true,"href":"https:\/\/www.phisurgery.ca\/fr\/wp-json\/wp\/v2\/users\/1"}],"replies":[{"embeddable":true,"href":"https:\/\/www.phisurgery.ca\/fr\/wp-json\/wp\/v2\/comments?post=8703"}],"version-history":[{"count":3,"href":"https:\/\/www.phisurgery.ca\/fr\/wp-json\/wp\/v2\/pages\/8703\/revisions"}],"predecessor-version":[{"id":8709,"href":"https:\/\/www.phisurgery.ca\/fr\/wp-json\/wp\/v2\/pages\/8703\/revisions\/8709"}],"wp:attachment":[{"href":"https:\/\/www.phisurgery.ca\/fr\/wp-json\/wp\/v2\/media?parent=8703"}],"curies":[{"name":"wp","href":"https:\/\/api.w.org\/{rel}","templated":true}]}}