{"id":8711,"date":"2023-04-14T16:07:45","date_gmt":"2023-04-14T16:07:45","guid":{"rendered":"https:\/\/phisurgery.ca\/?page_id=8711"},"modified":"2023-04-14T16:37:28","modified_gmt":"2023-04-14T16:37:28","slug":"notre-galerie","status":"publish","type":"page","link":"https:\/\/www.phisurgery.ca\/fr\/notre-galerie\/","title":{"rendered":"Notre galerie"},"content":{"rendered":"<p>[vc_row css_animation=\u00a0\u00bb\u00a0\u00bb row_type=\u00a0\u00bbrow\u00a0\u00bb use_row_as_full_screen_section=\u00a0\u00bbno\u00a0\u00bb type=\u00a0\u00bbgrid\u00a0\u00bb angled_section=\u00a0\u00bbno\u00a0\u00bb text_align=\u00a0\u00bbleft\u00a0\u00bb background_image_as_pattern=\u00a0\u00bbwithout_pattern\u00a0\u00bb z_index=\u00a0\u00bb\u00a0\u00bb][vc_column][vc_column_text el_class=\u00a0\u00bbheading\u00a0\u00bb]<\/p>\n<h2 style=\"text-align: center;\">Notre galerie<\/h2>\n<p style=\"text-align: center;\">Dre Perry Gdalevitch estime que la beaut\u00e9 peut se manifester sous de nombreuses formes et tailles.<\/p>\n<p style=\"text-align: center;\">En respectant les proportions de votre corps et en vous aidant \u00e0 laisser votre beaut\u00e9 int\u00e9rieure se d\u00e9voiler, je vous garantis des r\u00e9sultats \u00e9blouissants.<\/p>\n<p>[\/vc_column_text][\/vc_column][\/vc_row][vc_row css_animation=\u00a0\u00bb\u00a0\u00bb row_type=\u00a0\u00bbrow\u00a0\u00bb use_row_as_full_screen_section=\u00a0\u00bbno\u00a0\u00bb type=\u00a0\u00bbgrid\u00a0\u00bb angled_section=\u00a0\u00bbno\u00a0\u00bb text_align=\u00a0\u00bbleft\u00a0\u00bb background_image_as_pattern=\u00a0\u00bbwithout_pattern\u00a0\u00bb z_index=\u00a0\u00bb\u00a0\u00bb][vc_column][vc_column_text]<div class=\"proc-short gtc-2\"><div><a class=\"hood\" href=\"https:\/\/www.phisurgery.ca\/fr\/galerie-avant-et-apres\/\"><figure>\n           <img loading=\"lazy\" decoding=\"async\" width=\"600\" height=\"800\" src=\"https:\/\/www.phisurgery.ca\/wp-content\/uploads\/2023\/04\/beforeafter.jpg\" class=\"attachment-portfolio-portrait size-portfolio-portrait wp-post-image\" alt=\"\" \/>\n             <figcaption>\n               <h3>Galerie avant et apr\u00e8s<\/h3>\n               <p><\/p>\n           <\/figcaption>\n       <\/figure><\/a><\/div><div><a class=\"hood\" href=\"https:\/\/www.phisurgery.ca\/fr\/galerie-video\/\"><figure>\n           <img loading=\"lazy\" decoding=\"async\" width=\"600\" height=\"800\" src=\"https:\/\/www.phisurgery.ca\/wp-content\/uploads\/2023\/04\/BRAZILIAN-BUTT-LIFT.jpg\" class=\"attachment-portfolio-portrait size-portfolio-portrait wp-post-image\" alt=\"\" \/>\n             <figcaption>\n               <h3>Galerie vid\u00e9o<\/h3>\n               <p><\/p>\n           <\/figcaption>\n       <\/figure><\/a><\/div><\/div>[\/vc_column_text][\/vc_column][\/vc_row][vc_row css_animation=\u00a0\u00bb\u00a0\u00bb row_type=\u00a0\u00bbrow\u00a0\u00bb use_row_as_full_screen_section=\u00a0\u00bbno\u00a0\u00bb type=\u00a0\u00bbgrid\u00a0\u00bb angled_section=\u00a0\u00bbno\u00a0\u00bb text_align=\u00a0\u00bbleft\u00a0\u00bb background_image_as_pattern=\u00a0\u00bbwithout_pattern\u00a0\u00bb z_index=\u00a0\u00bb\u00a0\u00bb][vc_column][vc_column_text]<\/p>\n<p style=\"text-align: center;\">\u00c0 la clinique PHi Plastic Surgery, nous offrons des solutions efficaces et non invasives pour vos besoins en mati\u00e8re de beaut\u00e9.<\/p>\n<h5 style=\"text-align: center;\">Commencez votre parcours vers les r\u00e9sultats qui seront beaux et plus proportionn\u00e9s!<\/h5>\n<p>[\/vc_column_text][\/vc_column][\/vc_row]<\/p>\n","protected":false},"excerpt":{"rendered":"<p>Chirurgies du corps<\/p>\n","protected":false},"author":1,"featured_media":8721,"parent":0,"menu_order":0,"comment_status":"closed","ping_status":"closed","template":"full_width.php","meta":{"footnotes":""},"class_list":["post-8711","page","type-page","status-publish","has-post-thumbnail","hentry"],"yoast_head":"<!-- This site is optimized with the Yoast SEO plugin v26.2 - https:\/\/yoast.com\/wordpress\/plugins\/seo\/ -->\n<title>Notre galerie | Chirurgie Plastique \u00e0 Montr\u00e9al<\/title>\n<meta name=\"description\" content=\"Notre galerie | Chirurgie Plastique et Esth\u00e9tique \u00e0 Montr\u00e9al par la Dre Perry Gdalevitch, plasticienne\" \/>\n<meta name=\"robots\" content=\"index, follow, max-snippet:-1, max-image-preview:large, max-video-preview:-1\" \/>\n<link rel=\"canonical\" href=\"https:\/\/www.phisurgery.ca\/fr\/notre-galerie\/\" \/>\n<meta property=\"og:locale\" content=\"fr_FR\" \/>\n<meta property=\"og:type\" content=\"article\" \/>\n<meta property=\"og:title\" content=\"Notre galerie | Chirurgie Plastique \u00e0 Montr\u00e9al\" \/>\n<meta property=\"og:description\" content=\"Notre galerie | Chirurgie Plastique et Esth\u00e9tique \u00e0 Montr\u00e9al par la Dre Perry Gdalevitch, plasticienne\" \/>\n<meta property=\"og:url\" content=\"https:\/\/www.phisurgery.ca\/fr\/notre-galerie\/\" \/>\n<meta property=\"og:site_name\" content=\"Chirurgie Plastique Phi\" \/>\n<meta property=\"article:publisher\" content=\"https:\/\/www.facebook.com\/profile.php?id=100076054756282\" \/>\n<meta property=\"article:modified_time\" content=\"2023-04-14T16:37:28+00:00\" \/>\n<meta property=\"og:image\" content=\"https:\/\/www.phisurgery.ca\/wp-content\/uploads\/2023\/04\/beforeafter.jpg\" \/>\n\t<meta property=\"og:image:width\" content=\"600\" \/>\n\t<meta property=\"og:image:height\" content=\"800\" \/>\n\t<meta property=\"og:image:type\" content=\"image\/jpeg\" \/>\n<meta name=\"twitter:card\" content=\"summary_large_image\" \/>\n<meta name=\"twitter:label1\" content=\"Dur\u00e9e de lecture estim\u00e9e\" \/>\n\t<meta name=\"twitter:data1\" content=\"1 minute\" \/>\n<script type=\"application\/ld+json\" class=\"yoast-schema-graph\">{\"@context\":\"https:\/\/schema.org\",\"@graph\":[{\"@type\":\"WebPage\",\"@id\":\"https:\/\/www.phisurgery.ca\/fr\/notre-galerie\/\",\"url\":\"https:\/\/www.phisurgery.ca\/fr\/notre-galerie\/\",\"name\":\"Notre galerie | Chirurgie Plastique \u00e0 Montr\u00e9al\",\"isPartOf\":{\"@id\":\"https:\/\/www.phisurgery.ca\/fr\/#website\"},\"primaryImageOfPage\":{\"@id\":\"https:\/\/www.phisurgery.ca\/fr\/notre-galerie\/#primaryimage\"},\"image\":{\"@id\":\"https:\/\/www.phisurgery.ca\/fr\/notre-galerie\/#primaryimage\"},\"thumbnailUrl\":\"https:\/\/www.phisurgery.ca\/wp-content\/uploads\/2023\/04\/beforeafter.jpg\",\"datePublished\":\"2023-04-14T16:07:45+00:00\",\"dateModified\":\"2023-04-14T16:37:28+00:00\",\"description\":\"Notre galerie | Chirurgie Plastique et Esth\u00e9tique \u00e0 Montr\u00e9al par la Dre Perry Gdalevitch, plasticienne\",\"breadcrumb\":{\"@id\":\"https:\/\/www.phisurgery.ca\/fr\/notre-galerie\/#breadcrumb\"},\"inLanguage\":\"fr-FR\",\"potentialAction\":[{\"@type\":\"ReadAction\",\"target\":[\"https:\/\/www.phisurgery.ca\/fr\/notre-galerie\/\"]}]},{\"@type\":\"ImageObject\",\"inLanguage\":\"fr-FR\",\"@id\":\"https:\/\/www.phisurgery.ca\/fr\/notre-galerie\/#primaryimage\",\"url\":\"https:\/\/www.phisurgery.ca\/wp-content\/uploads\/2023\/04\/beforeafter.jpg\",\"contentUrl\":\"https:\/\/www.phisurgery.ca\/wp-content\/uploads\/2023\/04\/beforeafter.jpg\",\"width\":600,\"height\":800},{\"@type\":\"BreadcrumbList\",\"@id\":\"https:\/\/www.phisurgery.ca\/fr\/notre-galerie\/#breadcrumb\",\"itemListElement\":[{\"@type\":\"ListItem\",\"position\":1,\"name\":\"Home\",\"item\":\"https:\/\/www.phisurgery.ca\/fr\/\"},{\"@type\":\"ListItem\",\"position\":2,\"name\":\"Notre galerie\"}]},{\"@type\":\"WebSite\",\"@id\":\"https:\/\/www.phisurgery.ca\/fr\/#website\",\"url\":\"https:\/\/www.phisurgery.ca\/fr\/\",\"name\":\"PHI Plastic Surgery\",\"description\":\"\",\"publisher\":{\"@id\":\"https:\/\/www.phisurgery.ca\/fr\/#organization\"},\"potentialAction\":[{\"@type\":\"SearchAction\",\"target\":{\"@type\":\"EntryPoint\",\"urlTemplate\":\"https:\/\/www.phisurgery.ca\/fr\/?s={search_term_string}\"},\"query-input\":{\"@type\":\"PropertyValueSpecification\",\"valueRequired\":true,\"valueName\":\"search_term_string\"}}],\"inLanguage\":\"fr-FR\"},{\"@type\":\"Organization\",\"@id\":\"https:\/\/www.phisurgery.ca\/fr\/#organization\",\"name\":\"PHI Plastic Surgery\",\"url\":\"https:\/\/www.phisurgery.ca\/fr\/\",\"logo\":{\"@type\":\"ImageObject\",\"inLanguage\":\"fr-FR\",\"@id\":\"https:\/\/www.phisurgery.ca\/fr\/#\/schema\/logo\/image\/\",\"url\":\"https:\/\/phisurgery.ca\/wp-content\/uploads\/2022\/07\/phi-logo-letters.png\",\"contentUrl\":\"https:\/\/phisurgery.ca\/wp-content\/uploads\/2022\/07\/phi-logo-letters.png\",\"width\":240,\"height\":240,\"caption\":\"PHI Plastic Surgery\"},\"image\":{\"@id\":\"https:\/\/www.phisurgery.ca\/fr\/#\/schema\/logo\/image\/\"},\"sameAs\":[\"https:\/\/www.facebook.com\/profile.php?id=100076054756282\",\"https:\/\/www.instagram.com\/phisurgery\/\",\"https:\/\/www.linkedin.com\/company\/phisurgery\",\"https:\/\/www.ratemds.com\/doctor-ratings\/3508573\/Dr-Perry-Gdalevitch-Vancouver-BC.html\"]}]}<\/script>\n<!-- \/ Yoast SEO plugin. -->","yoast_head_json":{"title":"Notre galerie | Chirurgie Plastique \u00e0 Montr\u00e9al","description":"Notre galerie | Chirurgie Plastique et Esth\u00e9tique \u00e0 Montr\u00e9al par la Dre Perry Gdalevitch, plasticienne","robots":{"index":"index","follow":"follow","max-snippet":"max-snippet:-1","max-image-preview":"max-image-preview:large","max-video-preview":"max-video-preview:-1"},"canonical":"https:\/\/www.phisurgery.ca\/fr\/notre-galerie\/","og_locale":"fr_FR","og_type":"article","og_title":"Notre galerie | Chirurgie Plastique \u00e0 Montr\u00e9al","og_description":"Notre galerie | Chirurgie Plastique et Esth\u00e9tique \u00e0 Montr\u00e9al par la Dre Perry Gdalevitch, plasticienne","og_url":"https:\/\/www.phisurgery.ca\/fr\/notre-galerie\/","og_site_name":"Chirurgie Plastique Phi","article_publisher":"https:\/\/www.facebook.com\/profile.php?id=100076054756282","article_modified_time":"2023-04-14T16:37:28+00:00","og_image":[{"width":600,"height":800,"url":"https:\/\/www.phisurgery.ca\/wp-content\/uploads\/2023\/04\/beforeafter.jpg","type":"image\/jpeg"}],"twitter_card":"summary_large_image","twitter_misc":{"Dur\u00e9e de lecture estim\u00e9e":"1 minute"},"schema":{"@context":"https:\/\/schema.org","@graph":[{"@type":"WebPage","@id":"https:\/\/www.phisurgery.ca\/fr\/notre-galerie\/","url":"https:\/\/www.phisurgery.ca\/fr\/notre-galerie\/","name":"Notre galerie | Chirurgie Plastique \u00e0 Montr\u00e9al","isPartOf":{"@id":"https:\/\/www.phisurgery.ca\/fr\/#website"},"primaryImageOfPage":{"@id":"https:\/\/www.phisurgery.ca\/fr\/notre-galerie\/#primaryimage"},"image":{"@id":"https:\/\/www.phisurgery.ca\/fr\/notre-galerie\/#primaryimage"},"thumbnailUrl":"https:\/\/www.phisurgery.ca\/wp-content\/uploads\/2023\/04\/beforeafter.jpg","datePublished":"2023-04-14T16:07:45+00:00","dateModified":"2023-04-14T16:37:28+00:00","description":"Notre galerie | Chirurgie Plastique et Esth\u00e9tique \u00e0 Montr\u00e9al par la Dre Perry Gdalevitch, plasticienne","breadcrumb":{"@id":"https:\/\/www.phisurgery.ca\/fr\/notre-galerie\/#breadcrumb"},"inLanguage":"fr-FR","potentialAction":[{"@type":"ReadAction","target":["https:\/\/www.phisurgery.ca\/fr\/notre-galerie\/"]}]},{"@type":"ImageObject","inLanguage":"fr-FR","@id":"https:\/\/www.phisurgery.ca\/fr\/notre-galerie\/#primaryimage","url":"https:\/\/www.phisurgery.ca\/wp-content\/uploads\/2023\/04\/beforeafter.jpg","contentUrl":"https:\/\/www.phisurgery.ca\/wp-content\/uploads\/2023\/04\/beforeafter.jpg","width":600,"height":800},{"@type":"BreadcrumbList","@id":"https:\/\/www.phisurgery.ca\/fr\/notre-galerie\/#breadcrumb","itemListElement":[{"@type":"ListItem","position":1,"name":"Home","item":"https:\/\/www.phisurgery.ca\/fr\/"},{"@type":"ListItem","position":2,"name":"Notre galerie"}]},{"@type":"WebSite","@id":"https:\/\/www.phisurgery.ca\/fr\/#website","url":"https:\/\/www.phisurgery.ca\/fr\/","name":"PHI Plastic Surgery","description":"","publisher":{"@id":"https:\/\/www.phisurgery.ca\/fr\/#organization"},"potentialAction":[{"@type":"SearchAction","target":{"@type":"EntryPoint","urlTemplate":"https:\/\/www.phisurgery.ca\/fr\/?s={search_term_string}"},"query-input":{"@type":"PropertyValueSpecification","valueRequired":true,"valueName":"search_term_string"}}],"inLanguage":"fr-FR"},{"@type":"Organization","@id":"https:\/\/www.phisurgery.ca\/fr\/#organization","name":"PHI Plastic Surgery","url":"https:\/\/www.phisurgery.ca\/fr\/","logo":{"@type":"ImageObject","inLanguage":"fr-FR","@id":"https:\/\/www.phisurgery.ca\/fr\/#\/schema\/logo\/image\/","url":"https:\/\/phisurgery.ca\/wp-content\/uploads\/2022\/07\/phi-logo-letters.png","contentUrl":"https:\/\/phisurgery.ca\/wp-content\/uploads\/2022\/07\/phi-logo-letters.png","width":240,"height":240,"caption":"PHI Plastic Surgery"},"image":{"@id":"https:\/\/www.phisurgery.ca\/fr\/#\/schema\/logo\/image\/"},"sameAs":["https:\/\/www.facebook.com\/profile.php?id=100076054756282","https:\/\/www.instagram.com\/phisurgery\/","https:\/\/www.linkedin.com\/company\/phisurgery","https:\/\/www.ratemds.com\/doctor-ratings\/3508573\/Dr-Perry-Gdalevitch-Vancouver-BC.html"]}]}},"acf":[],"_links":{"self":[{"href":"https:\/\/www.phisurgery.ca\/fr\/wp-json\/wp\/v2\/pages\/8711","targetHints":{"allow":["GET"]}}],"collection":[{"href":"https:\/\/www.phisurgery.ca\/fr\/wp-json\/wp\/v2\/pages"}],"about":[{"href":"https:\/\/www.phisurgery.ca\/fr\/wp-json\/wp\/v2\/types\/page"}],"author":[{"embeddable":true,"href":"https:\/\/www.phisurgery.ca\/fr\/wp-json\/wp\/v2\/users\/1"}],"replies":[{"embeddable":true,"href":"https:\/\/www.phisurgery.ca\/fr\/wp-json\/wp\/v2\/comments?post=8711"}],"version-history":[{"count":3,"href":"https:\/\/www.phisurgery.ca\/fr\/wp-json\/wp\/v2\/pages\/8711\/revisions"}],"predecessor-version":[{"id":8725,"href":"https:\/\/www.phisurgery.ca\/fr\/wp-json\/wp\/v2\/pages\/8711\/revisions\/8725"}],"wp:featuredmedia":[{"embeddable":true,"href":"https:\/\/www.phisurgery.ca\/fr\/wp-json\/wp\/v2\/media\/8721"}],"wp:attachment":[{"href":"https:\/\/www.phisurgery.ca\/fr\/wp-json\/wp\/v2\/media?parent=8711"}],"curies":[{"name":"wp","href":"https:\/\/api.w.org\/{rel}","templated":true}]}}