{"id":9932,"date":"2024-01-18T14:42:08","date_gmt":"2024-01-18T14:42:08","guid":{"rendered":"https:\/\/phisurgery.ca\/?page_id=9932"},"modified":"2024-01-18T15:33:12","modified_gmt":"2024-01-18T15:33:12","slug":"politique-de-confidentialite","status":"publish","type":"page","link":"https:\/\/www.phisurgery.ca\/fr\/politique-de-confidentialite\/","title":{"rendered":"Politique de confidentialit\u00e9"},"content":{"rendered":"<p>[vc_row css_animation=\u00a0\u00bb\u00a0\u00bb row_type=\u00a0\u00bbrow\u00a0\u00bb use_row_as_full_screen_section=\u00a0\u00bbno\u00a0\u00bb type=\u00a0\u00bbgrid\u00a0\u00bb angled_section=\u00a0\u00bbno\u00a0\u00bb text_align=\u00a0\u00bbleft\u00a0\u00bb background_image_as_pattern=\u00a0\u00bbwithout_pattern\u00a0\u00bb z_index=\u00a0\u00bb\u00a0\u00bb][vc_column][vc_column_text]<\/p>\n<h2>POLITIQUE DE CONFIDENTIALIT\u00c9 DE PERRY GDALEVITCH MD INC.<\/h2>\n<p>La pr\u00e9sente politique de confidentialit\u00e9 (ci-apr\u00e8s d\u00e9sign\u00e9e la \u00ab <strong>Politique<\/strong> \u00bb) s\u2019inscrit dans le cadre de la Loi sur la protection des renseignements personnels dans le secteur priv\u00e9 (RLRQ c P-39.1) (ci-apr\u00e8s d\u00e9sign\u00e9e la \u00ab\u00a0<strong>Loi<\/strong>\u00a0\u00bb) et fait suite, plus particuli\u00e8rement, \u00e0 la Loi modernisant des dispositions l\u00e9gislatives en mati\u00e8re de protection des renseignements personnels (LQ 2021, c. 25), aussi connue sous le nom de Loi 25.<\/p>\n<p><strong>PERRY GDALEVITCH MD INC.<\/strong> (ci-apr\u00e8s parfois d\u00e9sign\u00e9\u00a0\u00ab\u00a0<strong>Nous<\/strong>\u00a0\u00bb) prend \u00e0 c\u0153ur le respect et la confidentialit\u00e9 de votre vie priv\u00e9e, ainsi que la protection de vos renseignements personnels.<\/p>\n<p>Plus sp\u00e9cifiquement, le but de la pr\u00e9sente Politique est de vous informer sur nos pratiques en mati\u00e8re de vie priv\u00e9e et de protection des renseignements personnels, y compris sur la mani\u00e8re dont nous recueillons, utilisons et communiquons vos renseignements personnels, lorsque vous retenez nos services professionnels ou utilisez notre site internet, et quels sont vos droits \u00e0 cet \u00e9gard.<\/p>\n<p>Cette Politique ne s\u2019applique pas aux sites Internet de tiers, incluant ceux auxquels il est possible, le cas \u00e9ch\u00e9ant, d\u2019acc\u00e9der en cliquant sur des liens qui pourraient se trouver sur notre site Internet. <strong>PERRY GDALEVITCH MD INC.<\/strong>n\u2019est pas responsable \u00e0 l\u2019\u00e9gard de tels sites. Si vous consultez un site Internet de tiers, celui-ci disposera de ses propres politiques que nous vous invitons \u00e0 consulter avant de soumettre vos renseignements personnels, le cas \u00e9ch\u00e9ant.<\/p>\n<h3>Consentement au recueil, \u00e0 l\u2019utilisation et \u00e0 la communication de vos renseignements personnels<\/h3>\n<p>Nous recueillons, utilisons et communiquons vos renseignements personnels lorsque vous y consentez ou lorsque vous interagissez avec nous pour solliciter des services m\u00e9dicaux ou compl\u00e9tez un formulaire sur notre site internet.<\/p>\n<p>En communiquant avec nous, en nous fournissant volontairement vos renseignements personnels, ou en naviguant sur notre site Internet, vous consentez \u00e0 la collecte, l\u2019utilisation et la communication de vos renseignements personnels conform\u00e9ment \u00e0 cette Politique et tel que requis ou autoris\u00e9 par la loi.<\/p>\n<p>Si vous nous fournissez les renseignements personnels d\u2019un tiers, vous d\u00e9clarez d\u00e9tenir le consentement ou le pouvoir n\u00e9cessaire pour nous permettre de recueillir, utiliser et communiquer ces renseignements conform\u00e9ment \u00e0 cette Politique.<\/p>\n<h3>Donn\u00e9es recueillies automatiquement<\/h3>\n<p>Lors de votre navigation sur notre site internet, vous consentez \u00e0 ce que des donn\u00e9es de t\u00e9moins ou des technologies similaires (\u00ab\u00a0<strong>Cookies<\/strong>\u00a0\u00bb) soient utilis\u00e9es, afin d\u2019enregistrer vos pr\u00e9f\u00e9rences. Les Cookies ne recueillent pas de renseignements pouvant vous identifier, mais plut\u00f4t des renseignements g\u00e9n\u00e9raux, notamment en termes de mesure d\u2019audience. Vous pouvez refuser les Cookies en modifiant les param\u00e8tres d\u2019acceptation de votre navigateur internet.<\/p>\n<h3>Description des renseignements personnels recueillis<\/h3>\n<p>Nous recueillons les renseignements personnels qui sont n\u00e9cessaires aux soins m\u00e9dicaux et chirurgicaux que nous fournissons dans le cadre de nos op\u00e9rations, tels que les suivants\u00a0:<\/p>\n<ol class=\"numbered\">\n<li>Vos coordonn\u00e9es personnelles, telles que votre nom, adresse, courriel et num\u00e9ro de t\u00e9l\u00e9phone, lors de rencontre ou lorsque vous naviguez sur notre site Internet ou compl\u00e9tez des formulaires ou demandes en ligne;<\/li>\n<li>Copie de votre carte d\u2019assurance-maladie et\/ou autre carte d\u2019identit\u00e9;<\/li>\n<li>Des renseignements que vous nous communiquez par t\u00e9l\u00e9phone, courriel ou autres moyens \u00e9lectroniques, ou par \u00e9crit ou tout autre renseignement transmit dans le cadre de conversation ou rencontres.<\/li>\n<\/ol>\n<h3>Utilisation des renseignements personnels<\/h3>\n<p>De fa\u00e7on g\u00e9n\u00e9rale, nous utilisons vos renseignements personnels aux fins suivantes:<\/p>\n<ol class=\"numbered\">\n<li>Vous fournir des services m\u00e9dicaux et chirurgicaux;<\/li>\n<li>Veiller au respect de nos obligations d\u00e9ontologiques et r\u00e9glementaires;<\/li>\n<li>Veiller \u00e0 la bonne conduite de nos op\u00e9rations, incluant la gestion de nos dossiers;<\/li>\n<li>Toute autre fin qui est autoris\u00e9e par la loi ou \u00e0 laquelle vous consentez.<\/li>\n<\/ol>\n<h3>Communication de vos renseignements personnels<\/h3>\n<p>Vos renseignements personnels sont uniquement accessibles aux professionnels qui vous prodiguent des services m\u00e9dicaux et chirurgicaux ou administrent ces derniers dans le respect de la loi et des obligations l\u00e9gales et d\u00e9ontologiques.<\/p>\n<p>Il se peut \u00e9galement que nous devions faire appel \u00e0 des fournisseurs de services mandat\u00e9s pour g\u00e9rer certains aspects de nos activit\u00e9s, notamment les fournisseurs de services technologiques et informatiques et d\u2019h\u00e9bergement infonuagique. Ces tiers mandat\u00e9s sont tenus aux m\u00eames obligations de confidentialit\u00e9 afin de prot\u00e9ger ad\u00e9quatement vos renseignements personnels conform\u00e9ment \u00e0 la pr\u00e9sente Politique.<\/p>\n<h3>Lieu de conservation des renseignements personnels<\/h3>\n<p>Les renseignements personnels recueillis par <strong>PERRY GDALEVITCH MD INC.<\/strong> sont conserv\u00e9s de mani\u00e8re confidentielle conform\u00e9ment \u00e0 la l\u00e9gislation applicable.<\/p>\n<h3>Dur\u00e9e de conservation des renseignements personnels<\/h3>\n<p>Nous conservons vos renseignements personnels seulement pour la dur\u00e9e n\u00e9cessaire aux fins pr\u00e9vues dans la pr\u00e9sente Politique et pour nous conformer \u00e0 nos obligations d\u00e9ontologiques et r\u00e8glementaires. Apr\u00e8s les d\u00e9lais impartis, vos renseignements personnels seront d\u00e9truits de fa\u00e7on s\u00e9curitaire.<\/p>\n<h3>Vos droits<\/h3>\n<ol class=\"numbered\">\n<li>Vous avez le droit d\u2019acc\u00e9der et faire rectifier vos renseignements personnels;<\/li>\n<li>Vous avez le droit de retirer votre consentement \u00e0 la communication ou \u00e0 l\u2019utilisation de vos renseignements personnels; et<\/li>\n<li>Le cas \u00e9ch\u00e9ant, vous devez transmettre votre demande d\u2019acc\u00e8s \u00e0 vos renseignements personnels par \u00e9crit \u00e0 <strong>PERRY GDALEVITCH MD INC.<\/strong>., avec copie \u00e0 l\u2019adresse courriel suivante\u00a0: <a href=\"mailto:chirurgie@phisurgery.ca\">chirurgie@phisurgery.ca<\/a> La demande sera habituellement trait\u00e9e dans les trente (30) jours suivant sa r\u00e9ception, \u00e0 moins d\u2019un avis \u00e9crit de notre part, pr\u00e9cisant qu\u2019un d\u00e9lai additionnel soit requis.<\/li>\n<\/ol>\n<h3>Informations suppl\u00e9mentaires<\/h3>\n<p>Si vous souhaitez en savoir plus sur la protection de vos renseignements personnels ou souhaitez exercer vos droits, veuillez communiquer <strong>PERRY GDALEVITCH MD INC.<\/strong> notre responsable de la protection des renseignements personnels (Art. 3.1 de la Loi), \u00e0 l\u2019adresse courriel suivante: <a href=\"mailto:chirurgie@phisurgery.ca\">chirurgie@phisurgery.ca<\/a><\/p>\n<h3>Mise \u00e0 jour de la Politique<\/h3>\n<p>La pr\u00e9sente Politique est \u00e0 jour \u00e0 la date de \u00ab\u00a0mise \u00e0 jour\u00a0\u00bb qui appara\u00eet en bas de cette page.<\/p>\n<p>La date de derni\u00e8re mise \u00e0 jour de la Politique est le 22 septembre 2023.[\/vc_column_text][\/vc_column][\/vc_row]<\/p>\n","protected":false},"excerpt":{"rendered":"<p>[vc_row css_animation=\u00a0\u00bb\u00a0\u00bb row_type=\u00a0\u00bbrow\u00a0\u00bb use_row_as_full_screen_section=\u00a0\u00bbno\u00a0\u00bb type=\u00a0\u00bbgrid\u00a0\u00bb angled_section=\u00a0\u00bbno\u00a0\u00bb text_align=\u00a0\u00bbleft\u00a0\u00bb background_image_as_pattern=\u00a0\u00bbwithout_pattern\u00a0\u00bb z_index=\u00a0\u00bb\u00a0\u00bb][vc_column][vc_column_text] POLITIQUE DE CONFIDENTIALIT\u00c9 DE PERRY GDALEVITCH MD INC. La pr\u00e9sente politique de confidentialit\u00e9 (ci-apr\u00e8s d\u00e9sign\u00e9e la \u00ab Politique \u00bb) s\u2019inscrit dans le cadre de la Loi sur la protection des renseignements personnels dans le secteur priv\u00e9&#8230;<\/p>\n","protected":false},"author":1,"featured_media":0,"parent":0,"menu_order":0,"comment_status":"closed","ping_status":"closed","template":"full_width.php","meta":{"footnotes":""},"class_list":["post-9932","page","type-page","status-publish","hentry"],"yoast_head":"<!-- This site is optimized with the Yoast SEO plugin v26.2 - https:\/\/yoast.com\/wordpress\/plugins\/seo\/ -->\n<title>Politique de confidentialit\u00e9 | Chirurgie Plastique \u00e0 Montr\u00e9al<\/title>\n<meta name=\"description\" content=\"Politique de confidentialit\u00e9 | Chirurgie Plastique et Esth\u00e9tique \u00e0 Montr\u00e9al par la Dre Perry Gdalevitch, plasticienne\" \/>\n<meta name=\"robots\" content=\"index, follow, max-snippet:-1, max-image-preview:large, max-video-preview:-1\" \/>\n<link rel=\"canonical\" href=\"https:\/\/www.phisurgery.ca\/fr\/politique-de-confidentialite\/\" \/>\n<meta property=\"og:locale\" content=\"fr_FR\" \/>\n<meta property=\"og:type\" content=\"article\" \/>\n<meta property=\"og:title\" content=\"Politique de confidentialit\u00e9 | Chirurgie Plastique \u00e0 Montr\u00e9al\" \/>\n<meta property=\"og:description\" content=\"Politique de confidentialit\u00e9 | Chirurgie Plastique et Esth\u00e9tique \u00e0 Montr\u00e9al par la Dre Perry Gdalevitch, plasticienne\" \/>\n<meta property=\"og:url\" content=\"https:\/\/www.phisurgery.ca\/fr\/politique-de-confidentialite\/\" \/>\n<meta property=\"og:site_name\" content=\"Chirurgie Plastique Phi\" \/>\n<meta property=\"article:publisher\" content=\"https:\/\/www.facebook.com\/profile.php?id=100076054756282\" \/>\n<meta property=\"article:modified_time\" content=\"2024-01-18T15:33:12+00:00\" \/>\n<meta name=\"twitter:card\" content=\"summary_large_image\" \/>\n<meta name=\"twitter:label1\" content=\"Dur\u00e9e de lecture estim\u00e9e\" \/>\n\t<meta name=\"twitter:data1\" content=\"5 minutes\" \/>\n<script type=\"application\/ld+json\" class=\"yoast-schema-graph\">{\"@context\":\"https:\/\/schema.org\",\"@graph\":[{\"@type\":\"WebPage\",\"@id\":\"https:\/\/www.phisurgery.ca\/fr\/politique-de-confidentialite\/\",\"url\":\"https:\/\/www.phisurgery.ca\/fr\/politique-de-confidentialite\/\",\"name\":\"Politique de confidentialit\u00e9 | Chirurgie Plastique \u00e0 Montr\u00e9al\",\"isPartOf\":{\"@id\":\"https:\/\/www.phisurgery.ca\/fr\/#website\"},\"datePublished\":\"2024-01-18T14:42:08+00:00\",\"dateModified\":\"2024-01-18T15:33:12+00:00\",\"description\":\"Politique de confidentialit\u00e9 | Chirurgie Plastique et Esth\u00e9tique \u00e0 Montr\u00e9al par la Dre Perry Gdalevitch, plasticienne\",\"breadcrumb\":{\"@id\":\"https:\/\/www.phisurgery.ca\/fr\/politique-de-confidentialite\/#breadcrumb\"},\"inLanguage\":\"fr-FR\",\"potentialAction\":[{\"@type\":\"ReadAction\",\"target\":[\"https:\/\/www.phisurgery.ca\/fr\/politique-de-confidentialite\/\"]}]},{\"@type\":\"BreadcrumbList\",\"@id\":\"https:\/\/www.phisurgery.ca\/fr\/politique-de-confidentialite\/#breadcrumb\",\"itemListElement\":[{\"@type\":\"ListItem\",\"position\":1,\"name\":\"Home\",\"item\":\"https:\/\/www.phisurgery.ca\/fr\/\"},{\"@type\":\"ListItem\",\"position\":2,\"name\":\"Politique de confidentialit\u00e9\"}]},{\"@type\":\"WebSite\",\"@id\":\"https:\/\/www.phisurgery.ca\/fr\/#website\",\"url\":\"https:\/\/www.phisurgery.ca\/fr\/\",\"name\":\"PHI Plastic Surgery\",\"description\":\"\",\"publisher\":{\"@id\":\"https:\/\/www.phisurgery.ca\/fr\/#organization\"},\"potentialAction\":[{\"@type\":\"SearchAction\",\"target\":{\"@type\":\"EntryPoint\",\"urlTemplate\":\"https:\/\/www.phisurgery.ca\/fr\/?s={search_term_string}\"},\"query-input\":{\"@type\":\"PropertyValueSpecification\",\"valueRequired\":true,\"valueName\":\"search_term_string\"}}],\"inLanguage\":\"fr-FR\"},{\"@type\":\"Organization\",\"@id\":\"https:\/\/www.phisurgery.ca\/fr\/#organization\",\"name\":\"PHI Plastic Surgery\",\"url\":\"https:\/\/www.phisurgery.ca\/fr\/\",\"logo\":{\"@type\":\"ImageObject\",\"inLanguage\":\"fr-FR\",\"@id\":\"https:\/\/www.phisurgery.ca\/fr\/#\/schema\/logo\/image\/\",\"url\":\"https:\/\/phisurgery.ca\/wp-content\/uploads\/2022\/07\/phi-logo-letters.png\",\"contentUrl\":\"https:\/\/phisurgery.ca\/wp-content\/uploads\/2022\/07\/phi-logo-letters.png\",\"width\":240,\"height\":240,\"caption\":\"PHI Plastic Surgery\"},\"image\":{\"@id\":\"https:\/\/www.phisurgery.ca\/fr\/#\/schema\/logo\/image\/\"},\"sameAs\":[\"https:\/\/www.facebook.com\/profile.php?id=100076054756282\",\"https:\/\/www.instagram.com\/phisurgery\/\",\"https:\/\/www.linkedin.com\/company\/phisurgery\",\"https:\/\/www.ratemds.com\/doctor-ratings\/3508573\/Dr-Perry-Gdalevitch-Vancouver-BC.html\"]}]}<\/script>\n<!-- \/ Yoast SEO plugin. -->","yoast_head_json":{"title":"Politique de confidentialit\u00e9 | Chirurgie Plastique \u00e0 Montr\u00e9al","description":"Politique de confidentialit\u00e9 | Chirurgie Plastique et Esth\u00e9tique \u00e0 Montr\u00e9al par la Dre Perry Gdalevitch, plasticienne","robots":{"index":"index","follow":"follow","max-snippet":"max-snippet:-1","max-image-preview":"max-image-preview:large","max-video-preview":"max-video-preview:-1"},"canonical":"https:\/\/www.phisurgery.ca\/fr\/politique-de-confidentialite\/","og_locale":"fr_FR","og_type":"article","og_title":"Politique de confidentialit\u00e9 | Chirurgie Plastique \u00e0 Montr\u00e9al","og_description":"Politique de confidentialit\u00e9 | Chirurgie Plastique et Esth\u00e9tique \u00e0 Montr\u00e9al par la Dre Perry Gdalevitch, plasticienne","og_url":"https:\/\/www.phisurgery.ca\/fr\/politique-de-confidentialite\/","og_site_name":"Chirurgie Plastique Phi","article_publisher":"https:\/\/www.facebook.com\/profile.php?id=100076054756282","article_modified_time":"2024-01-18T15:33:12+00:00","twitter_card":"summary_large_image","twitter_misc":{"Dur\u00e9e de lecture estim\u00e9e":"5 minutes"},"schema":{"@context":"https:\/\/schema.org","@graph":[{"@type":"WebPage","@id":"https:\/\/www.phisurgery.ca\/fr\/politique-de-confidentialite\/","url":"https:\/\/www.phisurgery.ca\/fr\/politique-de-confidentialite\/","name":"Politique de confidentialit\u00e9 | Chirurgie Plastique \u00e0 Montr\u00e9al","isPartOf":{"@id":"https:\/\/www.phisurgery.ca\/fr\/#website"},"datePublished":"2024-01-18T14:42:08+00:00","dateModified":"2024-01-18T15:33:12+00:00","description":"Politique de confidentialit\u00e9 | Chirurgie Plastique et Esth\u00e9tique \u00e0 Montr\u00e9al par la Dre Perry Gdalevitch, plasticienne","breadcrumb":{"@id":"https:\/\/www.phisurgery.ca\/fr\/politique-de-confidentialite\/#breadcrumb"},"inLanguage":"fr-FR","potentialAction":[{"@type":"ReadAction","target":["https:\/\/www.phisurgery.ca\/fr\/politique-de-confidentialite\/"]}]},{"@type":"BreadcrumbList","@id":"https:\/\/www.phisurgery.ca\/fr\/politique-de-confidentialite\/#breadcrumb","itemListElement":[{"@type":"ListItem","position":1,"name":"Home","item":"https:\/\/www.phisurgery.ca\/fr\/"},{"@type":"ListItem","position":2,"name":"Politique de confidentialit\u00e9"}]},{"@type":"WebSite","@id":"https:\/\/www.phisurgery.ca\/fr\/#website","url":"https:\/\/www.phisurgery.ca\/fr\/","name":"PHI Plastic Surgery","description":"","publisher":{"@id":"https:\/\/www.phisurgery.ca\/fr\/#organization"},"potentialAction":[{"@type":"SearchAction","target":{"@type":"EntryPoint","urlTemplate":"https:\/\/www.phisurgery.ca\/fr\/?s={search_term_string}"},"query-input":{"@type":"PropertyValueSpecification","valueRequired":true,"valueName":"search_term_string"}}],"inLanguage":"fr-FR"},{"@type":"Organization","@id":"https:\/\/www.phisurgery.ca\/fr\/#organization","name":"PHI Plastic Surgery","url":"https:\/\/www.phisurgery.ca\/fr\/","logo":{"@type":"ImageObject","inLanguage":"fr-FR","@id":"https:\/\/www.phisurgery.ca\/fr\/#\/schema\/logo\/image\/","url":"https:\/\/phisurgery.ca\/wp-content\/uploads\/2022\/07\/phi-logo-letters.png","contentUrl":"https:\/\/phisurgery.ca\/wp-content\/uploads\/2022\/07\/phi-logo-letters.png","width":240,"height":240,"caption":"PHI Plastic Surgery"},"image":{"@id":"https:\/\/www.phisurgery.ca\/fr\/#\/schema\/logo\/image\/"},"sameAs":["https:\/\/www.facebook.com\/profile.php?id=100076054756282","https:\/\/www.instagram.com\/phisurgery\/","https:\/\/www.linkedin.com\/company\/phisurgery","https:\/\/www.ratemds.com\/doctor-ratings\/3508573\/Dr-Perry-Gdalevitch-Vancouver-BC.html"]}]}},"acf":[],"_links":{"self":[{"href":"https:\/\/www.phisurgery.ca\/fr\/wp-json\/wp\/v2\/pages\/9932","targetHints":{"allow":["GET"]}}],"collection":[{"href":"https:\/\/www.phisurgery.ca\/fr\/wp-json\/wp\/v2\/pages"}],"about":[{"href":"https:\/\/www.phisurgery.ca\/fr\/wp-json\/wp\/v2\/types\/page"}],"author":[{"embeddable":true,"href":"https:\/\/www.phisurgery.ca\/fr\/wp-json\/wp\/v2\/users\/1"}],"replies":[{"embeddable":true,"href":"https:\/\/www.phisurgery.ca\/fr\/wp-json\/wp\/v2\/comments?post=9932"}],"version-history":[{"count":6,"href":"https:\/\/www.phisurgery.ca\/fr\/wp-json\/wp\/v2\/pages\/9932\/revisions"}],"predecessor-version":[{"id":9938,"href":"https:\/\/www.phisurgery.ca\/fr\/wp-json\/wp\/v2\/pages\/9932\/revisions\/9938"}],"wp:attachment":[{"href":"https:\/\/www.phisurgery.ca\/fr\/wp-json\/wp\/v2\/media?parent=9932"}],"curies":[{"name":"wp","href":"https:\/\/api.w.org\/{rel}","templated":true}]}}